{"id":11803,"date":"2023-06-06T02:10:33","date_gmt":"2023-06-06T02:10:33","guid":{"rendered":"https:\/\/egytouregypt.com\/offer-page\/"},"modified":"2025-05-26T21:08:57","modified_gmt":"2025-05-26T21:08:57","slug":"offer-page","status":"publish","type":"page","link":"https:\/\/egytouregypt.com\/fr\/offer-page\/","title":{"rendered":"Page d&rsquo;offre"},"content":{"rendered":"\t\t<div data-elementor-type=\"wp-page\" data-elementor-id=\"11803\" class=\"elementor elementor-11803 elementor-7293\" data-elementor-post-type=\"page\">\n\t\t\t\t\t\t<section class=\"elementor-section elementor-top-section elementor-element elementor-element-7cb0c6e elementor-section-boxed elementor-section-height-default elementor-section-height-default wpr-particle-no wpr-jarallax-no wpr-parallax-no wpr-sticky-section-no\" data-id=\"7cb0c6e\" data-element_type=\"section\">\n\t\t\t\t\t\t<div class=\"elementor-container elementor-column-gap-default\">\n\t\t\t\t\t<div class=\"elementor-column elementor-col-100 elementor-top-column elementor-element elementor-element-448268e\" data-id=\"448268e\" data-element_type=\"column\">\n\t\t\t<div class=\"elementor-widget-wrap elementor-element-populated\">\n\t\t\t\t\t\t<div class=\"elementor-element elementor-element-f60e1b5 elementor-widget elementor-widget-ovabrw_product_filter_ajax\" data-id=\"f60e1b5\" data-element_type=\"widget\" data-settings=\"{&quot;pause_on_hover&quot;:&quot;yes&quot;,&quot;infinite&quot;:&quot;false&quot;,&quot;autoplay&quot;:&quot;false&quot;,&quot;nav_control&quot;:&quot;yes&quot;,&quot;dots_control&quot;:&quot;no&quot;}\" data-widget_type=\"ovabrw_product_filter_ajax.default\">\n\t\t\t\t<div class=\"elementor-widget-container\">\n\t\t\t\t\t\n<div class=\"ova-product-filter-ajax\"\n    data-show_on_sale=\"yes\"\n    data-args_show=\"{&quot;show_featured&quot;:&quot;yes&quot;,&quot;show_wishlist&quot;:&quot;yes&quot;,&quot;show_duration&quot;:&quot;yes&quot;,&quot;show_title&quot;:&quot;yes&quot;,&quot;show_location&quot;:&quot;yes&quot;,&quot;show_rating&quot;:&quot;yes&quot;,&quot;show_price&quot;:&quot;yes&quot;,&quot;show_button&quot;:&quot;yes&quot;}\"\n    data-posts_per_page=\"4\"\n    data-orderby=\"ID\"\n    data-order=\"ASC\"\n>\n\n    <ul class=\"product-filter-category\">\n\n                \t<li class=\"filter-title\">\n                Cat\u00e9gories populaires            <\/li>\n                \n        <li class=\"product-filter-button active-category\" data-slug=\"all\">\n            <span class=\"category\">tout<\/span>\n            <i aria-hidden=\"true\" class=\"icomoon icomoon-angle-right\"><\/i>\n        <\/li>\n        \n        \n            \n                \n                    <li class=\"product-filter-button\" data-slug=\"sea-excursion\">\n                        <span class=\"category\">Sea excursion<\/span>\n                        <i aria-hidden=\"true\" class=\"icomoon icomoon-angle-right\"><\/i>\n                    <\/li>\n\n                \n            \n                \n                    <li class=\"product-filter-button\" data-slug=\"safari-excursion\">\n                        <span class=\"category\">Safari excursion<\/span>\n                        <i aria-hidden=\"true\" class=\"icomoon icomoon-angle-right\"><\/i>\n                    <\/li>\n\n                \n            \n                \n                    <li class=\"product-filter-button\" data-slug=\"family-excursion\">\n                        <span class=\"category\">Family excursion<\/span>\n                        <i aria-hidden=\"true\" class=\"icomoon icomoon-angle-right\"><\/i>\n                    <\/li>\n\n                \n            \n                \n                    <li class=\"product-filter-button\" data-slug=\"historical-excursion\">\n                        <span class=\"category\">Historical excursion<\/span>\n                        <i aria-hidden=\"true\" class=\"icomoon icomoon-angle-right\"><\/i>\n                    <\/li>\n\n                \n            \n                \n            \n                \n            \n                \n            \n                \n            \n                \n            \n        \n    <\/ul>\n\n\n   \n    <div class=\"content-item slide-product owl-carousel owl-theme\" data-options=\"{&quot;items&quot;:1,&quot;slideBy&quot;:1,&quot;margin&quot;:0,&quot;autoplayTimeout&quot;:3000,&quot;smartSpeed&quot;:1000,&quot;autoplayHoverPause&quot;:true,&quot;loop&quot;:false,&quot;autoplay&quot;:false,&quot;nav&quot;:true,&quot;dots&quot;:false,&quot;rtl&quot;:false}\">\n        \n    <\/div>  \n\n<\/div>\t\t\t\t<\/div>\n\t\t\t\t<\/div>\n\t\t\t\t\t<\/div>\n\t\t<\/div>\n\t\t\t\t\t<\/div>\n\t\t<\/section>\n\t\t\t\t<section class=\"elementor-section elementor-top-section elementor-element elementor-element-0539191 elementor-section-boxed elementor-section-height-default elementor-section-height-default wpr-particle-no wpr-jarallax-no wpr-parallax-no wpr-sticky-section-no\" data-id=\"0539191\" data-element_type=\"section\">\n\t\t\t\t\t\t\t<div class=\"elementor-background-overlay\"><\/div>\n\t\t\t\t\t\t\t<div class=\"elementor-container elementor-column-gap-default\">\n\t\t\t\t\t<div class=\"elementor-column elementor-col-100 elementor-top-column elementor-element elementor-element-47227f6\" data-id=\"47227f6\" data-element_type=\"column\">\n\t\t\t<div class=\"elementor-widget-wrap\">\n\t\t\t\t\t\t\t<\/div>\n\t\t<\/div>\n\t\t\t\t\t<\/div>\n\t\t<\/section>\n\t\t\t\t<section class=\"elementor-section elementor-top-section elementor-element elementor-element-71998ff elementor-section-boxed elementor-section-height-default elementor-section-height-default wpr-particle-no wpr-jarallax-no wpr-parallax-no wpr-sticky-section-no\" data-id=\"71998ff\" data-element_type=\"section\">\n\t\t\t\t\t\t<div class=\"elementor-container elementor-column-gap-default\">\n\t\t\t\t\t<div class=\"elementor-column elementor-col-50 elementor-top-column elementor-element elementor-element-b9bd3fb\" data-id=\"b9bd3fb\" data-element_type=\"column\">\n\t\t\t<div class=\"elementor-widget-wrap elementor-element-populated\">\n\t\t\t\t\t\t<div class=\"elementor-element elementor-element-9dc9e3e elementor-widget elementor-widget-tripgo_elementor_special_offer_2\" data-id=\"9dc9e3e\" data-element_type=\"widget\" data-widget_type=\"tripgo_elementor_special_offer_2.default\">\n\t\t\t\t<div class=\"elementor-widget-container\">\n\t\t\t\t\t\t\t<div class=\"ova-special-offer-2\">\n\t\t\t\n\t\t\t<div class=\"background-image\" style=\"background-image: url('https:\/\/egytouregypt.com\/wp-content\/uploads\/2023\/06\/Special_Offter_1.jpg');\"><\/div>\n\n\t\t\t<div class=\"content\">\n\n\t\t\t\t\n\t\t\t\t\t<h5 class=\"subtitle\">-10% OFF<\/h5>\n\n\t\t\t\t\n\t\t\t\t\n\t\t\t\t\t\n\t\t\t\t\t\t<h3 class=\"title\">\n\t\t\t\t\t\t\t<a href=\"https:\/\/egytouregypt.com\/contact-2\/\"  >\n\t\t\t\t\t\t\t\tOffre sp\u00e9ciale de cette semaine\t\t\t\t\t\t\t<\/a>\n\t\t\t\t\t\t<\/h3>\n\n\t\t\t\t\t\t\t\t\t\t\n\t\t\t\t\n\t\t\t\t\n\t\t\t\t\t<p class=\"desc\">Utilisez le code promo SUMMER10 \u00e0 la caisse pour profiter de 10% de rabais sur votre prochaine aventure en \u00c9gypte.<\/p>\n\n\t\t\t\t\n\t\t\t\t\n\t\t\t\t\t<a href=\"https:\/\/egytouregypt.com\/contact-2\/\" class=\"link\"  >\n\t\t\t\t\t\tR\u00e9servez maintenant\t\t\t\t\t<\/a>\n\n\t\t\t\t\n\t\t\t<\/div>\n\t\t<\/div>\n\t\t\t\t\t\t<\/div>\n\t\t\t\t<\/div>\n\t\t\t\t\t<\/div>\n\t\t<\/div>\n\t\t\t\t<div class=\"elementor-column elementor-col-50 elementor-top-column elementor-element elementor-element-69b1e31\" data-id=\"69b1e31\" data-element_type=\"column\">\n\t\t\t<div class=\"elementor-widget-wrap elementor-element-populated\">\n\t\t\t\t\t\t<div class=\"elementor-element elementor-element-180a799 elementor-widget elementor-widget-tripgo_elementor_special_offer_2\" data-id=\"180a799\" data-element_type=\"widget\" data-widget_type=\"tripgo_elementor_special_offer_2.default\">\n\t\t\t\t<div class=\"elementor-widget-container\">\n\t\t\t\t\t\t\t<div class=\"ova-special-offer-2\">\n\t\t\t\n\t\t\t<div class=\"background-image\" style=\"background-image: url('https:\/\/egytouregypt.com\/wp-content\/uploads\/2023\/06\/Special_Offter_2.jpg');\"><\/div>\n\n\t\t\t<div class=\"content\">\n\n\t\t\t\t\n\t\t\t\t\t<h5 class=\"subtitle\">-10% OFF<\/h5>\n\n\t\t\t\t\n\t\t\t\t\n\t\t\t\t\t\n\t\t\t\t\t\t<h3 class=\"title\">\n\t\t\t\t\t\t\t<a href=\"https:\/\/egytouregypt.com\/contact-2\/\"  >\n\t\t\t\t\t\t\t\tOffre sp\u00e9ciale de cette semaine\t\t\t\t\t\t\t<\/a>\n\t\t\t\t\t\t<\/h3>\n\n\t\t\t\t\t\t\t\t\t\t\n\t\t\t\t\n\t\t\t\t\n\t\t\t\t\t<p class=\"desc\">SOLDES D\u2019\u00c9T\u00c9 - 10\u00a0% DE RABAIS SUR TOUTES LES EXCURSIONS\n\n<\/p>\n\n\t\t\t\t\n\t\t\t\t\n\t\t\t\t\t<a href=\"https:\/\/egytouregypt.com\/contact-2\/\" class=\"link\"  >\n\t\t\t\t\t\tR\u00e9servez maintenant\t\t\t\t\t<\/a>\n\n\t\t\t\t\n\t\t\t<\/div>\n\t\t<\/div>\n\t\t\t\t\t\t<\/div>\n\t\t\t\t<\/div>\n\t\t\t\t\t<\/div>\n\t\t<\/div>\n\t\t\t\t\t<\/div>\n\t\t<\/section>\n\t\t\t\t<section class=\"elementor-section elementor-top-section elementor-element elementor-element-648c70c elementor-hidden-desktop elementor-hidden-tablet elementor-hidden-mobile elementor-section-boxed elementor-section-height-default elementor-section-height-default wpr-particle-no wpr-jarallax-no wpr-parallax-no wpr-sticky-section-no\" data-id=\"648c70c\" data-element_type=\"section\">\n\t\t\t\t\t\t<div class=\"elementor-container elementor-column-gap-default\">\n\t\t\t\t\t<div class=\"elementor-column elementor-col-100 elementor-top-column elementor-element elementor-element-7963ce6\" data-id=\"7963ce6\" data-element_type=\"column\">\n\t\t\t<div class=\"elementor-widget-wrap elementor-element-populated\">\n\t\t\t\t\t\t<div class=\"elementor-element elementor-element-7c0de73 elementor-widget elementor-widget-tripgo_elementor_blog_grid\" data-id=\"7c0de73\" data-element_type=\"widget\" data-widget_type=\"tripgo_elementor_blog_grid.default\">\n\t\t\t\t<div class=\"elementor-widget-container\">\n\t\t\t\t\t\t\t\n\t\t<ul class=\"ova-blog  template4\">\n\t\t\t\t\t<\/ul>\n\t\t\n\t\t\n\t\t\t\t\t\t<\/div>\n\t\t\t\t<\/div>\n\t\t\t\t\t<\/div>\n\t\t<\/div>\n\t\t\t\t\t<\/div>\n\t\t<\/section>\n\t\t\t\t<\/div>\n\t\t","protected":false},"excerpt":{"rendered":"<p>Cat\u00e9gories populaires tout -10% OFF Offre sp\u00e9ciale de cette semaine Utilisez le code promo SUMMER10 \u00e0 la caisse pour profiter de 10% de rabais sur votre prochaine aventure en \u00c9gypte. R\u00e9servez maintenant -10% OFF Offre sp\u00e9ciale de cette semaine SOLDES D\u2019\u00c9T\u00c9 &#8211; 10\u00a0% DE RABAIS SUR TOUTES LES EXCURSIONS R\u00e9servez maintenant<\/p>\n","protected":false},"author":5,"featured_media":0,"parent":0,"menu_order":0,"comment_status":"closed","ping_status":"closed","template":"elementor_header_footer","meta":{"_monsterinsights_skip_tracking":false,"_monsterinsights_sitenote_active":false,"_monsterinsights_sitenote_note":"","_monsterinsights_sitenote_category":0,"footnotes":""},"class_list":["post-11803","page","type-page","status-publish","hentry"],"_links":{"self":[{"href":"https:\/\/egytouregypt.com\/fr\/wp-json\/wp\/v2\/pages\/11803","targetHints":{"allow":["GET"]}}],"collection":[{"href":"https:\/\/egytouregypt.com\/fr\/wp-json\/wp\/v2\/pages"}],"about":[{"href":"https:\/\/egytouregypt.com\/fr\/wp-json\/wp\/v2\/types\/page"}],"author":[{"embeddable":true,"href":"https:\/\/egytouregypt.com\/fr\/wp-json\/wp\/v2\/users\/5"}],"replies":[{"embeddable":true,"href":"https:\/\/egytouregypt.com\/fr\/wp-json\/wp\/v2\/comments?post=11803"}],"version-history":[{"count":5,"href":"https:\/\/egytouregypt.com\/fr\/wp-json\/wp\/v2\/pages\/11803\/revisions"}],"predecessor-version":[{"id":12041,"href":"https:\/\/egytouregypt.com\/fr\/wp-json\/wp\/v2\/pages\/11803\/revisions\/12041"}],"wp:attachment":[{"href":"https:\/\/egytouregypt.com\/fr\/wp-json\/wp\/v2\/media?parent=11803"}],"curies":[{"name":"wp","href":"https:\/\/api.w.org\/{rel}","templated":true}]}}