{"id":12268,"date":"2025-05-28T13:12:59","date_gmt":"2025-05-28T13:12:59","guid":{"rendered":"https:\/\/egytouregypt.com\/?post_type=product&#038;p=12268"},"modified":"2025-05-28T15:17:57","modified_gmt":"2025-05-28T15:17:57","slug":"semi-sous-marin-seascope","status":"publish","type":"product","link":"https:\/\/egytouregypt.com\/fr\/produit\/semi-sous-marin-seascope\/","title":{"rendered":"Semi-sous-marin Seascope"},"content":{"rendered":"<h2><strong>Pr\u00e9sentation<\/strong><\/h2>\n<p>Semi-sous-marin Seascope<br \/>\nCommencez votre aventure par une prise en charge \u00e0 votre h\u00f4tel en v\u00e9hicule climatis\u00e9 jusqu&rsquo;\u00e0 la marina d&rsquo;Hurghada. Profitez d&rsquo;une balade pittoresque en semi-sous-marin, offrant des vues panoramiques sur les r\u00e9cifs coralliens et la vie marine fascinante. Apr\u00e8s la balade, poursuivez votre voyage par une visite guid\u00e9e des sites religieux les plus embl\u00e9matiques d&rsquo;Hurghada. Visitez la magnifique \u00e9glise copte, o\u00f9 vous pourrez admirer son architecture et en apprendre davantage sur la communaut\u00e9 chr\u00e9tienne d&rsquo;\u00c9gypte. Ensuite, visitez la majestueuse mosqu\u00e9e Al Mina, un exemple remarquable d&rsquo;architecture islamique, et impr\u00e9gnez-vous de son atmosph\u00e8re paisible.<\/p>\n<p>Apr\u00e8s la visite, vous serez confortablement reconduit \u00e0 votre h\u00f4tel, avec une compr\u00e9hension approfondie de la diversit\u00e9 culturelle et religieuse d&rsquo;Hurghada.<\/p>\n<h3><strong>Points forts\u00a0:<\/strong><br \/>\nSemi-sous-marin<\/h3>\n<p>Prise en charge et retour \u00e0 l\u2019h\u00f4tel en v\u00e9hicule climatis\u00e9<br \/>\nPromenade pittoresque en semi-sous-marin avec vues panoramiques sous-marines<br \/>\nExploration des r\u00e9cifs coralliens et de la vie marine<br \/>\nVisite de la magnifique \u00e9glise copte d\u2019Hurghada<br \/>\nD\u00e9couvrez la magnifique mosqu\u00e9e Al Mina et son architecture islamique<br \/>\nD\u00e9couvrez la diversit\u00e9 culturelle et religieuse d\u2019Hurghada<\/p>\n<h2><strong>Que faut-il emporter\u00a0?<\/strong><\/h2>\n<p>Mat\u00e9riel photo et vid\u00e9o<br \/>\nCasquette ou foulard<br \/>\nLunettes de soleil<br \/>\nCr\u00e8me solaire<br \/>\nServiette<br \/>\nMaillot de bain<\/p>\n<h3><strong>Dur\u00e9e<\/strong><br \/>\nPremier trajet\u00a0:<\/h3>\n<p>Prise en charge\u00a0: vers 8\u00a0h (selon l\u2019emplacement de votre h\u00f4tel \u00e0 Hurghada).<\/p>\n<p>Deuxi\u00e8me trajet\u00a0:<\/p>\n<p>Prise en charge\u00a0: vers 10\u00a0h (selon l\u2019emplacement de votre h\u00f4tel \u00e0 Hurghada)<\/p>\n<p>Troisi\u00e8me trajet\u00a0:<\/p>\n<p>Prise en charge\u00a0: vers 12\u00a0h (selon l\u2019emplacement de votre h\u00f4tel \u00e0 Hurghada).<\/p>\n<p>Quatri\u00e8me voyage\u00a0:<\/p>\n<p>Prise en charge\u00a0: Vers 14\u00a0h (selon l&#8217;emplacement de votre h\u00f4tel \u00e0 Hurghada)<\/p>\n<p>Veuillez choisir votre heure de prise en charge et nous l&rsquo;indiquer dans les notes de r\u00e9servation.<\/p>\n<p>Pour toute question, contactez-nous\u00a0:<img decoding=\"async\" class=\"alignnone\" src=\"https:\/\/alivoyage.com\/wp-content\/uploads\/2024\/03\/whatsapp-svgrepo-com.svg\" alt=\"https:\/\/wa.me\/+201550089891\" width=\"76\" height=\"76\" \/><\/p>\n","protected":false},"excerpt":{"rendered":"<p>Pr\u00e9sentation Semi-sous-marin Seascope Commencez votre aventure par une prise en charge \u00e0 votre h\u00f4tel en v\u00e9hicule climatis\u00e9 jusqu&rsquo;\u00e0 la marina d&rsquo;Hurghada. Profitez d&rsquo;une balade pittoresque en semi-sous-marin, offrant des vues panoramiques sur les r\u00e9cifs coralliens et la vie marine fascinante. Apr\u00e8s la balade, poursuivez votre voyage par une visite guid\u00e9e des sites religieux les plus embl\u00e9matiques d&rsquo;Hurghada. Visitez la magnifique \u00e9glise copte, o\u00f9 vous pourrez admirer son architecture et en apprendre davantage sur la communaut\u00e9 chr\u00e9tienne d&rsquo;\u00c9gypte. Ensuite, visitez la majestueuse mosqu\u00e9e Al Mina, un exemple remarquable d&rsquo;architecture islamique, et impr\u00e9gnez-vous de son atmosph\u00e8re paisible. Apr\u00e8s la visite, vous serez confortablement reconduit \u00e0 votre h\u00f4tel, avec une compr\u00e9hension approfondie de la diversit\u00e9 culturelle et religieuse d&rsquo;Hurghada. Points forts\u00a0: Semi-sous-marin Prise en charge et retour \u00e0 l\u2019h\u00f4tel en v\u00e9hicule climatis\u00e9 Promenade pittoresque en semi-sous-marin avec vues panoramiques sous-marines Exploration des r\u00e9cifs coralliens et de la vie marine Visite de la magnifique \u00e9glise copte d\u2019Hurghada D\u00e9couvrez la magnifique mosqu\u00e9e Al Mina et son architecture islamique D\u00e9couvrez la diversit\u00e9 culturelle et religieuse d\u2019Hurghada Que faut-il emporter\u00a0? Mat\u00e9riel photo et vid\u00e9o Casquette ou foulard Lunettes de soleil Cr\u00e8me solaire Serviette Maillot de bain Dur\u00e9e Premier trajet\u00a0: Prise en charge\u00a0: vers 8\u00a0h (selon l\u2019emplacement de votre h\u00f4tel \u00e0 Hurghada). Deuxi\u00e8me trajet\u00a0: Prise en charge\u00a0: vers 10\u00a0h (selon l\u2019emplacement de votre h\u00f4tel \u00e0 Hurghada) Troisi\u00e8me trajet\u00a0: Prise en charge\u00a0: vers 12\u00a0h (selon l\u2019emplacement de votre h\u00f4tel \u00e0 Hurghada). Quatri\u00e8me voyage\u00a0: Prise en charge\u00a0: Vers 14\u00a0h (selon l&#8217;emplacement de votre h\u00f4tel \u00e0 Hurghada) Veuillez choisir votre heure de prise en charge et nous l&rsquo;indiquer dans les notes de r\u00e9servation. Pour toute question, contactez-nous\u00a0:<\/p>\n","protected":false},"featured_media":12269,"comment_status":"open","ping_status":"closed","template":"","meta":{"_monsterinsights_skip_tracking":false,"_monsterinsights_sitenote_active":false,"_monsterinsights_sitenote_note":"","_monsterinsights_sitenote_category":0},"product_brand":[],"product_cat":[94,95],"product_tag":[],"class_list":{"0":"post-12268","1":"product","2":"type-product","3":"status-publish","4":"has-post-thumbnail","6":"product_cat-excursions-en-mer","7":"product_cat-voyages-en-famille","9":"first","10":"instock","11":"shipping-taxable","12":"purchasable","13":"product-type-ovabrw_car_rental"},"_links":{"self":[{"href":"https:\/\/egytouregypt.com\/fr\/wp-json\/wp\/v2\/product\/12268","targetHints":{"allow":["GET"]}}],"collection":[{"href":"https:\/\/egytouregypt.com\/fr\/wp-json\/wp\/v2\/product"}],"about":[{"href":"https:\/\/egytouregypt.com\/fr\/wp-json\/wp\/v2\/types\/product"}],"replies":[{"embeddable":true,"href":"https:\/\/egytouregypt.com\/fr\/wp-json\/wp\/v2\/comments?post=12268"}],"wp:featuredmedia":[{"embeddable":true,"href":"https:\/\/egytouregypt.com\/fr\/wp-json\/wp\/v2\/media\/12269"}],"wp:attachment":[{"href":"https:\/\/egytouregypt.com\/fr\/wp-json\/wp\/v2\/media?parent=12268"}],"wp:term":[{"taxonomy":"product_brand","embeddable":true,"href":"https:\/\/egytouregypt.com\/fr\/wp-json\/wp\/v2\/product_brand?post=12268"},{"taxonomy":"product_cat","embeddable":true,"href":"https:\/\/egytouregypt.com\/fr\/wp-json\/wp\/v2\/product_cat?post=12268"},{"taxonomy":"product_tag","embeddable":true,"href":"https:\/\/egytouregypt.com\/fr\/wp-json\/wp\/v2\/product_tag?post=12268"}],"curies":[{"name":"wp","href":"https:\/\/api.w.org\/{rel}","templated":true}]}}