{"id":12295,"date":"2025-05-28T13:15:25","date_gmt":"2025-05-28T13:15:25","guid":{"rendered":"https:\/\/egytouregypt.com\/?post_type=product&#038;p=12295"},"modified":"2025-05-28T21:58:59","modified_gmt":"2025-05-28T21:58:59","slug":"orange-bay","status":"publish","type":"product","link":"https:\/\/egytouregypt.com\/fr\/produit\/orange-bay\/","title":{"rendered":"Orange Bay"},"content":{"rendered":"<h3><strong>Aper\u00e7u<\/strong><\/h3>\n<p>Excursion en mer \u00e0 Orange Bay depuis Hurghada<br \/>\nCommencez par une prise en charge \u00e0 votre h\u00f4tel et un transfert vers le port. Navigation de 45 minutes, puis profitez d&rsquo;une heure de snorkeling dans les eaux cristallines de la mer Rouge. Continuez vers Orange Bay pour vous d\u00e9tendre sur la plage de sable dor\u00e9 et profiter des commodit\u00e9s. Ensuite, cap vers un autre site de snorkeling pour explorer les r\u00e9cifs coralliens luxuriants. L&rsquo;excursion comprend le d\u00e9jeuner, des boissons sans alcool et une balade en bateau banane. Retour au port et transfert vers votre h\u00f4tel.<\/p>\n<h3>Points forts\u00a0:<\/h3>\n<p>Plong\u00e9e avec tuba dans les eaux cristallines d&rsquo;Orange Bay<br \/>\nSavourez un d\u00e9licieux d\u00e9jeuner buffet \u00e0 bord<br \/>\nD\u00e9tendez-vous gr\u00e2ce \u00e0 un service de transfert aller-retour porte-\u00e0-porte<br \/>\nExcursion d&rsquo;une journ\u00e9e sans soucis vers l&rsquo;\u00eele d&rsquo;Orange Bay depuis Hurghada<br \/>\nProfitez du trajet aller-retour en bateau, des arr\u00eats snorkeling, de la plage, des r\u00e9cifs et des commodit\u00e9s.<\/p>\n<h3>\u00c0 emporter\u00a0:<\/h3>\n<p>Serviette de bain<br \/>\nLunettes de soleil<br \/>\nCr\u00e8me solaire<br \/>\nMaillot de bain<br \/>\nMaillot de bain<br \/>\nMaillot photo\/vid\u00e9o<\/p>\n<h3>Dur\u00e9e<\/h3>\n<p>Prise en charge\u00a0: Vers 8\u00a0h (selon l\u2019emplacement de votre h\u00f4tel \u00e0 Hurghada).<\/p>\n<p>Pour toute question, contactez-nous\u00a0:<\/p>\n<p>Pour toute question, contactez-nous\u00a0:<img decoding=\"async\" class=\"alignnone\" src=\"https:\/\/alivoyage.com\/wp-content\/uploads\/2024\/03\/whatsapp-svgrepo-com.svg\" alt=\"https:\/\/wa.me\/+201550089891\" width=\"76\" height=\"76\" \/><\/p>\n","protected":false},"excerpt":{"rendered":"<p>Aper\u00e7u Excursion en mer \u00e0 Orange Bay depuis Hurghada Commencez par une prise en charge \u00e0 votre h\u00f4tel et un transfert vers le port. Navigation de 45 minutes, puis profitez d&rsquo;une heure de snorkeling dans les eaux cristallines de la mer Rouge. Continuez vers Orange Bay pour vous d\u00e9tendre sur la plage de sable dor\u00e9 et profiter des commodit\u00e9s. Ensuite, cap vers un autre site de snorkeling pour explorer les r\u00e9cifs coralliens luxuriants. L&rsquo;excursion comprend le d\u00e9jeuner, des boissons sans alcool et une balade en bateau banane. Retour au port et transfert vers votre h\u00f4tel. Points forts\u00a0: Plong\u00e9e avec tuba dans les eaux cristallines d&rsquo;Orange Bay Savourez un d\u00e9licieux d\u00e9jeuner buffet \u00e0 bord D\u00e9tendez-vous gr\u00e2ce \u00e0 un service de transfert aller-retour porte-\u00e0-porte Excursion d&rsquo;une journ\u00e9e sans soucis vers l&rsquo;\u00eele d&rsquo;Orange Bay depuis Hurghada Profitez du trajet aller-retour en bateau, des arr\u00eats snorkeling, de la plage, des r\u00e9cifs et des commodit\u00e9s. \u00c0 emporter\u00a0: Serviette de bain Lunettes de soleil Cr\u00e8me solaire Maillot de bain Maillot de bain Maillot photo\/vid\u00e9o Dur\u00e9e Prise en charge\u00a0: Vers 8\u00a0h (selon l\u2019emplacement de votre h\u00f4tel \u00e0 Hurghada). Pour toute question, contactez-nous\u00a0: Pour toute question, contactez-nous\u00a0:<\/p>\n","protected":false},"featured_media":12296,"comment_status":"open","ping_status":"closed","template":"","meta":{"_monsterinsights_skip_tracking":false,"_monsterinsights_sitenote_active":false,"_monsterinsights_sitenote_note":"","_monsterinsights_sitenote_category":0},"product_brand":[],"product_cat":[94],"product_tag":[],"class_list":{"0":"post-12295","1":"product","2":"type-product","3":"status-publish","4":"has-post-thumbnail","6":"product_cat-excursions-en-mer","8":"first","9":"instock","10":"shipping-taxable","11":"purchasable","12":"product-type-ovabrw_car_rental"},"_links":{"self":[{"href":"https:\/\/egytouregypt.com\/fr\/wp-json\/wp\/v2\/product\/12295","targetHints":{"allow":["GET"]}}],"collection":[{"href":"https:\/\/egytouregypt.com\/fr\/wp-json\/wp\/v2\/product"}],"about":[{"href":"https:\/\/egytouregypt.com\/fr\/wp-json\/wp\/v2\/types\/product"}],"replies":[{"embeddable":true,"href":"https:\/\/egytouregypt.com\/fr\/wp-json\/wp\/v2\/comments?post=12295"}],"wp:featuredmedia":[{"embeddable":true,"href":"https:\/\/egytouregypt.com\/fr\/wp-json\/wp\/v2\/media\/12296"}],"wp:attachment":[{"href":"https:\/\/egytouregypt.com\/fr\/wp-json\/wp\/v2\/media?parent=12295"}],"wp:term":[{"taxonomy":"product_brand","embeddable":true,"href":"https:\/\/egytouregypt.com\/fr\/wp-json\/wp\/v2\/product_brand?post=12295"},{"taxonomy":"product_cat","embeddable":true,"href":"https:\/\/egytouregypt.com\/fr\/wp-json\/wp\/v2\/product_cat?post=12295"},{"taxonomy":"product_tag","embeddable":true,"href":"https:\/\/egytouregypt.com\/fr\/wp-json\/wp\/v2\/product_tag?post=12295"}],"curies":[{"name":"wp","href":"https:\/\/api.w.org\/{rel}","templated":true}]}}