{"id":12328,"date":"2025-05-28T13:25:31","date_gmt":"2025-05-28T13:25:31","guid":{"rendered":"https:\/\/egytouregypt.com\/?post_type=product&#038;p=12328"},"modified":"2025-05-28T13:38:08","modified_gmt":"2025-05-28T13:38:08","slug":"excursion-dune-journee-complete-en-bateau-avec-plongee-sous-marine-et-dejeuner","status":"publish","type":"product","link":"https:\/\/egytouregypt.com\/fr\/produit\/excursion-dune-journee-complete-en-bateau-avec-plongee-sous-marine-et-dejeuner\/","title":{"rendered":"Excursion d&rsquo;une journ\u00e9e compl\u00e8te en bateau avec plong\u00e9e sous-marine et d\u00e9jeuner"},"content":{"rendered":"<h3><strong>Aper\u00e7u<\/strong><\/h3>\n<p>Plong\u00e9e. T\u00f4t le matin, vous serez pris en charge \u00e0 votre h\u00f4tel \u00e0 Hurghada pour une excursion de plong\u00e9e palpitante. Un bateau vous attendra pour vous emmener vers les sites de plong\u00e9e \u00e0 proximit\u00e9. Pendant votre plong\u00e9e, vous pourrez vous d\u00e9tendre et discuter avec d&rsquo;autres passionn\u00e9s de plong\u00e9e.<\/p>\n<p>D\u00e9couvrez les fonds marins de la mer Rouge en plongeant \u00e0 Hurghada. Choisissez une plong\u00e9e en fonction de votre exp\u00e9rience, sous la supervision constante d&rsquo;un instructeur.<\/p>\n<p>Nos instructeurs certifi\u00e9s vous aideront \u00e0 vous pr\u00e9parer \u00e0 la plong\u00e9e sous-marine et assureront votre s\u00e9curit\u00e9. De plus, les accompagnateurs non plongeurs sont les bienvenus \u00e0 bord pour profiter d&rsquo;une agr\u00e9able journ\u00e9e sur le yacht\u00a0; d\u00e9jeuner et boissons sont servis.<\/p>\n<p>Des instructeurs de plong\u00e9e exp\u00e9riment\u00e9s vous guideront et vous indiqueront les sites de plong\u00e9e avant chaque plong\u00e9e. Le d\u00e9jeuner sera servi \u00e0 bord pendant l&rsquo;excursion. Apr\u00e8s avoir plong\u00e9 sur deux sites diff\u00e9rents, vous retournerez au port d&rsquo;Hurghada et serez d\u00e9pos\u00e9 \u00e0 votre h\u00f4tel.<\/p>\n<p>Vous pouvez \u00e9galement profiter de cette excursion de snorkeling sans plong\u00e9e sous-marine.<\/p>\n<p>Dur\u00e9e du trajet\u00a0: environ 8\u00a0heures.<\/p>\n<h3>\u00c0 emporter\u00a0:<\/h3>\n<p>Serviette de bain<br \/>\nLunettes de soleil<br \/>\nCr\u00e8me solaire<br \/>\nMaillot de bain<br \/>\nMaillot de bain<br \/>\nMaillot photo\/vid\u00e9o<\/p>\n<h3>Dur\u00e9e<\/h3>\n<p>Prise en charge : vers 08h00 (selon l&#8217;emplacement de votre h\u00f4tel \u00e0 Hurghada).<\/p>\n<p>Pour toute question, contactez-nous\u00a0:<\/p>\n<p>Pour toute question, contactez-nous\u00a0:<img decoding=\"async\" class=\"alignnone\" src=\"https:\/\/alivoyage.com\/wp-content\/uploads\/2024\/03\/whatsapp-svgrepo-com.svg\" alt=\"https:\/\/wa.me\/+201550089891\" width=\"76\" height=\"76\" \/><\/p>\n","protected":false},"excerpt":{"rendered":"<p>Aper\u00e7u Plong\u00e9e. T\u00f4t le matin, vous serez pris en charge \u00e0 votre h\u00f4tel \u00e0 Hurghada pour une excursion de plong\u00e9e palpitante. Un bateau vous attendra pour vous emmener vers les sites de plong\u00e9e \u00e0 proximit\u00e9. Pendant votre plong\u00e9e, vous pourrez vous d\u00e9tendre et discuter avec d&rsquo;autres passionn\u00e9s de plong\u00e9e. D\u00e9couvrez les fonds marins de la mer Rouge en plongeant \u00e0 Hurghada. Choisissez une plong\u00e9e en fonction de votre exp\u00e9rience, sous la supervision constante d&rsquo;un instructeur. Nos instructeurs certifi\u00e9s vous aideront \u00e0 vous pr\u00e9parer \u00e0 la plong\u00e9e sous-marine et assureront votre s\u00e9curit\u00e9. De plus, les accompagnateurs non plongeurs sont les bienvenus \u00e0 bord pour profiter d&rsquo;une agr\u00e9able journ\u00e9e sur le yacht\u00a0; d\u00e9jeuner et boissons sont servis. Des instructeurs de plong\u00e9e exp\u00e9riment\u00e9s vous guideront et vous indiqueront les sites de plong\u00e9e avant chaque plong\u00e9e. Le d\u00e9jeuner sera servi \u00e0 bord pendant l&rsquo;excursion. Apr\u00e8s avoir plong\u00e9 sur deux sites diff\u00e9rents, vous retournerez au port d&rsquo;Hurghada et serez d\u00e9pos\u00e9 \u00e0 votre h\u00f4tel. Vous pouvez \u00e9galement profiter de cette excursion de snorkeling sans plong\u00e9e sous-marine. Dur\u00e9e du trajet\u00a0: environ 8\u00a0heures. \u00c0 emporter\u00a0: Serviette de bain Lunettes de soleil Cr\u00e8me solaire Maillot de bain Maillot de bain Maillot photo\/vid\u00e9o Dur\u00e9e Prise en charge : vers 08h00 (selon l&#8217;emplacement de votre h\u00f4tel \u00e0 Hurghada). Pour toute question, contactez-nous\u00a0: Pour toute question, contactez-nous\u00a0:<\/p>\n","protected":false},"featured_media":12329,"comment_status":"open","ping_status":"closed","template":"","meta":{"_monsterinsights_skip_tracking":false,"_monsterinsights_sitenote_active":false,"_monsterinsights_sitenote_note":"","_monsterinsights_sitenote_category":0},"product_brand":[],"product_cat":[94],"product_tag":[],"class_list":{"0":"post-12328","1":"product","2":"type-product","3":"status-publish","4":"has-post-thumbnail","6":"product_cat-excursions-en-mer","8":"first","9":"instock","10":"shipping-taxable","11":"purchasable","12":"product-type-ovabrw_car_rental"},"_links":{"self":[{"href":"https:\/\/egytouregypt.com\/fr\/wp-json\/wp\/v2\/product\/12328","targetHints":{"allow":["GET"]}}],"collection":[{"href":"https:\/\/egytouregypt.com\/fr\/wp-json\/wp\/v2\/product"}],"about":[{"href":"https:\/\/egytouregypt.com\/fr\/wp-json\/wp\/v2\/types\/product"}],"replies":[{"embeddable":true,"href":"https:\/\/egytouregypt.com\/fr\/wp-json\/wp\/v2\/comments?post=12328"}],"wp:featuredmedia":[{"embeddable":true,"href":"https:\/\/egytouregypt.com\/fr\/wp-json\/wp\/v2\/media\/12329"}],"wp:attachment":[{"href":"https:\/\/egytouregypt.com\/fr\/wp-json\/wp\/v2\/media?parent=12328"}],"wp:term":[{"taxonomy":"product_brand","embeddable":true,"href":"https:\/\/egytouregypt.com\/fr\/wp-json\/wp\/v2\/product_brand?post=12328"},{"taxonomy":"product_cat","embeddable":true,"href":"https:\/\/egytouregypt.com\/fr\/wp-json\/wp\/v2\/product_cat?post=12328"},{"taxonomy":"product_tag","embeddable":true,"href":"https:\/\/egytouregypt.com\/fr\/wp-json\/wp\/v2\/product_tag?post=12328"}],"curies":[{"name":"wp","href":"https:\/\/api.w.org\/{rel}","templated":true}]}}