{"id":12345,"date":"2025-05-28T13:31:11","date_gmt":"2025-05-28T13:31:11","guid":{"rendered":"https:\/\/egytouregypt.com\/?post_type=product&#038;p=12345"},"modified":"2025-05-28T13:37:26","modified_gmt":"2025-05-28T13:37:26","slug":"excursion-de-plongee-avec-tuba-a-dolphin-house","status":"publish","type":"product","link":"https:\/\/egytouregypt.com\/fr\/produit\/excursion-de-plongee-avec-tuba-a-dolphin-house\/","title":{"rendered":"Excursion de plong\u00e9e avec tuba \u00e0 Dolphin House"},"content":{"rendered":"<h3><strong>Aper\u00e7u<\/strong><\/h3>\n<p>Profitez d&rsquo;une fantastique excursion de snorkeling au Dolphin House, avec une chance incroyable d&rsquo;approcher les dauphins en pleine mer. Embarquez pour une journ\u00e9e compl\u00e8te au Dolphin House, profitez du soleil et d&rsquo;une plong\u00e9e en apn\u00e9e admirable dans la mer Rouge. Approchez-vous des dauphins, des bancs de poissons et des magnifiques coraux de la mer Rouge, puis nous vous raccompagnerons \u00e0 votre h\u00f4tel.<\/p>\n<h3>\u00c0 emporter\u00a0:<\/h3>\n<p>Serviette de bain<br \/>\nLunettes de soleil<br \/>\nCr\u00e8me solaire<br \/>\nMaillot de bain<br \/>\nMaillot de bain<br \/>\nMaillot photo\/vid\u00e9o<\/p>\n<h3>Dur\u00e9e<\/h3>\n<p>Prise en charge : vers 08h00 (selon l&#8217;emplacement de votre h\u00f4tel \u00e0 Hurghada).<\/p>\n<p>Pour toute question, contactez-nous\u00a0:<\/p>\n<p>Pour toute question, contactez-nous\u00a0:<img decoding=\"async\" class=\"alignnone\" src=\"https:\/\/alivoyage.com\/wp-content\/uploads\/2024\/03\/whatsapp-svgrepo-com.svg\" alt=\"https:\/\/wa.me\/+201550089891\" width=\"76\" height=\"76\" \/><\/p>\n","protected":false},"excerpt":{"rendered":"<p>Aper\u00e7u Profitez d&rsquo;une fantastique excursion de snorkeling au Dolphin House, avec une chance incroyable d&rsquo;approcher les dauphins en pleine mer. Embarquez pour une journ\u00e9e compl\u00e8te au Dolphin House, profitez du soleil et d&rsquo;une plong\u00e9e en apn\u00e9e admirable dans la mer Rouge. Approchez-vous des dauphins, des bancs de poissons et des magnifiques coraux de la mer Rouge, puis nous vous raccompagnerons \u00e0 votre h\u00f4tel. \u00c0 emporter\u00a0: Serviette de bain Lunettes de soleil Cr\u00e8me solaire Maillot de bain Maillot de bain Maillot photo\/vid\u00e9o Dur\u00e9e Prise en charge : vers 08h00 (selon l&#8217;emplacement de votre h\u00f4tel \u00e0 Hurghada). Pour toute question, contactez-nous\u00a0: Pour toute question, contactez-nous\u00a0:<\/p>\n","protected":false},"featured_media":12346,"comment_status":"open","ping_status":"closed","template":"","meta":{"_monsterinsights_skip_tracking":false,"_monsterinsights_sitenote_active":false,"_monsterinsights_sitenote_note":"","_monsterinsights_sitenote_category":0},"product_brand":[],"product_cat":[94],"product_tag":[],"class_list":{"0":"post-12345","1":"product","2":"type-product","3":"status-publish","4":"has-post-thumbnail","6":"product_cat-excursions-en-mer","8":"first","9":"instock","10":"shipping-taxable","11":"purchasable","12":"product-type-ovabrw_car_rental"},"_links":{"self":[{"href":"https:\/\/egytouregypt.com\/fr\/wp-json\/wp\/v2\/product\/12345","targetHints":{"allow":["GET"]}}],"collection":[{"href":"https:\/\/egytouregypt.com\/fr\/wp-json\/wp\/v2\/product"}],"about":[{"href":"https:\/\/egytouregypt.com\/fr\/wp-json\/wp\/v2\/types\/product"}],"replies":[{"embeddable":true,"href":"https:\/\/egytouregypt.com\/fr\/wp-json\/wp\/v2\/comments?post=12345"}],"wp:featuredmedia":[{"embeddable":true,"href":"https:\/\/egytouregypt.com\/fr\/wp-json\/wp\/v2\/media\/12346"}],"wp:attachment":[{"href":"https:\/\/egytouregypt.com\/fr\/wp-json\/wp\/v2\/media?parent=12345"}],"wp:term":[{"taxonomy":"product_brand","embeddable":true,"href":"https:\/\/egytouregypt.com\/fr\/wp-json\/wp\/v2\/product_brand?post=12345"},{"taxonomy":"product_cat","embeddable":true,"href":"https:\/\/egytouregypt.com\/fr\/wp-json\/wp\/v2\/product_cat?post=12345"},{"taxonomy":"product_tag","embeddable":true,"href":"https:\/\/egytouregypt.com\/fr\/wp-json\/wp\/v2\/product_tag?post=12345"}],"curies":[{"name":"wp","href":"https:\/\/api.w.org\/{rel}","templated":true}]}}