{"id":12370,"date":"2025-05-28T13:39:49","date_gmt":"2025-05-28T13:39:49","guid":{"rendered":"https:\/\/egytouregypt.com\/?post_type=product&#038;p=12370"},"modified":"2025-05-28T13:43:02","modified_gmt":"2025-05-28T13:43:02","slug":"excursion-en-parachute-ascensionnel","status":"publish","type":"product","link":"https:\/\/egytouregypt.com\/fr\/produit\/excursion-en-parachute-ascensionnel\/","title":{"rendered":"Excursion en parachute ascensionnel"},"content":{"rendered":"<h3><strong>Aper\u00e7u<\/strong><\/h3>\n<p>Envie de voler comme un avion\u00a0? Essayez le parachute ascensionnel.<\/p>\n<p>Envie d&rsquo;un vol en apesanteur au-dessus de l&rsquo;eau\u00a0? Essayez le parachute ascensionnel\u00a0!<\/p>\n<p>Une exp\u00e9rience inoubliable.<\/p>\n<p>Une dose d&rsquo;adr\u00e9naline, un regain d&rsquo;\u00e9nergie et une tonne d&rsquo;\u00e9motions nouvelles sont garantis\u00a0!<\/p>\n<p>Des vues panoramiques \u00e9poustouflantes sur tout le littoral vous seront offertes pendant le vol\u00a0!<\/p>\n<p>Chambre simple\u00a0: 30\u00a0\u20ac<\/p>\n<p>Chambre double\u00a0: 40\u00a0\u20ac<\/p>\n<h3>Dur\u00e9e: comme demande<\/h3>\n<p>Pour toute question, contactez-nous\u00a0:<\/p>\n<p>Pour toute question, contactez-nous\u00a0:<img decoding=\"async\" class=\"alignnone\" src=\"https:\/\/alivoyage.com\/wp-content\/uploads\/2024\/03\/whatsapp-svgrepo-com.svg\" alt=\"https:\/\/wa.me\/+201550089891\" width=\"76\" height=\"76\" \/><\/p>\n","protected":false},"excerpt":{"rendered":"<p>Aper\u00e7u Envie de voler comme un avion\u00a0? Essayez le parachute ascensionnel. Envie d&rsquo;un vol en apesanteur au-dessus de l&rsquo;eau\u00a0? Essayez le parachute ascensionnel\u00a0! Une exp\u00e9rience inoubliable. Une dose d&rsquo;adr\u00e9naline, un regain d&rsquo;\u00e9nergie et une tonne d&rsquo;\u00e9motions nouvelles sont garantis\u00a0! Des vues panoramiques \u00e9poustouflantes sur tout le littoral vous seront offertes pendant le vol\u00a0! Chambre simple\u00a0: 30\u00a0\u20ac Chambre double\u00a0: 40\u00a0\u20ac Dur\u00e9e: comme demande Pour toute question, contactez-nous\u00a0: Pour toute question, contactez-nous\u00a0:<\/p>\n","protected":false},"featured_media":12371,"comment_status":"open","ping_status":"closed","template":"","meta":{"_monsterinsights_skip_tracking":false,"_monsterinsights_sitenote_active":false,"_monsterinsights_sitenote_note":"","_monsterinsights_sitenote_category":0},"product_brand":[],"product_cat":[94],"product_tag":[],"class_list":{"0":"post-12370","1":"product","2":"type-product","3":"status-publish","4":"has-post-thumbnail","6":"product_cat-excursions-en-mer","8":"first","9":"instock","10":"shipping-taxable","11":"purchasable","12":"product-type-ovabrw_car_rental"},"_links":{"self":[{"href":"https:\/\/egytouregypt.com\/fr\/wp-json\/wp\/v2\/product\/12370","targetHints":{"allow":["GET"]}}],"collection":[{"href":"https:\/\/egytouregypt.com\/fr\/wp-json\/wp\/v2\/product"}],"about":[{"href":"https:\/\/egytouregypt.com\/fr\/wp-json\/wp\/v2\/types\/product"}],"replies":[{"embeddable":true,"href":"https:\/\/egytouregypt.com\/fr\/wp-json\/wp\/v2\/comments?post=12370"}],"wp:featuredmedia":[{"embeddable":true,"href":"https:\/\/egytouregypt.com\/fr\/wp-json\/wp\/v2\/media\/12371"}],"wp:attachment":[{"href":"https:\/\/egytouregypt.com\/fr\/wp-json\/wp\/v2\/media?parent=12370"}],"wp:term":[{"taxonomy":"product_brand","embeddable":true,"href":"https:\/\/egytouregypt.com\/fr\/wp-json\/wp\/v2\/product_brand?post=12370"},{"taxonomy":"product_cat","embeddable":true,"href":"https:\/\/egytouregypt.com\/fr\/wp-json\/wp\/v2\/product_cat?post=12370"},{"taxonomy":"product_tag","embeddable":true,"href":"https:\/\/egytouregypt.com\/fr\/wp-json\/wp\/v2\/product_tag?post=12370"}],"curies":[{"name":"wp","href":"https:\/\/api.w.org\/{rel}","templated":true}]}}