{"id":12387,"date":"2025-05-28T13:45:03","date_gmt":"2025-05-28T13:45:03","guid":{"rendered":"https:\/\/egytouregypt.com\/?post_type=product&#038;p=12387"},"modified":"2025-05-28T13:49:12","modified_gmt":"2025-05-28T13:49:12","slug":"lile-hula-hula","status":"publish","type":"product","link":"https:\/\/egytouregypt.com\/fr\/produit\/lile-hula-hula\/","title":{"rendered":"L&rsquo;\u00eele Hula Hula"},"content":{"rendered":"<h3><strong>Aper\u00e7u<\/strong><\/h3>\n<p>Profitez d&rsquo;une baignade inoubliable sur la plage priv\u00e9e de l&rsquo;\u00eele de Hula Hula et d&rsquo;une promenade relaxante en bateau sur la mer Rouge.<br \/>\nL&rsquo;\u00eele de Hula Hula est une r\u00e9serve naturelle situ\u00e9e au large d&rsquo;Hurghada et offre \u00e0 ses visiteurs des plages de sable blanc et des r\u00e9cifs coralliens immacul\u00e9s et color\u00e9s.<br \/>\nNagez et faites de la plong\u00e9e avec tuba parmi une incroyable vari\u00e9t\u00e9 de poissons et d\u00e9couvrez un monde sous-marin unique.<\/p>\n<h3><strong>Que prendre avec vous\u00a0?<\/strong><\/h3>\n<h5>Serviette de bain<br \/>\nLunettes de soleil<br \/>\nCr\u00e8me solaire<br \/>\nMaillot de bain<br \/>\nMat\u00e9riel photo\/vid\u00e9o<\/h5>\n<h3><strong>Dur\u00e9e<\/strong><\/h3>\n<p>Premier trajet\u00a0:<\/p>\n<p>Prise en charge\u00a0: vers 8\u00a0h (selon l&#8217;emplacement de votre h\u00f4tel \u00e0 Hurghada).<\/p>\n<p>Deuxi\u00e8me trajet\u00a0:<\/p>\n<p>Prise en charge\u00a0: vers 10\u00a0h (selon l&#8217;emplacement de votre h\u00f4tel \u00e0 Hurghada).<\/p>\n<p>Veuillez choisir votre heure de prise en charge et nous l&rsquo;indiquer dans les notes de r\u00e9servation.<\/p>\n<p>Pour toute question, contactez-nous\u00a0:<img decoding=\"async\" class=\"alignnone\" src=\"https:\/\/alivoyage.com\/wp-content\/uploads\/2024\/03\/whatsapp-svgrepo-com.svg\" alt=\"https:\/\/wa.me\/+201550089891\" width=\"76\" height=\"76\" \/><\/p>\n","protected":false},"excerpt":{"rendered":"<p>Aper\u00e7u Profitez d&rsquo;une baignade inoubliable sur la plage priv\u00e9e de l&rsquo;\u00eele de Hula Hula et d&rsquo;une promenade relaxante en bateau sur la mer Rouge. L&rsquo;\u00eele de Hula Hula est une r\u00e9serve naturelle situ\u00e9e au large d&rsquo;Hurghada et offre \u00e0 ses visiteurs des plages de sable blanc et des r\u00e9cifs coralliens immacul\u00e9s et color\u00e9s. Nagez et faites de la plong\u00e9e avec tuba parmi une incroyable vari\u00e9t\u00e9 de poissons et d\u00e9couvrez un monde sous-marin unique. Que prendre avec vous\u00a0? Serviette de bain Lunettes de soleil Cr\u00e8me solaire Maillot de bain Mat\u00e9riel photo\/vid\u00e9o Dur\u00e9e Premier trajet\u00a0: Prise en charge\u00a0: vers 8\u00a0h (selon l&#8217;emplacement de votre h\u00f4tel \u00e0 Hurghada). Deuxi\u00e8me trajet\u00a0: Prise en charge\u00a0: vers 10\u00a0h (selon l&#8217;emplacement de votre h\u00f4tel \u00e0 Hurghada). Veuillez choisir votre heure de prise en charge et nous l&rsquo;indiquer dans les notes de r\u00e9servation. Pour toute question, contactez-nous\u00a0:<\/p>\n","protected":false},"featured_media":12388,"comment_status":"open","ping_status":"closed","template":"","meta":{"_monsterinsights_skip_tracking":false,"_monsterinsights_sitenote_active":false,"_monsterinsights_sitenote_note":"","_monsterinsights_sitenote_category":0},"product_brand":[],"product_cat":[94],"product_tag":[],"class_list":{"0":"post-12387","1":"product","2":"type-product","3":"status-publish","4":"has-post-thumbnail","6":"product_cat-excursions-en-mer","8":"first","9":"instock","10":"shipping-taxable","11":"purchasable","12":"product-type-ovabrw_car_rental"},"_links":{"self":[{"href":"https:\/\/egytouregypt.com\/fr\/wp-json\/wp\/v2\/product\/12387","targetHints":{"allow":["GET"]}}],"collection":[{"href":"https:\/\/egytouregypt.com\/fr\/wp-json\/wp\/v2\/product"}],"about":[{"href":"https:\/\/egytouregypt.com\/fr\/wp-json\/wp\/v2\/types\/product"}],"replies":[{"embeddable":true,"href":"https:\/\/egytouregypt.com\/fr\/wp-json\/wp\/v2\/comments?post=12387"}],"wp:featuredmedia":[{"embeddable":true,"href":"https:\/\/egytouregypt.com\/fr\/wp-json\/wp\/v2\/media\/12388"}],"wp:attachment":[{"href":"https:\/\/egytouregypt.com\/fr\/wp-json\/wp\/v2\/media?parent=12387"}],"wp:term":[{"taxonomy":"product_brand","embeddable":true,"href":"https:\/\/egytouregypt.com\/fr\/wp-json\/wp\/v2\/product_brand?post=12387"},{"taxonomy":"product_cat","embeddable":true,"href":"https:\/\/egytouregypt.com\/fr\/wp-json\/wp\/v2\/product_cat?post=12387"},{"taxonomy":"product_tag","embeddable":true,"href":"https:\/\/egytouregypt.com\/fr\/wp-json\/wp\/v2\/product_tag?post=12387"}],"curies":[{"name":"wp","href":"https:\/\/api.w.org\/{rel}","templated":true}]}}