{"id":12416,"date":"2025-05-28T14:02:15","date_gmt":"2025-05-28T14:02:15","guid":{"rendered":"https:\/\/egytouregypt.com\/?post_type=product&#038;p=12416"},"modified":"2025-05-28T22:00:09","modified_gmt":"2025-05-28T22:00:09","slug":"lile-du-paradis","status":"publish","type":"product","link":"https:\/\/egytouregypt.com\/fr\/produit\/lile-du-paradis\/","title":{"rendered":"L&rsquo;\u00eele du Paradis"},"content":{"rendered":"<h3><strong>Aper\u00e7u<\/strong><\/h3>\n<p>\u00cele paradisiaque<br \/>\nCommencez votre journ\u00e9e par une prise en charge matinale \u00e0 votre h\u00f4tel et rejoignez la marina pour une excursion en bateau vers l&rsquo;\u00eele paradisiaque, pr\u00e8s d&rsquo;Hurghada. Profitez d&rsquo;une navigation de 45 minutes avec un arr\u00eat snorkeling dans les eaux cristallines de la mer Rouge, o\u00f9 vous pourrez observer poissons-clowns, raies manta, dauphins et coraux color\u00e9s. D\u00e9tendez-vous sur la plage de l&rsquo;\u00eele paradisiaque, avec ses cabanes en bois et ses parasols, id\u00e9ale pour nager et prendre de magnifiques photos. Ensuite, plongez avec masque et tuba pr\u00e8s de la barri\u00e8re de corail et savourez un d\u00e9licieux d\u00e9jeuner \u00e0 bord, accompagn\u00e9 de boissons sans alcool et d&rsquo;activit\u00e9s nautiques comme des balades en banane ou en canap\u00e9. Des animations pour enfants sont \u00e9galement propos\u00e9es sur la plage.<\/p>\n<h3>Points forts\u00a0:<\/h3>\n<p>Profitez de la baignade et de la plong\u00e9e avec tuba parmi la vari\u00e9t\u00e9 unique de poissons le long de la c\u00f4te.<br \/>\nExplorez le fantastique monde sous-marin de Paradise Island.<br \/>\nProfitez des arr\u00eats snorkeling \u00e0 diff\u00e9rents endroits.<br \/>\nD\u00e9tendez-vous sur la plage de Paradise Island.<br \/>\nSavourez un d\u00e9jeuner sur l&rsquo;\u00eele.<br \/>\nProfitez d&rsquo;un bateau en forme de banane.<\/p>\n<h3>\u00c0 emporter\u00a0:<\/h3>\n<p>Serviette de bain<br \/>\nLunettes de soleil<br \/>\nCr\u00e8me solaire<br \/>\nMaillot de bain<br \/>\nMaillot de bain<br \/>\nMaillot photo\/vid\u00e9o<\/p>\n<h3>Dur\u00e9e<\/h3>\n<p>Premier trajet\u00a0:<\/p>\n<p>Prise en charge\u00a0: vers 8\u00a0h (selon l\u2019emplacement de votre h\u00f4tel \u00e0 Hurghada).<\/p>\n<p>Deuxi\u00e8me trajet\u00a0:<\/p>\n<p>Prise en charge\u00a0: vers 10\u00a0h (selon l\u2019emplacement de votre h\u00f4tel \u00e0 Hurghada).<\/p>\n<p>Veuillez choisir votre heure de prise en charge et nous l\u2019indiquer dans les notes de r\u00e9servation.<\/p>\n<p>Pour toute question, contactez-nous\u00a0:<img decoding=\"async\" class=\"alignnone\" src=\"https:\/\/alivoyage.com\/wp-content\/uploads\/2024\/03\/whatsapp-svgrepo-com.svg\" alt=\"https:\/\/wa.me\/+201550089891\" width=\"76\" height=\"76\" \/><\/p>\n","protected":false},"excerpt":{"rendered":"<p>Aper\u00e7u \u00cele paradisiaque Commencez votre journ\u00e9e par une prise en charge matinale \u00e0 votre h\u00f4tel et rejoignez la marina pour une excursion en bateau vers l&rsquo;\u00eele paradisiaque, pr\u00e8s d&rsquo;Hurghada. Profitez d&rsquo;une navigation de 45 minutes avec un arr\u00eat snorkeling dans les eaux cristallines de la mer Rouge, o\u00f9 vous pourrez observer poissons-clowns, raies manta, dauphins et coraux color\u00e9s. D\u00e9tendez-vous sur la plage de l&rsquo;\u00eele paradisiaque, avec ses cabanes en bois et ses parasols, id\u00e9ale pour nager et prendre de magnifiques photos. Ensuite, plongez avec masque et tuba pr\u00e8s de la barri\u00e8re de corail et savourez un d\u00e9licieux d\u00e9jeuner \u00e0 bord, accompagn\u00e9 de boissons sans alcool et d&rsquo;activit\u00e9s nautiques comme des balades en banane ou en canap\u00e9. Des animations pour enfants sont \u00e9galement propos\u00e9es sur la plage. Points forts\u00a0: Profitez de la baignade et de la plong\u00e9e avec tuba parmi la vari\u00e9t\u00e9 unique de poissons le long de la c\u00f4te. Explorez le fantastique monde sous-marin de Paradise Island. Profitez des arr\u00eats snorkeling \u00e0 diff\u00e9rents endroits. D\u00e9tendez-vous sur la plage de Paradise Island. Savourez un d\u00e9jeuner sur l&rsquo;\u00eele. Profitez d&rsquo;un bateau en forme de banane. \u00c0 emporter\u00a0: Serviette de bain Lunettes de soleil Cr\u00e8me solaire Maillot de bain Maillot de bain Maillot photo\/vid\u00e9o Dur\u00e9e Premier trajet\u00a0: Prise en charge\u00a0: vers 8\u00a0h (selon l\u2019emplacement de votre h\u00f4tel \u00e0 Hurghada). Deuxi\u00e8me trajet\u00a0: Prise en charge\u00a0: vers 10\u00a0h (selon l\u2019emplacement de votre h\u00f4tel \u00e0 Hurghada). Veuillez choisir votre heure de prise en charge et nous l\u2019indiquer dans les notes de r\u00e9servation. Pour toute question, contactez-nous\u00a0:<\/p>\n","protected":false},"featured_media":12417,"comment_status":"open","ping_status":"closed","template":"","meta":{"_monsterinsights_skip_tracking":false,"_monsterinsights_sitenote_active":false,"_monsterinsights_sitenote_note":"","_monsterinsights_sitenote_category":0},"product_brand":[],"product_cat":[94],"product_tag":[],"class_list":{"0":"post-12416","1":"product","2":"type-product","3":"status-publish","4":"has-post-thumbnail","6":"product_cat-excursions-en-mer","8":"first","9":"instock","10":"shipping-taxable","11":"purchasable","12":"product-type-ovabrw_car_rental"},"_links":{"self":[{"href":"https:\/\/egytouregypt.com\/fr\/wp-json\/wp\/v2\/product\/12416","targetHints":{"allow":["GET"]}}],"collection":[{"href":"https:\/\/egytouregypt.com\/fr\/wp-json\/wp\/v2\/product"}],"about":[{"href":"https:\/\/egytouregypt.com\/fr\/wp-json\/wp\/v2\/types\/product"}],"replies":[{"embeddable":true,"href":"https:\/\/egytouregypt.com\/fr\/wp-json\/wp\/v2\/comments?post=12416"}],"wp:featuredmedia":[{"embeddable":true,"href":"https:\/\/egytouregypt.com\/fr\/wp-json\/wp\/v2\/media\/12417"}],"wp:attachment":[{"href":"https:\/\/egytouregypt.com\/fr\/wp-json\/wp\/v2\/media?parent=12416"}],"wp:term":[{"taxonomy":"product_brand","embeddable":true,"href":"https:\/\/egytouregypt.com\/fr\/wp-json\/wp\/v2\/product_brand?post=12416"},{"taxonomy":"product_cat","embeddable":true,"href":"https:\/\/egytouregypt.com\/fr\/wp-json\/wp\/v2\/product_cat?post=12416"},{"taxonomy":"product_tag","embeddable":true,"href":"https:\/\/egytouregypt.com\/fr\/wp-json\/wp\/v2\/product_tag?post=12416"}],"curies":[{"name":"wp","href":"https:\/\/api.w.org\/{rel}","templated":true}]}}