{"id":12461,"date":"2025-05-28T14:10:29","date_gmt":"2025-05-28T14:10:29","guid":{"rendered":"https:\/\/egytouregypt.com\/?post_type=product&#038;p=12461"},"modified":"2025-05-28T22:00:38","modified_gmt":"2025-05-28T22:00:38","slug":"ile-de-mahmya","status":"publish","type":"product","link":"https:\/\/egytouregypt.com\/fr\/produit\/ile-de-mahmya\/","title":{"rendered":"\u00cele de Mahmya"},"content":{"rendered":"<h3><strong>Aper\u00e7u<\/strong><\/h3>\n<p>\u00cele de Mahmya<br \/>\nExplorez les r\u00e9cifs coralliens luxuriants et les jardins sous-marins de l&rsquo;\u00eele de Mahmya, dans le parc national prot\u00e9g\u00e9 des \u00eeles Giftoun. Rencontrez des dauphins, des bancs de poissons color\u00e9s et bien plus encore en plongeant avec tuba dans les eaux cristallines. D\u00e9tendez-vous sur des plages de sable blanc immacul\u00e9es et nagez dans une mer cristalline.<\/p>\n<h3>Points forts\u00a0:<\/h3>\n<p>Explorez le monde sous-marin de la mer Rouge<br \/>\nNaviguez jusqu&rsquo;\u00e0 l&rsquo;\u00eele prot\u00e9g\u00e9e de Mahmya<br \/>\nObservez les dauphins joueurs du parc national des \u00eeles Giftoun<br \/>\nSavourez un d\u00e9jeuner compos\u00e9 de fruits de mer et de sp\u00e9cialit\u00e9s italiennes<br \/>\nD\u00e9tendez-vous sur les plages de sable blanc et baignez-vous dans une mer cristalline<\/p>\n<h3>\u00c0 emporter\u00a0:<\/h3>\n<p>Serviette de bain<br \/>\nLunettes de soleil<br \/>\nCr\u00e8me solaire<br \/>\nMaillot de bain<br \/>\nMaillot de bain<br \/>\nMaillot photo\/vid\u00e9o<\/p>\n<h3>Dur\u00e9e<\/h3>\n<p>Pickup: Around 08:00 Am (Depending on your hotel location in Hurghada).<\/p>\n<p>Pour toute question, contactez-nous\u00a0:<img decoding=\"async\" class=\"alignnone\" src=\"https:\/\/alivoyage.com\/wp-content\/uploads\/2024\/03\/whatsapp-svgrepo-com.svg\" alt=\"https:\/\/wa.me\/+201550089891\" width=\"76\" height=\"76\" \/><\/p>\n","protected":false},"excerpt":{"rendered":"<p>Aper\u00e7u \u00cele de Mahmya Explorez les r\u00e9cifs coralliens luxuriants et les jardins sous-marins de l&rsquo;\u00eele de Mahmya, dans le parc national prot\u00e9g\u00e9 des \u00eeles Giftoun. Rencontrez des dauphins, des bancs de poissons color\u00e9s et bien plus encore en plongeant avec tuba dans les eaux cristallines. D\u00e9tendez-vous sur des plages de sable blanc immacul\u00e9es et nagez dans une mer cristalline. Points forts\u00a0: Explorez le monde sous-marin de la mer Rouge Naviguez jusqu&rsquo;\u00e0 l&rsquo;\u00eele prot\u00e9g\u00e9e de Mahmya Observez les dauphins joueurs du parc national des \u00eeles Giftoun Savourez un d\u00e9jeuner compos\u00e9 de fruits de mer et de sp\u00e9cialit\u00e9s italiennes D\u00e9tendez-vous sur les plages de sable blanc et baignez-vous dans une mer cristalline \u00c0 emporter\u00a0: Serviette de bain Lunettes de soleil Cr\u00e8me solaire Maillot de bain Maillot de bain Maillot photo\/vid\u00e9o Dur\u00e9e Pickup: Around 08:00 Am (Depending on your hotel location in Hurghada). Pour toute question, contactez-nous\u00a0:<\/p>\n","protected":false},"featured_media":12462,"comment_status":"open","ping_status":"closed","template":"","meta":{"_monsterinsights_skip_tracking":false,"_monsterinsights_sitenote_active":false,"_monsterinsights_sitenote_note":"","_monsterinsights_sitenote_category":0},"product_brand":[],"product_cat":[94],"product_tag":[],"class_list":{"0":"post-12461","1":"product","2":"type-product","3":"status-publish","4":"has-post-thumbnail","6":"product_cat-excursions-en-mer","8":"first","9":"instock","10":"shipping-taxable","11":"purchasable","12":"product-type-ovabrw_car_rental"},"_links":{"self":[{"href":"https:\/\/egytouregypt.com\/fr\/wp-json\/wp\/v2\/product\/12461","targetHints":{"allow":["GET"]}}],"collection":[{"href":"https:\/\/egytouregypt.com\/fr\/wp-json\/wp\/v2\/product"}],"about":[{"href":"https:\/\/egytouregypt.com\/fr\/wp-json\/wp\/v2\/types\/product"}],"replies":[{"embeddable":true,"href":"https:\/\/egytouregypt.com\/fr\/wp-json\/wp\/v2\/comments?post=12461"}],"wp:featuredmedia":[{"embeddable":true,"href":"https:\/\/egytouregypt.com\/fr\/wp-json\/wp\/v2\/media\/12462"}],"wp:attachment":[{"href":"https:\/\/egytouregypt.com\/fr\/wp-json\/wp\/v2\/media?parent=12461"}],"wp:term":[{"taxonomy":"product_brand","embeddable":true,"href":"https:\/\/egytouregypt.com\/fr\/wp-json\/wp\/v2\/product_brand?post=12461"},{"taxonomy":"product_cat","embeddable":true,"href":"https:\/\/egytouregypt.com\/fr\/wp-json\/wp\/v2\/product_cat?post=12461"},{"taxonomy":"product_tag","embeddable":true,"href":"https:\/\/egytouregypt.com\/fr\/wp-json\/wp\/v2\/product_tag?post=12461"}],"curies":[{"name":"wp","href":"https:\/\/api.w.org\/{rel}","templated":true}]}}