{"id":12486,"date":"2025-05-28T14:18:25","date_gmt":"2025-05-28T14:18:25","guid":{"rendered":"https:\/\/egytouregypt.com\/?post_type=product&#038;p=12486"},"modified":"2025-05-28T14:23:51","modified_gmt":"2025-05-28T14:23:51","slug":"safari-en-quad-3-heures-le-matin","status":"publish","type":"product","link":"https:\/\/egytouregypt.com\/fr\/produit\/safari-en-quad-3-heures-le-matin\/","title":{"rendered":"Safari en quad 3 heures le matin"},"content":{"rendered":"<h3><strong>Aper\u00e7u<\/strong><\/h3>\n<p>Safari en quad de 3 heures le matin<br \/>\nUn bus climatis\u00e9 vient vous chercher \u00e0 votre h\u00f4tel pour vous conduire jusqu&rsquo;\u00e0 la zone de safari. Profitez d&rsquo;une balade en quad de 40 minutes jusqu&rsquo;au village b\u00e9douin. Vous ferez une promenade \u00e0 dos de chameau entre les montagnes pendant 10 minutes et profiterez d&rsquo;une visite guid\u00e9e du village b\u00e9douin pour d\u00e9couvrir la vie des B\u00e9douins. D\u00e9gustez le th\u00e9 b\u00e9douin et ramenez le quad \u00e0 la station de safari, puis \u00e0 vos h\u00f4tels.<\/p>\n<h3>Points forts\u00a0:<\/h3>\n<p>Safari matinal en quad de 3 heures \u00e0 Hurghada<\/p>\n<p>40 minutes de conduite en quad<br \/>\nVisite d&rsquo;un village b\u00e9douin traditionnel<br \/>\nArr\u00eat pour boire un th\u00e9 sous une tente b\u00e9douine<br \/>\nPrise en charge et retour \u00e0 l&rsquo;h\u00f4tel depuis Hurghada inclus<\/p>\n<h3>Dur\u00e9e<\/h3>\n<p>Prise en charge : vers 08h00 (selon l&#8217;emplacement de votre h\u00f4tel \u00e0 Hurghada).<\/p>\n<p>Pour toute question, contactez-nous\u00a0:<img decoding=\"async\" class=\"alignnone\" src=\"https:\/\/alivoyage.com\/wp-content\/uploads\/2024\/03\/whatsapp-svgrepo-com.svg\" alt=\"https:\/\/wa.me\/+201550089891\" width=\"76\" height=\"76\" \/><\/p>\n","protected":false},"excerpt":{"rendered":"<p>Aper\u00e7u Safari en quad de 3 heures le matin Un bus climatis\u00e9 vient vous chercher \u00e0 votre h\u00f4tel pour vous conduire jusqu&rsquo;\u00e0 la zone de safari. Profitez d&rsquo;une balade en quad de 40 minutes jusqu&rsquo;au village b\u00e9douin. Vous ferez une promenade \u00e0 dos de chameau entre les montagnes pendant 10 minutes et profiterez d&rsquo;une visite guid\u00e9e du village b\u00e9douin pour d\u00e9couvrir la vie des B\u00e9douins. D\u00e9gustez le th\u00e9 b\u00e9douin et ramenez le quad \u00e0 la station de safari, puis \u00e0 vos h\u00f4tels. Points forts\u00a0: Safari matinal en quad de 3 heures \u00e0 Hurghada 40 minutes de conduite en quad Visite d&rsquo;un village b\u00e9douin traditionnel Arr\u00eat pour boire un th\u00e9 sous une tente b\u00e9douine Prise en charge et retour \u00e0 l&rsquo;h\u00f4tel depuis Hurghada inclus Dur\u00e9e Prise en charge : vers 08h00 (selon l&#8217;emplacement de votre h\u00f4tel \u00e0 Hurghada). Pour toute question, contactez-nous\u00a0:<\/p>\n","protected":false},"featured_media":12487,"comment_status":"open","ping_status":"closed","template":"","meta":{"_monsterinsights_skip_tracking":false,"_monsterinsights_sitenote_active":false,"_monsterinsights_sitenote_note":"","_monsterinsights_sitenote_category":0},"product_brand":[],"product_cat":[97],"product_tag":[],"class_list":{"0":"post-12486","1":"product","2":"type-product","3":"status-publish","4":"has-post-thumbnail","6":"product_cat-voyages-safari","8":"first","9":"instock","10":"shipping-taxable","11":"purchasable","12":"product-type-ovabrw_car_rental"},"_links":{"self":[{"href":"https:\/\/egytouregypt.com\/fr\/wp-json\/wp\/v2\/product\/12486","targetHints":{"allow":["GET"]}}],"collection":[{"href":"https:\/\/egytouregypt.com\/fr\/wp-json\/wp\/v2\/product"}],"about":[{"href":"https:\/\/egytouregypt.com\/fr\/wp-json\/wp\/v2\/types\/product"}],"replies":[{"embeddable":true,"href":"https:\/\/egytouregypt.com\/fr\/wp-json\/wp\/v2\/comments?post=12486"}],"wp:featuredmedia":[{"embeddable":true,"href":"https:\/\/egytouregypt.com\/fr\/wp-json\/wp\/v2\/media\/12487"}],"wp:attachment":[{"href":"https:\/\/egytouregypt.com\/fr\/wp-json\/wp\/v2\/media?parent=12486"}],"wp:term":[{"taxonomy":"product_brand","embeddable":true,"href":"https:\/\/egytouregypt.com\/fr\/wp-json\/wp\/v2\/product_brand?post=12486"},{"taxonomy":"product_cat","embeddable":true,"href":"https:\/\/egytouregypt.com\/fr\/wp-json\/wp\/v2\/product_cat?post=12486"},{"taxonomy":"product_tag","embeddable":true,"href":"https:\/\/egytouregypt.com\/fr\/wp-json\/wp\/v2\/product_tag?post=12486"}],"curies":[{"name":"wp","href":"https:\/\/api.w.org\/{rel}","templated":true}]}}