{"id":12524,"date":"2025-05-28T14:27:01","date_gmt":"2025-05-28T14:27:01","guid":{"rendered":"https:\/\/egytouregypt.com\/?post_type=product&#038;p=12524"},"modified":"2025-05-28T22:01:54","modified_gmt":"2025-05-28T22:01:54","slug":"safari-en-quad-au-coucher-du-soleil-3-heures","status":"publish","type":"product","link":"https:\/\/egytouregypt.com\/fr\/produit\/safari-en-quad-au-coucher-du-soleil-3-heures\/","title":{"rendered":"Safari en quad au coucher du soleil (3 heures)"},"content":{"rendered":"<h3><strong>Aper\u00e7u<\/strong><\/h3>\n<p>Safari en quad au coucher du soleil (3 heures)<br \/>\nVivez un m\u00e9ga safari palpitant au d\u00e9part d&rsquo;Hurghada ! Votre aventure commence par une prise en charge \u00e0 votre h\u00f4tel et un trajet jusqu&rsquo;\u00e0 la station de quad, o\u00f9 un guide multilingue vous donnera les consignes de s\u00e9curit\u00e9.<\/p>\n<p>D\u00e9marrez par une palpitante balade en quad de 45 minutes \u00e0 travers le d\u00e9sert d&rsquo;Hurghada, avec des arr\u00eats en chemin pour de superbes photos. Ensuite, embarquez pour un safari en jeep, parcourant 25 km \u00e0 travers les dunes de sable jusqu&rsquo;\u00e0 un village b\u00e9douin traditionnel.<\/p>\n<p>Au village, profitez d&rsquo;une balade relaxante \u00e0 dos de chameau, savourez un th\u00e9 arabe et d\u00e9couvrez la culture b\u00e9douine. En fin de journ\u00e9e, admirez le magnifique coucher de soleil sur l&rsquo;horizon du d\u00e9sert. Ensuite, reprenez le quad pour retourner \u00e0 la station de safari.<\/p>\n<p>Votre soir\u00e9e se termine par un d\u00e9licieux d\u00eener barbecue sous les \u00e9toiles, accompagn\u00e9 d&rsquo;animations traditionnelles, notamment des spectacles de Tanoura et de danse du ventre. Apr\u00e8s cette exp\u00e9rience inoubliable, vous serez reconduit \u00e0 votre h\u00f4tel.<\/p>\n<h3>Dur\u00e9e<\/h3>\n<p>Prise en charge : vers 08h00 (selon l&#8217;emplacement de votre h\u00f4tel \u00e0 Hurghada).<\/p>\n<p>Pour toute question, contactez-nous\u00a0:<img decoding=\"async\" class=\"alignnone\" src=\"https:\/\/alivoyage.com\/wp-content\/uploads\/2024\/03\/whatsapp-svgrepo-com.svg\" alt=\"https:\/\/wa.me\/+201550089891\" width=\"76\" height=\"76\" \/><\/p>\n","protected":false},"excerpt":{"rendered":"<p>Aper\u00e7u Safari en quad au coucher du soleil (3 heures) Vivez un m\u00e9ga safari palpitant au d\u00e9part d&rsquo;Hurghada ! Votre aventure commence par une prise en charge \u00e0 votre h\u00f4tel et un trajet jusqu&rsquo;\u00e0 la station de quad, o\u00f9 un guide multilingue vous donnera les consignes de s\u00e9curit\u00e9. D\u00e9marrez par une palpitante balade en quad de 45 minutes \u00e0 travers le d\u00e9sert d&rsquo;Hurghada, avec des arr\u00eats en chemin pour de superbes photos. Ensuite, embarquez pour un safari en jeep, parcourant 25 km \u00e0 travers les dunes de sable jusqu&rsquo;\u00e0 un village b\u00e9douin traditionnel. Au village, profitez d&rsquo;une balade relaxante \u00e0 dos de chameau, savourez un th\u00e9 arabe et d\u00e9couvrez la culture b\u00e9douine. En fin de journ\u00e9e, admirez le magnifique coucher de soleil sur l&rsquo;horizon du d\u00e9sert. Ensuite, reprenez le quad pour retourner \u00e0 la station de safari. Votre soir\u00e9e se termine par un d\u00e9licieux d\u00eener barbecue sous les \u00e9toiles, accompagn\u00e9 d&rsquo;animations traditionnelles, notamment des spectacles de Tanoura et de danse du ventre. Apr\u00e8s cette exp\u00e9rience inoubliable, vous serez reconduit \u00e0 votre h\u00f4tel. Dur\u00e9e Prise en charge : vers 08h00 (selon l&#8217;emplacement de votre h\u00f4tel \u00e0 Hurghada). Pour toute question, contactez-nous\u00a0:<\/p>\n","protected":false},"featured_media":12525,"comment_status":"open","ping_status":"closed","template":"","meta":{"_monsterinsights_skip_tracking":false,"_monsterinsights_sitenote_active":false,"_monsterinsights_sitenote_note":"","_monsterinsights_sitenote_category":0},"product_brand":[],"product_cat":[97],"product_tag":[],"class_list":{"0":"post-12524","1":"product","2":"type-product","3":"status-publish","4":"has-post-thumbnail","6":"product_cat-voyages-safari","8":"first","9":"instock","10":"shipping-taxable","11":"purchasable","12":"product-type-ovabrw_car_rental"},"_links":{"self":[{"href":"https:\/\/egytouregypt.com\/fr\/wp-json\/wp\/v2\/product\/12524","targetHints":{"allow":["GET"]}}],"collection":[{"href":"https:\/\/egytouregypt.com\/fr\/wp-json\/wp\/v2\/product"}],"about":[{"href":"https:\/\/egytouregypt.com\/fr\/wp-json\/wp\/v2\/types\/product"}],"replies":[{"embeddable":true,"href":"https:\/\/egytouregypt.com\/fr\/wp-json\/wp\/v2\/comments?post=12524"}],"wp:featuredmedia":[{"embeddable":true,"href":"https:\/\/egytouregypt.com\/fr\/wp-json\/wp\/v2\/media\/12525"}],"wp:attachment":[{"href":"https:\/\/egytouregypt.com\/fr\/wp-json\/wp\/v2\/media?parent=12524"}],"wp:term":[{"taxonomy":"product_brand","embeddable":true,"href":"https:\/\/egytouregypt.com\/fr\/wp-json\/wp\/v2\/product_brand?post=12524"},{"taxonomy":"product_cat","embeddable":true,"href":"https:\/\/egytouregypt.com\/fr\/wp-json\/wp\/v2\/product_cat?post=12524"},{"taxonomy":"product_tag","embeddable":true,"href":"https:\/\/egytouregypt.com\/fr\/wp-json\/wp\/v2\/product_tag?post=12524"}],"curies":[{"name":"wp","href":"https:\/\/api.w.org\/{rel}","templated":true}]}}