{"id":12549,"date":"2025-05-28T14:34:06","date_gmt":"2025-05-28T14:34:06","guid":{"rendered":"https:\/\/egytouregypt.com\/?post_type=product&#038;p=12549"},"modified":"2025-05-28T22:02:34","modified_gmt":"2025-05-28T22:02:34","slug":"safari-familial-lapres-midi-au-depart-dhurghada","status":"publish","type":"product","link":"https:\/\/egytouregypt.com\/fr\/produit\/safari-familial-lapres-midi-au-depart-dhurghada\/","title":{"rendered":"Safari familial l&rsquo;apr\u00e8s-midi au d\u00e9part d&rsquo;Hurghada"},"content":{"rendered":"<h3><strong>Aper\u00e7u<\/strong><\/h3>\n<h3>Safari en famille apr\u00e8s midi<\/h3>\n<div class=\"flex max-w-full flex-col flex-grow\">\n<div class=\"min-h-[20px] text-message flex w-full flex-col items-end gap-2 whitespace-normal break-words [.text-message+&amp;]:mt-5\" dir=\"auto\" data-message-author-role=\"assistant\" data-message-id=\"a8508bd8-8f0f-43e7-85e4-8ce772b58c23\">\n<div class=\"flex w-full flex-col gap-1 empty:hidden first:pt-[3px]\">\n<div class=\"markdown prose w-full break-words dark:prose-invert light\">\n<p>Faites-vous chercher \u00e0 votre h\u00f4tel et conduisez avec des bus climatis\u00e9s jusqu&rsquo;\u00e0 la station principale de safari d&rsquo;o\u00f9 commence votre aventure.<\/p>\n<p>Profitez d&rsquo;une balade en quad pendant 40 minutes dans les dunes, puis d&rsquo;un trajet en voiture-araign\u00e9e pendant 20 minutes.<br \/>\nLaissez-vous envo\u00fbter par la travers\u00e9e du d\u00e9sert oriental en jeep jusqu&rsquo;au village b\u00e9douin, o\u00f9 vous ferez une balade \u00e0 dos de chameau et une promenade \u00e0 pied pour d\u00e9couvrir la vie des B\u00e9douins.<br \/>\nRetournez \u00e0 la station principale de safari o\u00f9 le bus vous attendra pour vous ramener \u00e0 vos h\u00f4tels.<\/p>\n<h2>Points forts<\/h2>\n<div class=\"wpb_text_column wpb_content_element \">\n<div class=\"wpb_wrapper\">\n<ul>\n<li>Prise en charge et retour \u00e0 l&rsquo;h\u00f4tel avec transport climatis\u00e9<\/li>\n<li>Balade en quad de 40 minutes sur les dunes du d\u00e9sert<\/li>\n<li>Balade en voiture araign\u00e9e de 20 minutes pour une aventure suppl\u00e9mentaire<\/li>\n<li>Une promenade en jeep passionnante \u00e0 travers le d\u00e9sert oriental<\/li>\n<li>Visitez un village b\u00e9douin avec une balade \u00e0 dos de chameau et une promenade dans le village<\/li>\n<li>D\u00e9couvrez le mode de vie traditionnel b\u00e9douin<\/li>\n<li>Retour \u00e0 la station principale du safari et retour \u00e0 l&rsquo;h\u00f4tel<\/li>\n<\/ul>\n<\/div>\n<\/div>\n<\/div>\n<\/div>\n<\/div>\n<\/div>\n<h3><strong>\u00a0Dur\u00e9e<\/strong><\/h3>\n<ul>\n<li>Prise en charge : vers 14h00 (selon l&#8217;emplacement de votre h\u00f4tel \u00e0 Hurghada).<\/li>\n<\/ul>\n<p>Pour toute question, contactez-nous\u00a0:<img decoding=\"async\" class=\"alignnone\" src=\"https:\/\/alivoyage.com\/wp-content\/uploads\/2024\/03\/whatsapp-svgrepo-com.svg\" alt=\"https:\/\/wa.me\/+201550089891\" width=\"76\" height=\"76\" \/><\/p>\n","protected":false},"excerpt":{"rendered":"<p>Aper\u00e7u Safari en famille apr\u00e8s midi Faites-vous chercher \u00e0 votre h\u00f4tel et conduisez avec des bus climatis\u00e9s jusqu&rsquo;\u00e0 la station principale de safari d&rsquo;o\u00f9 commence votre aventure. Profitez d&rsquo;une balade en quad pendant 40 minutes dans les dunes, puis d&rsquo;un trajet en voiture-araign\u00e9e pendant 20 minutes. Laissez-vous envo\u00fbter par la travers\u00e9e du d\u00e9sert oriental en jeep jusqu&rsquo;au village b\u00e9douin, o\u00f9 vous ferez une balade \u00e0 dos de chameau et une promenade \u00e0 pied pour d\u00e9couvrir la vie des B\u00e9douins. Retournez \u00e0 la station principale de safari o\u00f9 le bus vous attendra pour vous ramener \u00e0 vos h\u00f4tels. Points forts Prise en charge et retour \u00e0 l&rsquo;h\u00f4tel avec transport climatis\u00e9 Balade en quad de 40 minutes sur les dunes du d\u00e9sert Balade en voiture araign\u00e9e de 20 minutes pour une aventure suppl\u00e9mentaire Une promenade en jeep passionnante \u00e0 travers le d\u00e9sert oriental Visitez un village b\u00e9douin avec une balade \u00e0 dos de chameau et une promenade dans le village D\u00e9couvrez le mode de vie traditionnel b\u00e9douin Retour \u00e0 la station principale du safari et retour \u00e0 l&rsquo;h\u00f4tel \u00a0Dur\u00e9e Prise en charge : vers 14h00 (selon l&#8217;emplacement de votre h\u00f4tel \u00e0 Hurghada). Pour toute question, contactez-nous\u00a0:<\/p>\n","protected":false},"featured_media":12550,"comment_status":"open","ping_status":"closed","template":"","meta":{"_monsterinsights_skip_tracking":false,"_monsterinsights_sitenote_active":false,"_monsterinsights_sitenote_note":"","_monsterinsights_sitenote_category":0},"product_brand":[],"product_cat":[97,95],"product_tag":[],"class_list":{"0":"post-12549","1":"product","2":"type-product","3":"status-publish","4":"has-post-thumbnail","6":"product_cat-voyages-safari","7":"product_cat-voyages-en-famille","9":"first","10":"instock","11":"shipping-taxable","12":"purchasable","13":"product-type-ovabrw_car_rental"},"_links":{"self":[{"href":"https:\/\/egytouregypt.com\/fr\/wp-json\/wp\/v2\/product\/12549","targetHints":{"allow":["GET"]}}],"collection":[{"href":"https:\/\/egytouregypt.com\/fr\/wp-json\/wp\/v2\/product"}],"about":[{"href":"https:\/\/egytouregypt.com\/fr\/wp-json\/wp\/v2\/types\/product"}],"replies":[{"embeddable":true,"href":"https:\/\/egytouregypt.com\/fr\/wp-json\/wp\/v2\/comments?post=12549"}],"wp:featuredmedia":[{"embeddable":true,"href":"https:\/\/egytouregypt.com\/fr\/wp-json\/wp\/v2\/media\/12550"}],"wp:attachment":[{"href":"https:\/\/egytouregypt.com\/fr\/wp-json\/wp\/v2\/media?parent=12549"}],"wp:term":[{"taxonomy":"product_brand","embeddable":true,"href":"https:\/\/egytouregypt.com\/fr\/wp-json\/wp\/v2\/product_brand?post=12549"},{"taxonomy":"product_cat","embeddable":true,"href":"https:\/\/egytouregypt.com\/fr\/wp-json\/wp\/v2\/product_cat?post=12549"},{"taxonomy":"product_tag","embeddable":true,"href":"https:\/\/egytouregypt.com\/fr\/wp-json\/wp\/v2\/product_tag?post=12549"}],"curies":[{"name":"wp","href":"https:\/\/api.w.org\/{rel}","templated":true}]}}