{"id":12578,"date":"2025-05-28T14:39:11","date_gmt":"2025-05-28T14:39:11","guid":{"rendered":"https:\/\/egytouregypt.com\/?post_type=product&#038;p=12578"},"modified":"2025-05-28T22:03:32","modified_gmt":"2025-05-28T22:03:32","slug":"super-safari-aventure","status":"publish","type":"product","link":"https:\/\/egytouregypt.com\/fr\/produit\/super-safari-aventure\/","title":{"rendered":"Super safari aventure"},"content":{"rendered":"<h3><strong>Aper\u00e7u<\/strong><\/h3>\n<h3>Super safari<\/h3>\n<div class=\"container\">\n<div class=\"trip-insight \">\n<div class=\"insight-list-wrap row owl-carousel owl-theme owl-responsive-700 owl-loaded\">\n<div class=\"owl-controls\">\n<div class=\"owl-nav\">\n<div class=\"flex max-w-full flex-col flex-grow\">\n<div class=\"min-h-[20px] text-message flex w-full flex-col items-end gap-2 whitespace-normal break-words [.text-message+&amp;]:mt-5\" dir=\"auto\" data-message-author-role=\"assistant\" data-message-id=\"5481a9d7-d2f8-4d62-b5fb-ea77b05a7844\">\n<div class=\"flex w-full flex-col gap-1 empty:hidden first:pt-[3px]\">\n<div class=\"markdown prose w-full break-words dark:prose-invert light\">\n<p>Faites-vous chercher \u00e0 votre h\u00f4tel et conduisez avec des bus climatis\u00e9s jusqu&rsquo;\u00e0 la station principale de safari d&rsquo;o\u00f9 commence votre aventure.<\/p>\n<p>Profitez d&rsquo;une balade en quad de 40 minutes \u00e0 travers les dunes, puis d&rsquo;un trajet en voiture-araign\u00e9e de 20 minutes.<br \/>\nLaissez-vous envo\u00fbter par le trajet en jeep \u00e0 travers le d\u00e9sert oriental jusqu&rsquo;au village b\u00e9douin, o\u00f9 vous ferez une balade \u00e0 dos de chameau et une promenade \u00e0 pied pour d\u00e9couvrir la vie des B\u00e9douins.<br \/>\nRetournez \u00e0 la station de safari principale o\u00f9 vous assisterez \u00e0 un spectacle oriental typique\u00a0: danse du ventre, tannura et faqir, tout en savourant un d\u00eener barbecue accompagn\u00e9 de boissons sans alcool.<br \/>\nApr\u00e8s le spectacle, votre aventure touche \u00e0 sa fin et il est temps de rentrer \u00e0 votre h\u00f4tel.<\/p>\n<p>&nbsp;<\/p>\n<div id=\"carousel\" class=\"main-img carousel slide carousel-fade full-height with-overlay\" data-ride=\"carousel\">\n<div class=\"vc_row wpb_row vc_row-fluid\">\n<div class=\"wpb_column vc_column_container vc_col-sm-12\">\n<div class=\"vc_column-inner\">\n<div class=\"wpb_wrapper\">\n<div class=\"wpb_text_column wpb_content_element \">\n<div class=\"wpb_wrapper\">\n<h3><strong>Points forts:<\/strong><\/h3>\n<div class=\"std\">\n<div class=\"std\">\n<ul>\n<li>Prise en charge et retour \u00e0 l&rsquo;h\u00f4tel avec transport climatis\u00e9<\/li>\n<li>Balade en quad de 40 minutes sur les dunes<\/li>\n<li>Balade en voiture araign\u00e9e de 20 minutes pour plus d&rsquo;excitation<\/li>\n<li>Une promenade palpitante en jeep \u00e0 travers le d\u00e9sert oriental<\/li>\n<li>Visitez un village b\u00e9douin avec une balade \u00e0 dos de chameau et une promenade dans le village<\/li>\n<li>D\u00e9couvrez la vie et la culture traditionnelles b\u00e9douines<\/li>\n<li>Profitez d&rsquo;un d\u00eener barbecue avec boissons sans alcool<\/li>\n<li>Assistez \u00e0 un spectacle oriental avec des performances de danse du ventre, de tannura et de Faqir<\/li>\n<\/ul>\n<p>&nbsp;<\/p>\n<\/div>\n<h3 class=\"tour-item-title list-font\"><strong>Ce qu&rsquo;il faut apporter :<\/strong><\/h3>\n<div class=\"tour-item-description list-font\">\n<ul>\n<li><i class=\"fas fa-check-circle\"><\/i>Chaussures de sport confortables pour le d\u00e9sert<\/li>\n<li><i class=\"fas fa-check-circle\"><\/i>Coiffe \u2013 Foulard b\u00e9douin<\/li>\n<li><i class=\"fas fa-check-circle\"><\/i>Lunettes de soleil<\/li>\n<li><i class=\"fas fa-check-circle\"><\/i>Eau<\/li>\n<\/ul>\n<h3><strong>Dur\u00e9e<\/strong><\/h3>\n<p><strong>Premier voyage :<\/strong><\/p>\n<ul>\n<li>Prise en charge : vers 11h00 (selon l&#8217;emplacement de votre h\u00f4tel \u00e0 Hurghada).<\/li>\n<\/ul>\n<p><strong>Deuxi\u00e8me voyage :<\/strong><\/p>\n<ul>\n<li>Prise en charge : vers 13h30 (selon l&#8217;emplacement de votre h\u00f4tel \u00e0 Hurghada)<\/li>\n<\/ul>\n<p><strong>Veuillez choisir votre heure de prise en charge et nous en informer sur les notes de r\u00e9servation.<\/strong><\/p>\n<\/div>\n<\/div>\n<\/div>\n<\/div>\n<\/div>\n<\/div>\n<\/div>\n<\/div>\n<\/div>\n<\/div>\n<\/div>\n<\/div>\n<\/div>\n<\/div>\n<\/div>\n<\/div>\n<\/div>\n<\/div>\n<p>Pour toute question, contactez-nous\u00a0:<img decoding=\"async\" class=\"alignnone\" src=\"https:\/\/alivoyage.com\/wp-content\/uploads\/2024\/03\/whatsapp-svgrepo-com.svg\" alt=\"https:\/\/wa.me\/+201550089891\" width=\"76\" height=\"76\" \/><\/p>\n","protected":false},"excerpt":{"rendered":"<p>Aper\u00e7u Super safari Faites-vous chercher \u00e0 votre h\u00f4tel et conduisez avec des bus climatis\u00e9s jusqu&rsquo;\u00e0 la station principale de safari d&rsquo;o\u00f9 commence votre aventure. Profitez d&rsquo;une balade en quad de 40 minutes \u00e0 travers les dunes, puis d&rsquo;un trajet en voiture-araign\u00e9e de 20 minutes. Laissez-vous envo\u00fbter par le trajet en jeep \u00e0 travers le d\u00e9sert oriental jusqu&rsquo;au village b\u00e9douin, o\u00f9 vous ferez une balade \u00e0 dos de chameau et une promenade \u00e0 pied pour d\u00e9couvrir la vie des B\u00e9douins. Retournez \u00e0 la station de safari principale o\u00f9 vous assisterez \u00e0 un spectacle oriental typique\u00a0: danse du ventre, tannura et faqir, tout en savourant un d\u00eener barbecue accompagn\u00e9 de boissons sans alcool. Apr\u00e8s le spectacle, votre aventure touche \u00e0 sa fin et il est temps de rentrer \u00e0 votre h\u00f4tel. &nbsp; Points forts: Prise en charge et retour \u00e0 l&rsquo;h\u00f4tel avec transport climatis\u00e9 Balade en quad de 40 minutes sur les dunes Balade en voiture araign\u00e9e de 20 minutes pour plus d&rsquo;excitation Une promenade palpitante en jeep \u00e0 travers le d\u00e9sert oriental Visitez un village b\u00e9douin avec une balade \u00e0 dos de chameau et une promenade dans le village D\u00e9couvrez la vie et la culture traditionnelles b\u00e9douines Profitez d&rsquo;un d\u00eener barbecue avec boissons sans alcool Assistez \u00e0 un spectacle oriental avec des performances de danse du ventre, de tannura et de Faqir &nbsp; Ce qu&rsquo;il faut apporter : Chaussures de sport confortables pour le d\u00e9sert Coiffe \u2013 Foulard b\u00e9douin Lunettes de soleil Eau Dur\u00e9e Premier voyage : Prise en charge : vers 11h00 (selon l&#8217;emplacement de votre h\u00f4tel \u00e0 Hurghada). Deuxi\u00e8me voyage : Prise en charge : vers 13h30 (selon l&#8217;emplacement de votre h\u00f4tel \u00e0 Hurghada) Veuillez choisir votre heure de prise en charge et nous en informer sur les notes de r\u00e9servation. Pour toute question, contactez-nous\u00a0:<\/p>\n","protected":false},"featured_media":12579,"comment_status":"open","ping_status":"closed","template":"","meta":{"_monsterinsights_skip_tracking":false,"_monsterinsights_sitenote_active":false,"_monsterinsights_sitenote_note":"","_monsterinsights_sitenote_category":0},"product_brand":[],"product_cat":[97],"product_tag":[],"class_list":{"0":"post-12578","1":"product","2":"type-product","3":"status-publish","4":"has-post-thumbnail","6":"product_cat-voyages-safari","8":"first","9":"instock","10":"shipping-taxable","11":"purchasable","12":"product-type-ovabrw_car_rental"},"_links":{"self":[{"href":"https:\/\/egytouregypt.com\/fr\/wp-json\/wp\/v2\/product\/12578","targetHints":{"allow":["GET"]}}],"collection":[{"href":"https:\/\/egytouregypt.com\/fr\/wp-json\/wp\/v2\/product"}],"about":[{"href":"https:\/\/egytouregypt.com\/fr\/wp-json\/wp\/v2\/types\/product"}],"replies":[{"embeddable":true,"href":"https:\/\/egytouregypt.com\/fr\/wp-json\/wp\/v2\/comments?post=12578"}],"wp:featuredmedia":[{"embeddable":true,"href":"https:\/\/egytouregypt.com\/fr\/wp-json\/wp\/v2\/media\/12579"}],"wp:attachment":[{"href":"https:\/\/egytouregypt.com\/fr\/wp-json\/wp\/v2\/media?parent=12578"}],"wp:term":[{"taxonomy":"product_brand","embeddable":true,"href":"https:\/\/egytouregypt.com\/fr\/wp-json\/wp\/v2\/product_brand?post=12578"},{"taxonomy":"product_cat","embeddable":true,"href":"https:\/\/egytouregypt.com\/fr\/wp-json\/wp\/v2\/product_cat?post=12578"},{"taxonomy":"product_tag","embeddable":true,"href":"https:\/\/egytouregypt.com\/fr\/wp-json\/wp\/v2\/product_tag?post=12578"}],"curies":[{"name":"wp","href":"https:\/\/api.w.org\/{rel}","templated":true}]}}