{"id":12656,"date":"2025-05-28T14:50:56","date_gmt":"2025-05-28T14:50:56","guid":{"rendered":"https:\/\/egytouregypt.com\/?post_type=product&#038;p=12656"},"modified":"2025-05-28T22:04:52","modified_gmt":"2025-05-28T22:04:52","slug":"equitation-a-hurghada","status":"publish","type":"product","link":"https:\/\/egytouregypt.com\/fr\/produit\/equitation-a-hurghada\/","title":{"rendered":"\u00c9quitation \u00e0 Hurghada"},"content":{"rendered":"<h3><strong>Aper\u00e7u<\/strong><\/h3>\n<p>Nous viendrons vous chercher \u00e0 votre h\u00f4tel et vous conduirons \u00e0 l&rsquo;\u00e9curie. Vous pourrez ensuite commencer votre v\u00e9ritable aventure en nageant dans la mer \u00e0 cheval. Nous avons des chevaux pour tous les niveaux, des enfants d\u00e9butants aux cavaliers professionnels. D\u00e9couvrez le d\u00e9sert \u00e9gyptien \u00e0 cheval et admirez les paysages \u00e0 couper le souffle. Continuez jusqu&rsquo;\u00e0 la plage et glissez le long du rivage pendant 1 heure avant de rejoindre la mer.<\/p>\n<p>&nbsp;<\/p>\n<h3><strong>Dur\u00e9e : selon demande<\/strong><\/h3>\n<ul>\n<li>Veuillez choisir votre heure de prise en charge et nous en informer sur les notes de r\u00e9servation.<\/li>\n<\/ul>\n<p>Pour toute question, contactez-nous\u00a0:<img decoding=\"async\" class=\"alignnone\" src=\"https:\/\/alivoyage.com\/wp-content\/uploads\/2024\/03\/whatsapp-svgrepo-com.svg\" alt=\"https:\/\/wa.me\/+201550089891\" width=\"76\" height=\"76\" \/><\/p>\n","protected":false},"excerpt":{"rendered":"<p>Aper\u00e7u Nous viendrons vous chercher \u00e0 votre h\u00f4tel et vous conduirons \u00e0 l&rsquo;\u00e9curie. Vous pourrez ensuite commencer votre v\u00e9ritable aventure en nageant dans la mer \u00e0 cheval. Nous avons des chevaux pour tous les niveaux, des enfants d\u00e9butants aux cavaliers professionnels. D\u00e9couvrez le d\u00e9sert \u00e9gyptien \u00e0 cheval et admirez les paysages \u00e0 couper le souffle. Continuez jusqu&rsquo;\u00e0 la plage et glissez le long du rivage pendant 1 heure avant de rejoindre la mer. &nbsp; Dur\u00e9e : selon demande Veuillez choisir votre heure de prise en charge et nous en informer sur les notes de r\u00e9servation. Pour toute question, contactez-nous\u00a0:<\/p>\n","protected":false},"featured_media":12657,"comment_status":"open","ping_status":"closed","template":"","meta":{"_monsterinsights_skip_tracking":false,"_monsterinsights_sitenote_active":false,"_monsterinsights_sitenote_note":"","_monsterinsights_sitenote_category":0},"product_brand":[],"product_cat":[97],"product_tag":[],"class_list":{"0":"post-12656","1":"product","2":"type-product","3":"status-publish","4":"has-post-thumbnail","6":"product_cat-voyages-safari","8":"first","9":"instock","10":"shipping-taxable","11":"purchasable","12":"product-type-ovabrw_car_rental"},"_links":{"self":[{"href":"https:\/\/egytouregypt.com\/fr\/wp-json\/wp\/v2\/product\/12656","targetHints":{"allow":["GET"]}}],"collection":[{"href":"https:\/\/egytouregypt.com\/fr\/wp-json\/wp\/v2\/product"}],"about":[{"href":"https:\/\/egytouregypt.com\/fr\/wp-json\/wp\/v2\/types\/product"}],"replies":[{"embeddable":true,"href":"https:\/\/egytouregypt.com\/fr\/wp-json\/wp\/v2\/comments?post=12656"}],"wp:featuredmedia":[{"embeddable":true,"href":"https:\/\/egytouregypt.com\/fr\/wp-json\/wp\/v2\/media\/12657"}],"wp:attachment":[{"href":"https:\/\/egytouregypt.com\/fr\/wp-json\/wp\/v2\/media?parent=12656"}],"wp:term":[{"taxonomy":"product_brand","embeddable":true,"href":"https:\/\/egytouregypt.com\/fr\/wp-json\/wp\/v2\/product_brand?post=12656"},{"taxonomy":"product_cat","embeddable":true,"href":"https:\/\/egytouregypt.com\/fr\/wp-json\/wp\/v2\/product_cat?post=12656"},{"taxonomy":"product_tag","embeddable":true,"href":"https:\/\/egytouregypt.com\/fr\/wp-json\/wp\/v2\/product_tag?post=12656"}],"curies":[{"name":"wp","href":"https:\/\/api.w.org\/{rel}","templated":true}]}}