{"id":12677,"date":"2025-05-28T15:00:20","date_gmt":"2025-05-28T15:00:20","guid":{"rendered":"https:\/\/egytouregypt.com\/?post_type=product&#038;p=12677"},"modified":"2025-05-28T22:07:15","modified_gmt":"2025-05-28T22:07:15","slug":"excursion-dune-journee-au-caire-en-bus","status":"publish","type":"product","link":"https:\/\/egytouregypt.com\/fr\/produit\/excursion-dune-journee-au-caire-en-bus\/","title":{"rendered":"Excursion d&rsquo;une journ\u00e9e au Caire en bus"},"content":{"rendered":"<h3><\/h3>\n<div class=\"heading left\">\n<div class=\"heading left\">\n<h3>Programme de la tourn\u00e9e<\/h3>\n<\/div>\n<div class=\"wpb_text_column wpb_content_element \">\n<div class=\"wpb_wrapper\">\n<p>Nous viendrons vous chercher \u00e0 votre h\u00f4tel tard dans la nuit, entre 1h00 et 2h00 du matin, en\u00a0\u00a0<strong>bus climatis\u00e9.<\/strong><\/p>\n<p>Commencez par visiter les grandes pyramides de\u00a0\u00a0<strong>Gizeh<br \/>\n<\/strong>construites par les pharaons\u00a0\u00a0<strong>Kh\u00e9ops, Kh\u00e9phren et Myk\u00e9rinos.<\/strong><\/p>\n<p>Ensuite nous irons visiter le\u00a0\u00a0<strong>Sphinx<\/strong>\u00a0\u00a0dont le visage du roi\u00a0<strong>\u00a0Kh\u00e9phren<\/strong>\u00a0\u00a0et le corps du lion repr\u00e9sentent la force.<\/p>\n<p>La visite comprend \u00e9galement une visite du Temple de la Vall\u00e9e, qui appartient aux Pyramides de\u00a0\u00a0<strong>Kh\u00e9phren.<\/strong><\/p>\n<p>Profitez de votre d\u00e9jeuner \u00e9gyptien dans un\u00a0<strong>\u00a0restaurant traditionnel.<\/strong><\/p>\n<p>Enfin, vous terminerez ensuite en vous dirigeant vers\u00a0\u00a0<strong>le Mus\u00e9e \u00e9gyptien<\/strong>\u00a0, o\u00f9 vous pourrez voir une collection rare de 5000 ans d&rsquo;art qui est consid\u00e9r\u00e9e comme la plus grande et la plus pr\u00e9cieuse collection d&rsquo;art \u00e9gyptien au monde. y compris une exposition consacr\u00e9e \u00e0\u00a0\u00a0<strong>la collection de tr\u00e9sors<\/strong>\u00a0, d&rsquo;or et de bijoux de Toutankhamon qui \u00e9tait enferm\u00e9e dans sa tombe<\/p>\n<p>D\u00e9part du Caire et retour \u00e0 Hurghada vers 22h00<\/p>\n<\/div>\n<\/div>\n<\/div>\n<div class=\"wpb_text_column wpb_content_element\">\n<div class=\"vc_row wpb_row vc_row-fluid\">\n<div class=\"wpb_column vc_column_container vc_col-sm-12\">\n<div class=\"vc_column-inner\">\n<div class=\"wpb_wrapper\">\n<div class=\"heading left\">\n<h3>Points forts<\/h3>\n<\/div>\n<\/div>\n<\/div>\n<\/div>\n<\/div>\n<div class=\"vc_row wpb_row vc_row-fluid\">\n<div class=\"wpb_column vc_column_container vc_col-sm-12\">\n<div class=\"vc_column-inner\">\n<div class=\"wpb_wrapper\">\n<div class=\"wpb_text_column wpb_content_element\">\n<div class=\"wpb_wrapper\">\n<ul>\n<li>Explorez la collection d&rsquo;art \u00e9gyptien<\/li>\n<li>La salle de Toutankhamon avec son tr\u00e9sor<\/li>\n<li>D\u00e9couvrez les collections du mus\u00e9e qui d\u00e9passent les 120 000 objets<\/li>\n<li>\u00c9merveillez-vous devant des expositions vieilles de plus de 5 000 ans<\/li>\n<li>Les Grandes Pyramides, l&rsquo;une des sept merveilles du monde antique<\/li>\n<li>Pyramides de Kh\u00e9ops, Kh\u00e9phren et Myk\u00e9rinos<\/li>\n<li>Grand Sphinx<\/li>\n<li>Profitez du Temple de la Vall\u00e9e<\/li>\n<li>De nombreux arr\u00eats photos exceptionnels<\/li>\n<li>D\u00e9licieux d\u00e9jeuner dans un restaurant local au Caire<\/li>\n<\/ul>\n<p>&nbsp;<\/p>\n<h2>\u00a0Dur\u00e9e<\/h2>\n<p><strong>Prise en charge : vers 2h00 du matin<\/strong><\/p>\n<\/div>\n<\/div>\n<\/div>\n<\/div>\n<\/div>\n<\/div>\n<\/div>\n<p>Pour toute question, contactez-nous\u00a0:<img decoding=\"async\" class=\"alignnone\" src=\"https:\/\/alivoyage.com\/wp-content\/uploads\/2024\/03\/whatsapp-svgrepo-com.svg\" alt=\"https:\/\/wa.me\/+201550089891\" width=\"76\" height=\"76\" \/><\/p>\n","protected":false},"excerpt":{"rendered":"<p>Programme de la tourn\u00e9e Nous viendrons vous chercher \u00e0 votre h\u00f4tel tard dans la nuit, entre 1h00 et 2h00 du matin, en\u00a0\u00a0bus climatis\u00e9. Commencez par visiter les grandes pyramides de\u00a0\u00a0Gizeh construites par les pharaons\u00a0\u00a0Kh\u00e9ops, Kh\u00e9phren et Myk\u00e9rinos. Ensuite nous irons visiter le\u00a0\u00a0Sphinx\u00a0\u00a0dont le visage du roi\u00a0\u00a0Kh\u00e9phren\u00a0\u00a0et le corps du lion repr\u00e9sentent la force. La visite comprend \u00e9galement une visite du Temple de la Vall\u00e9e, qui appartient aux Pyramides de\u00a0\u00a0Kh\u00e9phren. Profitez de votre d\u00e9jeuner \u00e9gyptien dans un\u00a0\u00a0restaurant traditionnel. Enfin, vous terminerez ensuite en vous dirigeant vers\u00a0\u00a0le Mus\u00e9e \u00e9gyptien\u00a0, o\u00f9 vous pourrez voir une collection rare de 5000 ans d&rsquo;art qui est consid\u00e9r\u00e9e comme la plus grande et la plus pr\u00e9cieuse collection d&rsquo;art \u00e9gyptien au monde. y compris une exposition consacr\u00e9e \u00e0\u00a0\u00a0la collection de tr\u00e9sors\u00a0, d&rsquo;or et de bijoux de Toutankhamon qui \u00e9tait enferm\u00e9e dans sa tombe D\u00e9part du Caire et retour \u00e0 Hurghada vers 22h00 Points forts Explorez la collection d&rsquo;art \u00e9gyptien La salle de Toutankhamon avec son tr\u00e9sor D\u00e9couvrez les collections du mus\u00e9e qui d\u00e9passent les 120 000 objets \u00c9merveillez-vous devant des expositions vieilles de plus de 5 000 ans Les Grandes Pyramides, l&rsquo;une des sept merveilles du monde antique Pyramides de Kh\u00e9ops, Kh\u00e9phren et Myk\u00e9rinos Grand Sphinx Profitez du Temple de la Vall\u00e9e De nombreux arr\u00eats photos exceptionnels D\u00e9licieux d\u00e9jeuner dans un restaurant local au Caire &nbsp; \u00a0Dur\u00e9e Prise en charge : vers 2h00 du matin Pour toute question, contactez-nous\u00a0:<\/p>\n","protected":false},"featured_media":12678,"comment_status":"open","ping_status":"closed","template":"","meta":{"_monsterinsights_skip_tracking":false,"_monsterinsights_sitenote_active":false,"_monsterinsights_sitenote_note":"","_monsterinsights_sitenote_category":0},"product_brand":[],"product_cat":[96],"product_tag":[],"class_list":{"0":"post-12677","1":"product","2":"type-product","3":"status-publish","4":"has-post-thumbnail","6":"product_cat-voyages-historiques","8":"first","9":"instock","10":"shipping-taxable","11":"purchasable","12":"product-type-ovabrw_car_rental"},"_links":{"self":[{"href":"https:\/\/egytouregypt.com\/fr\/wp-json\/wp\/v2\/product\/12677","targetHints":{"allow":["GET"]}}],"collection":[{"href":"https:\/\/egytouregypt.com\/fr\/wp-json\/wp\/v2\/product"}],"about":[{"href":"https:\/\/egytouregypt.com\/fr\/wp-json\/wp\/v2\/types\/product"}],"replies":[{"embeddable":true,"href":"https:\/\/egytouregypt.com\/fr\/wp-json\/wp\/v2\/comments?post=12677"}],"wp:featuredmedia":[{"embeddable":true,"href":"https:\/\/egytouregypt.com\/fr\/wp-json\/wp\/v2\/media\/12678"}],"wp:attachment":[{"href":"https:\/\/egytouregypt.com\/fr\/wp-json\/wp\/v2\/media?parent=12677"}],"wp:term":[{"taxonomy":"product_brand","embeddable":true,"href":"https:\/\/egytouregypt.com\/fr\/wp-json\/wp\/v2\/product_brand?post=12677"},{"taxonomy":"product_cat","embeddable":true,"href":"https:\/\/egytouregypt.com\/fr\/wp-json\/wp\/v2\/product_cat?post=12677"},{"taxonomy":"product_tag","embeddable":true,"href":"https:\/\/egytouregypt.com\/fr\/wp-json\/wp\/v2\/product_tag?post=12677"}],"curies":[{"name":"wp","href":"https:\/\/api.w.org\/{rel}","templated":true}]}}