{"id":12732,"date":"2025-05-28T15:07:46","date_gmt":"2025-05-28T15:07:46","guid":{"rendered":"https:\/\/egytouregypt.com\/?post_type=product&#038;p=12732"},"modified":"2025-05-28T22:09:18","modified_gmt":"2025-05-28T22:09:18","slug":"excursion-dune-journee-au-caire-en-avion","status":"publish","type":"product","link":"https:\/\/egytouregypt.com\/fr\/produit\/excursion-dune-journee-au-caire-en-avion\/","title":{"rendered":"Excursion d&rsquo;une journ\u00e9e au Caire en avion"},"content":{"rendered":"<h3><\/h3>\n<div class=\"heading left\">\n<div class=\"heading left\">\n<div class=\"heading left\">\n<h2>Aper\u00e7u<\/h2>\n<h3>Hurghada\u00a0: excursion d&rsquo;une journ\u00e9e au Caire en avion<\/h3>\n<p>Volez d&rsquo;Hurghada au Caire en seulement une heure et plongez dans la richesse historique et culturelle de l&rsquo;\u00c9gypte lors de cette excursion d&rsquo;une journ\u00e9e. Explorez les embl\u00e9matiques pyramides de Gizeh, admirez le Sphinx et d\u00e9couvrez les tr\u00e9sors du Mus\u00e9e \u00e9gyptien. L&rsquo;apr\u00e8s-midi, profitez d&rsquo;une s\u00e9ance de shopping au bazar anim\u00e9 de Khan el-Khalili.<\/p>\n<h3><strong>Points forts:<\/strong><\/h3>\n<div class=\"wpb_text_column wpb_content_element \">\n<div class=\"wpb_wrapper\">\n<ul>\n<li class=\"activity-highlights__list-item\" data-v-72aefa1b=\"\">Visitez la Grande Pyramide de Gizeh, l&rsquo;une des 7 merveilles du monde antique<\/li>\n<li class=\"activity-highlights__list-item\" data-v-72aefa1b=\"\">\u00c9merveillez-vous devant le caract\u00e8re unique du Sphinx<\/li>\n<li class=\"activity-highlights__list-item\" data-v-72aefa1b=\"\">D\u00e9couvrez-en davantage sur l&rsquo;histoire et les artefacts du mus\u00e9e \u00e9gyptien de renomm\u00e9e mondiale<\/li>\n<li class=\"activity-highlights__list-item\" data-v-72aefa1b=\"\">Profitez du shopping au march\u00e9 Khan el-Khalili<\/li>\n<\/ul>\n<p>&nbsp;<\/p>\n<div class=\"activity-accordion-item-header\">\n<h3 class=\"activity-accordion-item__title\"><strong>Informations importantes :<\/strong><\/h3>\n<div class=\"activity-important-information__content\" data-v-2a08770a=\"\">\n<p class=\"activity-important-information__title\" data-v-2a08770a=\"\"><strong>Quoi apporter<\/strong><\/p>\n<section class=\"toggle-content\" data-v-2a08770a=\"\" data-v-59485d64=\"\">\n<div class=\"toggle-content__content\" data-v-59485d64=\"\">\n<ul class=\"activity-important-information__list to-bring\" data-v-2a08770a=\"\">\n<li class=\"activity-important-information__item\" data-v-2a08770a=\"\">Passeport ou carte d&rsquo;identit\u00e9<\/li>\n<li class=\"activity-important-information__item\" data-v-2a08770a=\"\">Des v\u00eatements confortables<\/li>\n<\/ul>\n<\/div>\n<\/section>\n<\/div>\n<div class=\"activity-important-information__content\" data-v-2a08770a=\"\">\n<p class=\"activity-important-information__title\" data-v-2a08770a=\"\"><strong>Non autoris\u00e9<\/strong><\/p>\n<section class=\"toggle-content\" data-v-2a08770a=\"\" data-v-59485d64=\"\">\n<div class=\"toggle-content__content\" data-v-59485d64=\"\">\n<ul class=\"activity-important-information__list not-allowed\" data-v-2a08770a=\"\">\n<li class=\"activity-important-information__item\" data-v-2a08770a=\"\">Animaux de compagnie<\/li>\n<\/ul>\n<\/div>\n<\/section>\n<\/div>\n<div class=\"activity-important-information__content\" data-v-2a08770a=\"\">\n<p class=\"activity-important-information__title\" data-v-2a08770a=\"\"><strong>\u00c0 savoir avant de partir<\/strong><\/p>\n<section class=\"toggle-content\" data-v-2a08770a=\"\" data-v-59485d64=\"\">\n<div class=\"toggle-content__content toggle-content__content--expanded toggle-content__content--packable\" data-v-59485d64=\"\">\n<ul class=\"activity-important-information__list good-to-know\" data-v-2a08770a=\"\">\n<li class=\"activity-important-information__item\" data-v-2a08770a=\"\">Veuillez contacter le voyagiste apr\u00e8s la r\u00e9servation pour fournir tous les noms et num\u00e9ros de passeport de tous les voyageurs ainsi que l&rsquo;heure de prise en charge souhait\u00e9e \u00e0 votre h\u00f4tel \u00e0 Hurghada.<\/li>\n<li class=\"activity-important-information__item\" data-v-2a08770a=\"\">La prise en charge et le retour depuis n&rsquo;importe quel h\u00f4tel d&rsquo;Hurghada sont gratuits : la prise en charge et le retour depuis Makadi, Sahl Hashesh, Soma Bay, El Gouna et Safaga sont disponibles moyennant des frais suppl\u00e9mentaires.<\/li>\n<li class=\"activity-important-information__item\" data-v-2a08770a=\"\">L&rsquo;heure de vol peut changer en fonction de la saison<\/li>\n<li class=\"activity-important-information__item\" data-v-2a08770a=\"\">L&rsquo;heure de prise en charge et de retour d\u00e9pend des horaires de vol<\/li>\n<\/ul>\n<h2>\u00a0Dur\u00e9e<\/h2>\n<p><strong>Prise en charge : vers 5h00 du matin<\/strong><\/p>\n<\/div>\n<\/section>\n<\/div>\n<\/div>\n<\/div>\n<\/div>\n<\/div>\n<\/div>\n<\/div>\n<p>Pour toute question, contactez-nous\u00a0:<img decoding=\"async\" class=\"alignnone\" src=\"https:\/\/alivoyage.com\/wp-content\/uploads\/2024\/03\/whatsapp-svgrepo-com.svg\" alt=\"https:\/\/wa.me\/+201550089891\" width=\"76\" height=\"76\" \/><\/p>\n","protected":false},"excerpt":{"rendered":"<p>Aper\u00e7u Hurghada\u00a0: excursion d&rsquo;une journ\u00e9e au Caire en avion Volez d&rsquo;Hurghada au Caire en seulement une heure et plongez dans la richesse historique et culturelle de l&rsquo;\u00c9gypte lors de cette excursion d&rsquo;une journ\u00e9e. Explorez les embl\u00e9matiques pyramides de Gizeh, admirez le Sphinx et d\u00e9couvrez les tr\u00e9sors du Mus\u00e9e \u00e9gyptien. L&rsquo;apr\u00e8s-midi, profitez d&rsquo;une s\u00e9ance de shopping au bazar anim\u00e9 de Khan el-Khalili. Points forts: Visitez la Grande Pyramide de Gizeh, l&rsquo;une des 7 merveilles du monde antique \u00c9merveillez-vous devant le caract\u00e8re unique du Sphinx D\u00e9couvrez-en davantage sur l&rsquo;histoire et les artefacts du mus\u00e9e \u00e9gyptien de renomm\u00e9e mondiale Profitez du shopping au march\u00e9 Khan el-Khalili &nbsp; Informations importantes : Quoi apporter Passeport ou carte d&rsquo;identit\u00e9 Des v\u00eatements confortables Non autoris\u00e9 Animaux de compagnie \u00c0 savoir avant de partir Veuillez contacter le voyagiste apr\u00e8s la r\u00e9servation pour fournir tous les noms et num\u00e9ros de passeport de tous les voyageurs ainsi que l&rsquo;heure de prise en charge souhait\u00e9e \u00e0 votre h\u00f4tel \u00e0 Hurghada. La prise en charge et le retour depuis n&rsquo;importe quel h\u00f4tel d&rsquo;Hurghada sont gratuits : la prise en charge et le retour depuis Makadi, Sahl Hashesh, Soma Bay, El Gouna et Safaga sont disponibles moyennant des frais suppl\u00e9mentaires. L&rsquo;heure de vol peut changer en fonction de la saison L&rsquo;heure de prise en charge et de retour d\u00e9pend des horaires de vol \u00a0Dur\u00e9e Prise en charge : vers 5h00 du matin Pour toute question, contactez-nous\u00a0:<\/p>\n","protected":false},"featured_media":12698,"comment_status":"open","ping_status":"closed","template":"","meta":{"_monsterinsights_skip_tracking":false,"_monsterinsights_sitenote_active":false,"_monsterinsights_sitenote_note":"","_monsterinsights_sitenote_category":0},"product_brand":[],"product_cat":[96],"product_tag":[],"class_list":{"0":"post-12732","1":"product","2":"type-product","3":"status-publish","4":"has-post-thumbnail","6":"product_cat-voyages-historiques","8":"first","9":"instock","10":"shipping-taxable","11":"purchasable","12":"product-type-ovabrw_car_rental"},"_links":{"self":[{"href":"https:\/\/egytouregypt.com\/fr\/wp-json\/wp\/v2\/product\/12732","targetHints":{"allow":["GET"]}}],"collection":[{"href":"https:\/\/egytouregypt.com\/fr\/wp-json\/wp\/v2\/product"}],"about":[{"href":"https:\/\/egytouregypt.com\/fr\/wp-json\/wp\/v2\/types\/product"}],"replies":[{"embeddable":true,"href":"https:\/\/egytouregypt.com\/fr\/wp-json\/wp\/v2\/comments?post=12732"}],"wp:featuredmedia":[{"embeddable":true,"href":"https:\/\/egytouregypt.com\/fr\/wp-json\/wp\/v2\/media\/12698"}],"wp:attachment":[{"href":"https:\/\/egytouregypt.com\/fr\/wp-json\/wp\/v2\/media?parent=12732"}],"wp:term":[{"taxonomy":"product_brand","embeddable":true,"href":"https:\/\/egytouregypt.com\/fr\/wp-json\/wp\/v2\/product_brand?post=12732"},{"taxonomy":"product_cat","embeddable":true,"href":"https:\/\/egytouregypt.com\/fr\/wp-json\/wp\/v2\/product_cat?post=12732"},{"taxonomy":"product_tag","embeddable":true,"href":"https:\/\/egytouregypt.com\/fr\/wp-json\/wp\/v2\/product_tag?post=12732"}],"curies":[{"name":"wp","href":"https:\/\/api.w.org\/{rel}","templated":true}]}}