{"id":12767,"date":"2025-05-28T15:15:21","date_gmt":"2025-05-28T15:15:21","guid":{"rendered":"https:\/\/egytouregypt.com\/?post_type=product&#038;p=12767"},"modified":"2025-05-28T22:08:26","modified_gmt":"2025-05-28T22:08:26","slug":"excursion-dune-journee-dhurghada-a-louxor-en-minibus","status":"publish","type":"product","link":"https:\/\/egytouregypt.com\/fr\/produit\/excursion-dune-journee-dhurghada-a-louxor-en-minibus\/","title":{"rendered":"Excursion d&rsquo;une journ\u00e9e d&rsquo;Hurghada \u00e0 Louxor en minibus"},"content":{"rendered":"<h3><\/h3>\n<div class=\"heading left\">\n<div class=\"heading left\">\n<h2>Aper\u00e7u<\/h2>\n<p>Commencez votre journ\u00e9e \u00e0 Louxor depuis votre h\u00f4tel vers 4h30\/5h00 du matin en\u00a0\u00a0<strong>minibus climatis\u00e9<\/strong>\u00a0avec \u00a0 un groupe de seulement\u00a0\u00a0<strong>8 personnes.<\/strong><\/p>\n<p>Avec une population d&rsquo;environ 500\u00a0000 habitants, Louxor est la plus grande ville de Haute-\u00c9gypte et la capitale administrative du gouvernorat de Louxor. Le Nil divise la ville en deux parties.<\/p>\n<p>Au nord-est de Louxor se trouve le c\u00e9l\u00e8bre temple de Karnak, autrefois le plus important de l&rsquo;\u00c9gypte antique, avec ses imposantes colonnes, ses ob\u00e9lisques et ses statues qui impressionnent par leur taille. Plus au sud, vous trouverez le mus\u00e9e de Louxor, qui abrite les r\u00e9centes d\u00e9couvertes arch\u00e9ologiques de la r\u00e9gion, suivi du temple de Louxor. Construit par Amenhotep III et Rams\u00e8s II, ce temple \u00e9tait d\u00e9di\u00e9 \u00e0 Amon-R\u00ea, le roi des dieux.<\/p>\n<p>De l&rsquo;autre c\u00f4t\u00e9 du Nil, sur la rive ouest, se dresse le temple de la reine Hatchepsout, l&rsquo;un des mieux pr\u00e9serv\u00e9s de Th\u00e8bes, datant de la XVIIIe dynastie. Non loin de l\u00e0 se trouve la Vall\u00e9e des Rois, o\u00f9 le tombeau presque intact de Tout\u00e2nkhamon fut d\u00e9couvert par Howard Carter en 1922. Sur la rive ouest se trouvent \u00e9galement les imposants colosses de Memnon, qui repr\u00e9sentent le pharaon Amenhotep III.<\/p>\n<p>La Vall\u00e9e des Rois est particuli\u00e8rement c\u00e9l\u00e8bre pour ses tombeaux des souverains les plus c\u00e9l\u00e8bres du Nouvel Empire. Un voyage en bus d&rsquo;Hurghada \u00e0 Louxor est incontournable pour quiconque souhaite explorer la riche histoire de l&rsquo;\u00c9gypte.<\/p>\n<p>&nbsp;<\/p>\n<h2>Dur\u00e9e<\/h2>\n<p><strong>Prise en charge : vers 4h00 du matin<\/strong><\/p>\n<\/div>\n<\/div>\n<p>Pour toute question, contactez-nous\u00a0:<img decoding=\"async\" class=\"alignnone\" src=\"https:\/\/alivoyage.com\/wp-content\/uploads\/2024\/03\/whatsapp-svgrepo-com.svg\" alt=\"https:\/\/wa.me\/+201550089891\" width=\"76\" height=\"76\" \/><\/p>\n","protected":false},"excerpt":{"rendered":"<p>Aper\u00e7u Commencez votre journ\u00e9e \u00e0 Louxor depuis votre h\u00f4tel vers 4h30\/5h00 du matin en\u00a0\u00a0minibus climatis\u00e9\u00a0avec \u00a0 un groupe de seulement\u00a0\u00a08 personnes. Avec une population d&rsquo;environ 500\u00a0000 habitants, Louxor est la plus grande ville de Haute-\u00c9gypte et la capitale administrative du gouvernorat de Louxor. Le Nil divise la ville en deux parties. Au nord-est de Louxor se trouve le c\u00e9l\u00e8bre temple de Karnak, autrefois le plus important de l&rsquo;\u00c9gypte antique, avec ses imposantes colonnes, ses ob\u00e9lisques et ses statues qui impressionnent par leur taille. Plus au sud, vous trouverez le mus\u00e9e de Louxor, qui abrite les r\u00e9centes d\u00e9couvertes arch\u00e9ologiques de la r\u00e9gion, suivi du temple de Louxor. Construit par Amenhotep III et Rams\u00e8s II, ce temple \u00e9tait d\u00e9di\u00e9 \u00e0 Amon-R\u00ea, le roi des dieux. De l&rsquo;autre c\u00f4t\u00e9 du Nil, sur la rive ouest, se dresse le temple de la reine Hatchepsout, l&rsquo;un des mieux pr\u00e9serv\u00e9s de Th\u00e8bes, datant de la XVIIIe dynastie. Non loin de l\u00e0 se trouve la Vall\u00e9e des Rois, o\u00f9 le tombeau presque intact de Tout\u00e2nkhamon fut d\u00e9couvert par Howard Carter en 1922. Sur la rive ouest se trouvent \u00e9galement les imposants colosses de Memnon, qui repr\u00e9sentent le pharaon Amenhotep III. La Vall\u00e9e des Rois est particuli\u00e8rement c\u00e9l\u00e8bre pour ses tombeaux des souverains les plus c\u00e9l\u00e8bres du Nouvel Empire. Un voyage en bus d&rsquo;Hurghada \u00e0 Louxor est incontournable pour quiconque souhaite explorer la riche histoire de l&rsquo;\u00c9gypte. &nbsp; Dur\u00e9e Prise en charge : vers 4h00 du matin Pour toute question, contactez-nous\u00a0:<\/p>\n","protected":false},"featured_media":12750,"comment_status":"open","ping_status":"closed","template":"","meta":{"_monsterinsights_skip_tracking":false,"_monsterinsights_sitenote_active":false,"_monsterinsights_sitenote_note":"","_monsterinsights_sitenote_category":0},"product_brand":[],"product_cat":[96],"product_tag":[],"class_list":{"0":"post-12767","1":"product","2":"type-product","3":"status-publish","4":"has-post-thumbnail","6":"product_cat-voyages-historiques","8":"first","9":"instock","10":"shipping-taxable","11":"purchasable","12":"product-type-ovabrw_car_rental"},"_links":{"self":[{"href":"https:\/\/egytouregypt.com\/fr\/wp-json\/wp\/v2\/product\/12767","targetHints":{"allow":["GET"]}}],"collection":[{"href":"https:\/\/egytouregypt.com\/fr\/wp-json\/wp\/v2\/product"}],"about":[{"href":"https:\/\/egytouregypt.com\/fr\/wp-json\/wp\/v2\/types\/product"}],"replies":[{"embeddable":true,"href":"https:\/\/egytouregypt.com\/fr\/wp-json\/wp\/v2\/comments?post=12767"}],"wp:featuredmedia":[{"embeddable":true,"href":"https:\/\/egytouregypt.com\/fr\/wp-json\/wp\/v2\/media\/12750"}],"wp:attachment":[{"href":"https:\/\/egytouregypt.com\/fr\/wp-json\/wp\/v2\/media?parent=12767"}],"wp:term":[{"taxonomy":"product_brand","embeddable":true,"href":"https:\/\/egytouregypt.com\/fr\/wp-json\/wp\/v2\/product_brand?post=12767"},{"taxonomy":"product_cat","embeddable":true,"href":"https:\/\/egytouregypt.com\/fr\/wp-json\/wp\/v2\/product_cat?post=12767"},{"taxonomy":"product_tag","embeddable":true,"href":"https:\/\/egytouregypt.com\/fr\/wp-json\/wp\/v2\/product_tag?post=12767"}],"curies":[{"name":"wp","href":"https:\/\/api.w.org\/{rel}","templated":true}]}}