{"id":12822,"date":"2025-05-28T15:34:32","date_gmt":"2025-05-28T15:34:32","guid":{"rendered":"https:\/\/egytouregypt.com\/?post_type=product&#038;p=12822"},"modified":"2025-05-28T22:10:20","modified_gmt":"2025-05-28T22:10:20","slug":"visite-de-la-ville-dhurghada-et-du-musee-national-dhurghada","status":"publish","type":"product","link":"https:\/\/egytouregypt.com\/fr\/produit\/visite-de-la-ville-dhurghada-et-du-musee-national-dhurghada\/","title":{"rendered":"Visite de la ville d&rsquo;Hurghada et du mus\u00e9e national d&rsquo;Hurghada"},"content":{"rendered":"<h2>Aper\u00e7u<\/h2>\n<h2>Visite de la ville d&rsquo;Hurghada et du mus\u00e9e national d&rsquo;Hurghada<\/h2>\n<p><strong>D\u00e9couvrez la riche histoire de l&rsquo;\u00c9gypte avec une visite guid\u00e9e du mus\u00e9e d&rsquo;Hurghada et une visite de la ville<\/strong><\/p>\n<p>Votre voyage commence par une prise en charge pratique \u00e0 votre h\u00f4tel en v\u00e9hicule climatis\u00e9. Plongez dans l&rsquo;histoire de la plus ancienne civilisation du monde en explorant 2\u00a0000 objets originaux au mus\u00e9e d&rsquo;Hurghada, retra\u00e7ant les \u00e9poques de l&rsquo;\u00c9gypte antique, de la p\u00e9riode copte et de l&rsquo;\u00e8re islamique. Apr\u00e8s la visite du mus\u00e9e, profitez de temps libre pour explorer les expositions \u00e0 votre rythme.<\/p>\n<p>Ensuite, embarquez pour une visite de la ville d&rsquo;Hurghada, o\u00f9 vous d\u00e9couvrirez ses march\u00e9s anim\u00e9s, sa marina pittoresque et sa vie quotidienne tr\u00e9pidante. Impr\u00e9gnez-vous du charme et de la beaut\u00e9 uniques de cette ville c\u00f4ti\u00e8re en d\u00e9couvrant sa culture et ses sites touristiques. La journ\u00e9e se termine par votre retour \u00e0 l&rsquo;h\u00f4tel, empli de souvenirs inoubliables d&rsquo;Hurghada, \u00e0 la fois historique et moderne.<\/p>\n<div class=\"vc_row wpb_row vc_row-fluid\">\n<div class=\"wpb_column vc_column_container vc_col-sm-12\">\n<div class=\"vc_column-inner\">\n<div class=\"wpb_wrapper\">\n<div class=\"heading left\">\n<div class=\"vc_row wpb_row vc_row-fluid\">\n<div class=\"wpb_column vc_column_container vc_col-sm-12\">\n<div class=\"vc_column-inner\">\n<div class=\"wpb_wrapper\">\n<div class=\"heading left\">\n<div class=\"vc_row wpb_row vc_row-fluid\">\n<div class=\"wpb_column vc_column_container vc_col-sm-12\">\n<div class=\"vc_column-inner\">\n<div class=\"wpb_wrapper\">\n<div class=\"heading left\">\n<h3><strong>Points forts:<\/strong><\/h3>\n<\/div>\n<\/div>\n<\/div>\n<\/div>\n<\/div>\n<div class=\"vc_row wpb_row vc_row-fluid\">\n<div class=\"wpb_column vc_column_container vc_col-sm-12\">\n<div class=\"vc_column-inner\">\n<div class=\"wpb_wrapper\">\n<div class=\"wpb_text_column wpb_content_element \">\n<div class=\"wpb_wrapper\">\n<p><strong>Mus\u00e9e d&rsquo;Hurghada<\/strong><\/p>\n<ul>\n<li>Prise en charge et retour \u00e0 l&rsquo;h\u00f4tel dans un v\u00e9hicule climatis\u00e9<\/li>\n<li>Explorez plus de 2 000 artefacts au mus\u00e9e d&rsquo;Hurghada<\/li>\n<li>Apprenez-en plus sur l&rsquo;\u00c9gypte ancienne, la p\u00e9riode copte et l&rsquo;\u00e8re islamique<\/li>\n<li>Profitez de votre temps libre pour explorer le mus\u00e9e \u00e0 votre rythme<\/li>\n<li>Visite guid\u00e9e de la ville d&rsquo;Hurghada, des march\u00e9s anim\u00e9s et de la marina pittoresque<\/li>\n<li>D\u00e9couvrez la culture locale et la beaut\u00e9 de la ville c\u00f4ti\u00e8re<\/li>\n<li>Retour \u00e0 votre h\u00f4tel apr\u00e8s une journ\u00e9e compl\u00e8te d&rsquo;exploration<\/li>\n<\/ul>\n<\/div>\n<\/div>\n<\/div>\n<\/div>\n<\/div>\n<\/div>\n<\/div>\n<\/div>\n<\/div>\n<\/div>\n<\/div>\n<\/div>\n<\/div>\n<\/div>\n<\/div>\n<\/div>\n<div class=\"vc_row wpb_row vc_row-fluid\">\n<div class=\"wpb_column vc_column_container vc_col-sm-12\">\n<div class=\"vc_column-inner\">\n<div class=\"wpb_wrapper\">\n<div class=\"wpb_text_column wpb_content_element \">\n<div class=\"wpb_wrapper\">\n<div class=\"heading left\">\n<div class=\"heading left\">\n<div class=\"heading left\">\n<h3><strong>Que prendre avec vous ?<\/strong><\/h3>\n<\/div>\n<div class=\"wpb_text_column wpb_content_element \">\n<div class=\"wpb_wrapper\">\n<ul>\n<li>Lunettes de soleil<\/li>\n<li>chapeau de soleil<\/li>\n<li>Cam\u00e9ra<\/li>\n<li>Cr\u00e8me solaire<\/li>\n<\/ul>\n<h3><strong>Dur\u00e9e : selon demande<\/strong><\/h3>\n<\/div>\n<\/div>\n<\/div>\n<\/div>\n<\/div>\n<\/div>\n<\/div>\n<\/div>\n<\/div>\n<\/div>\n<div class=\"ova-video-gallery\">\n<div class=\"btn-header btn-video btn-video-gallery\" data-src=\"https:\/\/www.youtube.com\/watch?v=oU4NxfYDy7Q\" data-controls=\"{&quot;autoplay&quot;:&quot;yes&quot;,&quot;mute&quot;:&quot;no&quot;,&quot;loop&quot;:&quot;yes&quot;,&quot;controls&quot;:&quot;yes&quot;,&quot;modest&quot;:&quot;yes&quot;,&quot;rel&quot;:&quot;yes&quot;}\"><\/div>\n<\/div>\n<p>Pour toute question, contactez-nous\u00a0:<img decoding=\"async\" class=\"alignnone\" src=\"https:\/\/alivoyage.com\/wp-content\/uploads\/2024\/03\/whatsapp-svgrepo-com.svg\" alt=\"https:\/\/wa.me\/+201550089891\" width=\"76\" height=\"76\" \/><\/p>\n","protected":false},"excerpt":{"rendered":"<p>Aper\u00e7u Visite de la ville d&rsquo;Hurghada et du mus\u00e9e national d&rsquo;Hurghada D\u00e9couvrez la riche histoire de l&rsquo;\u00c9gypte avec une visite guid\u00e9e du mus\u00e9e d&rsquo;Hurghada et une visite de la ville Votre voyage commence par une prise en charge pratique \u00e0 votre h\u00f4tel en v\u00e9hicule climatis\u00e9. Plongez dans l&rsquo;histoire de la plus ancienne civilisation du monde en explorant 2\u00a0000 objets originaux au mus\u00e9e d&rsquo;Hurghada, retra\u00e7ant les \u00e9poques de l&rsquo;\u00c9gypte antique, de la p\u00e9riode copte et de l&rsquo;\u00e8re islamique. Apr\u00e8s la visite du mus\u00e9e, profitez de temps libre pour explorer les expositions \u00e0 votre rythme. Ensuite, embarquez pour une visite de la ville d&rsquo;Hurghada, o\u00f9 vous d\u00e9couvrirez ses march\u00e9s anim\u00e9s, sa marina pittoresque et sa vie quotidienne tr\u00e9pidante. Impr\u00e9gnez-vous du charme et de la beaut\u00e9 uniques de cette ville c\u00f4ti\u00e8re en d\u00e9couvrant sa culture et ses sites touristiques. La journ\u00e9e se termine par votre retour \u00e0 l&rsquo;h\u00f4tel, empli de souvenirs inoubliables d&rsquo;Hurghada, \u00e0 la fois historique et moderne. Points forts: Mus\u00e9e d&rsquo;Hurghada Prise en charge et retour \u00e0 l&rsquo;h\u00f4tel dans un v\u00e9hicule climatis\u00e9 Explorez plus de 2 000 artefacts au mus\u00e9e d&rsquo;Hurghada Apprenez-en plus sur l&rsquo;\u00c9gypte ancienne, la p\u00e9riode copte et l&rsquo;\u00e8re islamique Profitez de votre temps libre pour explorer le mus\u00e9e \u00e0 votre rythme Visite guid\u00e9e de la ville d&rsquo;Hurghada, des march\u00e9s anim\u00e9s et de la marina pittoresque D\u00e9couvrez la culture locale et la beaut\u00e9 de la ville c\u00f4ti\u00e8re Retour \u00e0 votre h\u00f4tel apr\u00e8s une journ\u00e9e compl\u00e8te d&rsquo;exploration Que prendre avec vous ? Lunettes de soleil chapeau de soleil Cam\u00e9ra Cr\u00e8me solaire Dur\u00e9e : selon demande Pour toute question, contactez-nous\u00a0:<\/p>\n","protected":false},"featured_media":12823,"comment_status":"open","ping_status":"closed","template":"","meta":{"_monsterinsights_skip_tracking":false,"_monsterinsights_sitenote_active":false,"_monsterinsights_sitenote_note":"","_monsterinsights_sitenote_category":0},"product_brand":[],"product_cat":[95],"product_tag":[],"class_list":{"0":"post-12822","1":"product","2":"type-product","3":"status-publish","4":"has-post-thumbnail","6":"product_cat-voyages-en-famille","8":"first","9":"instock","10":"shipping-taxable","11":"purchasable","12":"product-type-ovabrw_car_rental"},"_links":{"self":[{"href":"https:\/\/egytouregypt.com\/fr\/wp-json\/wp\/v2\/product\/12822","targetHints":{"allow":["GET"]}}],"collection":[{"href":"https:\/\/egytouregypt.com\/fr\/wp-json\/wp\/v2\/product"}],"about":[{"href":"https:\/\/egytouregypt.com\/fr\/wp-json\/wp\/v2\/types\/product"}],"replies":[{"embeddable":true,"href":"https:\/\/egytouregypt.com\/fr\/wp-json\/wp\/v2\/comments?post=12822"}],"wp:featuredmedia":[{"embeddable":true,"href":"https:\/\/egytouregypt.com\/fr\/wp-json\/wp\/v2\/media\/12823"}],"wp:attachment":[{"href":"https:\/\/egytouregypt.com\/fr\/wp-json\/wp\/v2\/media?parent=12822"}],"wp:term":[{"taxonomy":"product_brand","embeddable":true,"href":"https:\/\/egytouregypt.com\/fr\/wp-json\/wp\/v2\/product_brand?post=12822"},{"taxonomy":"product_cat","embeddable":true,"href":"https:\/\/egytouregypt.com\/fr\/wp-json\/wp\/v2\/product_cat?post=12822"},{"taxonomy":"product_tag","embeddable":true,"href":"https:\/\/egytouregypt.com\/fr\/wp-json\/wp\/v2\/product_tag?post=12822"}],"curies":[{"name":"wp","href":"https:\/\/api.w.org\/{rel}","templated":true}]}}