{"id":12847,"date":"2025-05-28T15:38:53","date_gmt":"2025-05-28T15:38:53","guid":{"rendered":"https:\/\/egytouregypt.com\/?post_type=product&#038;p=12847"},"modified":"2025-05-28T22:10:54","modified_gmt":"2025-05-28T22:10:54","slug":"visite-de-la-ville-dhurghada-et-du-grand-aquarium","status":"publish","type":"product","link":"https:\/\/egytouregypt.com\/fr\/produit\/visite-de-la-ville-dhurghada-et-du-grand-aquarium\/","title":{"rendered":"Visite de la ville d&rsquo;Hurghada et du Grand Aquarium"},"content":{"rendered":"<h2>Aper\u00e7u<\/h2>\n<h3>Visite de la ville d&rsquo;Hurghada et grand aquarium<\/h3>\n<p><strong>Vivez une journ\u00e9e m\u00e9morable avec le Grand Aquarium d&rsquo;Hurghada et la visite de la ville<\/strong><\/p>\n<p>Commencez votre journ\u00e9e par une prise en charge pratique depuis votre h\u00f4tel d&rsquo;Hurghada ou des environs. Embarquez pour une excursion au Grand Aquarium d&rsquo;Hurghada, o\u00f9 vous d\u00e9couvrirez plus de 1\u00a0200 esp\u00e8ces r\u00e9parties dans 24 galeries. D\u00e9couvrez une vie marine \u00e9poustouflante, notamment des raies pastenagues et des requins, et profitez d&rsquo;exp\u00e9riences interactives au bassin tactile. Ne manquez pas le mini-zoo, o\u00f9 vous pourrez observer de pr\u00e8s la faune indig\u00e8ne.<\/p>\n<p>Apr\u00e8s votre visite de l&rsquo;aquarium, poursuivez votre journ\u00e9e par une visite de la ville d&rsquo;Hurghada. Explorez les march\u00e9s anim\u00e9s, la magnifique marina et d&rsquo;autres sites embl\u00e9matiques qui mettent en valeur le charme unique de la ville. \u00c0 la fin de votre visite, vous serez confortablement reconduit \u00e0 votre h\u00f4tel.<\/p>\n<p>&nbsp;<\/p>\n<p><strong>Points forts:<\/strong><\/p>\n<div class=\"vc_row wpb_row vc_row-fluid\">\n<div class=\"wpb_column vc_column_container vc_col-sm-12\">\n<div class=\"vc_column-inner\">\n<div class=\"wpb_wrapper\">\n<div class=\"wpb_text_column wpb_content_element \">\n<div class=\"wpb_wrapper\">\n<ul>\n<li>Prise en charge et retour \u00e0 l&rsquo;h\u00f4tel depuis Hurghada ou les environs<\/li>\n<li>Explorez plus de 1 200 esp\u00e8ces dans 24 galeries au Grand Aquarium d&rsquo;Hurghada<\/li>\n<li>D\u00e9couvrez une vie marine \u00e9poustouflante comme des raies pastenagues et des requins<\/li>\n<li>Exp\u00e9rience interactive au bassin tactile<\/li>\n<li>Visitez le mini zoo et d\u00e9couvrez la faune indig\u00e8ne<\/li>\n<li>Visite guid\u00e9e de la ville d&rsquo;Hurghada, des march\u00e9s, de la marina et des principaux monuments<\/li>\n<\/ul>\n<h3><strong>Dur\u00e9e<\/strong><\/h3>\n<p>Premier voyage :<\/p>\n<p>Prise en charge : vers 9h30 (selon l&#8217;emplacement de votre h\u00f4tel \u00e0 Hurghada)<\/p>\n<p>Deuxi\u00e8me voyage :<\/p>\n<p>Prise en charge : vers 13h30 (selon l&#8217;emplacement de votre h\u00f4tel \u00e0 Hurghada)<\/p>\n<\/div>\n<\/div>\n<\/div>\n<\/div>\n<\/div>\n<\/div>\n<div class=\"ova-video-gallery\">\n<div class=\"btn-header btn-video btn-video-gallery\" data-src=\"https:\/\/www.youtube.com\/watch?v=oU4NxfYDy7Q\" data-controls=\"{&quot;autoplay&quot;:&quot;yes&quot;,&quot;mute&quot;:&quot;no&quot;,&quot;loop&quot;:&quot;yes&quot;,&quot;controls&quot;:&quot;yes&quot;,&quot;modest&quot;:&quot;yes&quot;,&quot;rel&quot;:&quot;yes&quot;}\"><\/div>\n<\/div>\n<p>Pour toute question, contactez-nous\u00a0:<img decoding=\"async\" class=\"alignnone\" src=\"https:\/\/alivoyage.com\/wp-content\/uploads\/2024\/03\/whatsapp-svgrepo-com.svg\" alt=\"https:\/\/wa.me\/+201550089891\" width=\"76\" height=\"76\" \/><\/p>\n","protected":false},"excerpt":{"rendered":"<p>Aper\u00e7u Visite de la ville d&rsquo;Hurghada et grand aquarium Vivez une journ\u00e9e m\u00e9morable avec le Grand Aquarium d&rsquo;Hurghada et la visite de la ville Commencez votre journ\u00e9e par une prise en charge pratique depuis votre h\u00f4tel d&rsquo;Hurghada ou des environs. Embarquez pour une excursion au Grand Aquarium d&rsquo;Hurghada, o\u00f9 vous d\u00e9couvrirez plus de 1\u00a0200 esp\u00e8ces r\u00e9parties dans 24 galeries. D\u00e9couvrez une vie marine \u00e9poustouflante, notamment des raies pastenagues et des requins, et profitez d&rsquo;exp\u00e9riences interactives au bassin tactile. Ne manquez pas le mini-zoo, o\u00f9 vous pourrez observer de pr\u00e8s la faune indig\u00e8ne. Apr\u00e8s votre visite de l&rsquo;aquarium, poursuivez votre journ\u00e9e par une visite de la ville d&rsquo;Hurghada. Explorez les march\u00e9s anim\u00e9s, la magnifique marina et d&rsquo;autres sites embl\u00e9matiques qui mettent en valeur le charme unique de la ville. \u00c0 la fin de votre visite, vous serez confortablement reconduit \u00e0 votre h\u00f4tel. &nbsp; Points forts: Prise en charge et retour \u00e0 l&rsquo;h\u00f4tel depuis Hurghada ou les environs Explorez plus de 1 200 esp\u00e8ces dans 24 galeries au Grand Aquarium d&rsquo;Hurghada D\u00e9couvrez une vie marine \u00e9poustouflante comme des raies pastenagues et des requins Exp\u00e9rience interactive au bassin tactile Visitez le mini zoo et d\u00e9couvrez la faune indig\u00e8ne Visite guid\u00e9e de la ville d&rsquo;Hurghada, des march\u00e9s, de la marina et des principaux monuments Dur\u00e9e Premier voyage : Prise en charge : vers 9h30 (selon l&#8217;emplacement de votre h\u00f4tel \u00e0 Hurghada) Deuxi\u00e8me voyage : Prise en charge : vers 13h30 (selon l&#8217;emplacement de votre h\u00f4tel \u00e0 Hurghada) Pour toute question, contactez-nous\u00a0:<\/p>\n","protected":false},"featured_media":12848,"comment_status":"open","ping_status":"closed","template":"","meta":{"_monsterinsights_skip_tracking":false,"_monsterinsights_sitenote_active":false,"_monsterinsights_sitenote_note":"","_monsterinsights_sitenote_category":0},"product_brand":[],"product_cat":[95],"product_tag":[],"class_list":{"0":"post-12847","1":"product","2":"type-product","3":"status-publish","4":"has-post-thumbnail","6":"product_cat-voyages-en-famille","8":"first","9":"instock","10":"shipping-taxable","11":"purchasable","12":"product-type-ovabrw_car_rental"},"_links":{"self":[{"href":"https:\/\/egytouregypt.com\/fr\/wp-json\/wp\/v2\/product\/12847","targetHints":{"allow":["GET"]}}],"collection":[{"href":"https:\/\/egytouregypt.com\/fr\/wp-json\/wp\/v2\/product"}],"about":[{"href":"https:\/\/egytouregypt.com\/fr\/wp-json\/wp\/v2\/types\/product"}],"replies":[{"embeddable":true,"href":"https:\/\/egytouregypt.com\/fr\/wp-json\/wp\/v2\/comments?post=12847"}],"wp:featuredmedia":[{"embeddable":true,"href":"https:\/\/egytouregypt.com\/fr\/wp-json\/wp\/v2\/media\/12848"}],"wp:attachment":[{"href":"https:\/\/egytouregypt.com\/fr\/wp-json\/wp\/v2\/media?parent=12847"}],"wp:term":[{"taxonomy":"product_brand","embeddable":true,"href":"https:\/\/egytouregypt.com\/fr\/wp-json\/wp\/v2\/product_brand?post=12847"},{"taxonomy":"product_cat","embeddable":true,"href":"https:\/\/egytouregypt.com\/fr\/wp-json\/wp\/v2\/product_cat?post=12847"},{"taxonomy":"product_tag","embeddable":true,"href":"https:\/\/egytouregypt.com\/fr\/wp-json\/wp\/v2\/product_tag?post=12847"}],"curies":[{"name":"wp","href":"https:\/\/api.w.org\/{rel}","templated":true}]}}