{"id":11810,"date":"2025-05-15T20:29:40","date_gmt":"2025-05-15T20:29:40","guid":{"rendered":"https:\/\/egytouregypt.com\/transform\/"},"modified":"2025-05-26T22:04:38","modified_gmt":"2025-05-26T22:04:38","slug":"transform","status":"publish","type":"page","link":"https:\/\/egytouregypt.com\/ro\/transform\/","title":{"rendered":"Transforma"},"content":{"rendered":"\t\t<div data-elementor-type=\"wp-page\" data-elementor-id=\"11810\" class=\"elementor elementor-11810 elementor-9447\" data-elementor-post-type=\"page\">\n\t\t\t\t\t\t<section class=\"elementor-section elementor-top-section elementor-element elementor-element-4fceef8a elementor-section-full_width elementor-section-stretched elementor-section-height-default elementor-section-height-default wpr-particle-no wpr-jarallax-no wpr-parallax-no wpr-sticky-section-no\" data-id=\"4fceef8a\" data-element_type=\"section\" data-settings=\"{&quot;background_background&quot;:&quot;classic&quot;,&quot;stretch_section&quot;:&quot;section-stretched&quot;,&quot;shape_divider_bottom&quot;:&quot;curve&quot;,&quot;shape_divider_bottom_negative&quot;:&quot;yes&quot;}\">\n\t\t\t\t\t\t\t<div class=\"elementor-background-overlay\"><\/div>\n\t\t\t\t\t\t<div class=\"elementor-shape elementor-shape-bottom\" aria-hidden=\"true\" data-negative=\"true\">\n\t\t\t<svg xmlns=\"http:\/\/www.w3.org\/2000\/svg\" viewBox=\"0 0 1000 100\" preserveAspectRatio=\"none\">\n\t<path class=\"elementor-shape-fill\" d=\"M500,97C126.7,96.3,0.8,19.8,0,0v100l1000,0V1C1000,19.4,873.3,97.8,500,97z\"\/>\n<\/svg>\t\t<\/div>\n\t\t\t\t\t<div class=\"elementor-container elementor-column-gap-default\">\n\t\t\t\t\t<div class=\"elementor-column elementor-col-100 elementor-top-column elementor-element elementor-element-4767eba0\" data-id=\"4767eba0\" data-element_type=\"column\">\n\t\t\t<div class=\"elementor-widget-wrap elementor-element-populated\">\n\t\t\t\t\t\t<div class=\"elementor-element elementor-element-2605aae1 elementor-widget elementor-widget-heading\" data-id=\"2605aae1\" data-element_type=\"widget\" data-widget_type=\"heading.default\">\n\t\t\t\t<div class=\"elementor-widget-container\">\n\t\t\t\t\t<h2 class=\"elementor-heading-title elementor-size-default\">REZERV\u0102 TRANSFER CU NOI<\/h2>\t\t\t\t<\/div>\n\t\t\t\t<\/div>\n\t\t\t\t\t<\/div>\n\t\t<\/div>\n\t\t\t\t\t<\/div>\n\t\t<\/section>\n\t\t\t\t<section class=\"elementor-section elementor-top-section elementor-element elementor-element-8596187 elementor-section-boxed elementor-section-height-default elementor-section-height-default wpr-particle-no wpr-jarallax-no wpr-parallax-no wpr-sticky-section-no\" data-id=\"8596187\" data-element_type=\"section\">\n\t\t\t\t\t\t<div class=\"elementor-container elementor-column-gap-default\">\n\t\t\t\t\t<div class=\"elementor-column elementor-col-50 elementor-top-column elementor-element elementor-element-4e88d2e\" data-id=\"4e88d2e\" data-element_type=\"column\">\n\t\t\t<div class=\"elementor-widget-wrap elementor-element-populated\">\n\t\t\t\t\t\t<div class=\"elementor-element elementor-element-31300354 elementor-button-align-stretch elementor-widget elementor-widget-form\" data-id=\"31300354\" data-element_type=\"widget\" data-settings=\"{&quot;step_next_label&quot;:&quot;Next&quot;,&quot;step_previous_label&quot;:&quot;Previous&quot;,&quot;button_width&quot;:&quot;100&quot;,&quot;step_type&quot;:&quot;number_text&quot;,&quot;step_icon_shape&quot;:&quot;circle&quot;}\" data-widget_type=\"form.default\">\n\t\t\t\t<div class=\"elementor-widget-container\">\n\t\t\t\t\t\t\t<form class=\"elementor-form\" method=\"post\" name=\"New Form\">\n\t\t\t<input type=\"hidden\" name=\"post_id\" value=\"11810\"\/>\n\t\t\t<input type=\"hidden\" name=\"form_id\" value=\"31300354\"\/>\n\t\t\t<input type=\"hidden\" name=\"referer_title\" value=\"Transforma - Egytour Egypt\" \/>\n\n\t\t\t\t\t\t\t<input type=\"hidden\" name=\"queried_id\" value=\"11810\"\/>\n\t\t\t\n\t\t\t<div class=\"elementor-form-fields-wrapper elementor-labels-above\">\n\t\t\t\t\t\t\t\t<div class=\"elementor-field-type-text elementor-field-group elementor-column elementor-field-group-name elementor-col-100\">\n\t\t\t\t\t\t\t\t\t\t\t\t<label for=\"form-field-name\" class=\"elementor-field-label\">\n\t\t\t\t\t\t\t\tNume\t\t\t\t\t\t\t<\/label>\n\t\t\t\t\t\t\t\t\t\t\t\t\t\t<input size=\"1\" type=\"text\" name=\"form_fields[name]\" id=\"form-field-name\" class=\"elementor-field elementor-size-sm  elementor-field-textual\">\n\t\t\t\t\t\t\t\t\t\t\t<\/div>\n\t\t\t\t\t\t\t\t<div class=\"elementor-field-type-email elementor-field-group elementor-column elementor-field-group-email elementor-col-50 elementor-field-required\">\n\t\t\t\t\t\t\t\t\t\t\t\t<label for=\"form-field-email\" class=\"elementor-field-label\">\n\t\t\t\t\t\t\t\tEmail\t\t\t\t\t\t\t<\/label>\n\t\t\t\t\t\t\t\t\t\t\t\t\t\t<input size=\"1\" type=\"email\" name=\"form_fields[email]\" id=\"form-field-email\" class=\"elementor-field elementor-size-sm  elementor-field-textual\" required=\"required\">\n\t\t\t\t\t\t\t\t\t\t\t<\/div>\n\t\t\t\t\t\t\t\t<div class=\"elementor-field-type-number elementor-field-group elementor-column elementor-field-group-field_3bf0fa2 elementor-col-50\">\n\t\t\t\t\t\t\t\t\t\t\t\t<label for=\"form-field-field_3bf0fa2\" class=\"elementor-field-label\">\n\t\t\t\t\t\t\t\tNum\u0103r\t\t\t\t\t\t\t<\/label>\n\t\t\t\t\t\t\t\t\t<input type=\"number\" name=\"form_fields[field_3bf0fa2]\" id=\"form-field-field_3bf0fa2\" class=\"elementor-field elementor-size-sm  elementor-field-textual\" min=\"\" max=\"\" >\n\t\t\t\t\t\t<\/div>\n\t\t\t\t\t\t\t\t<div class=\"elementor-field-type-number elementor-field-group elementor-column elementor-field-group-field_5399b19 elementor-col-50\">\n\t\t\t\t\t\t\t\t\t\t\t\t<label for=\"form-field-field_5399b19\" class=\"elementor-field-label\">\n\t\t\t\t\t\t\t\tAdul\u021bi\t\t\t\t\t\t\t<\/label>\n\t\t\t\t\t\t\t\t\t<input type=\"number\" name=\"form_fields[field_5399b19]\" id=\"form-field-field_5399b19\" class=\"elementor-field elementor-size-sm  elementor-field-textual\" min=\"\" max=\"\" >\n\t\t\t\t\t\t<\/div>\n\t\t\t\t\t\t\t\t<div class=\"elementor-field-type-number elementor-field-group elementor-column elementor-field-group-field_5dd3598 elementor-col-50\">\n\t\t\t\t\t\t\t\t\t\t\t\t<label for=\"form-field-field_5dd3598\" class=\"elementor-field-label\">\n\t\t\t\t\t\t\t\tCopil\t\t\t\t\t\t\t<\/label>\n\t\t\t\t\t\t\t\t\t<input type=\"number\" name=\"form_fields[field_5dd3598]\" id=\"form-field-field_5dd3598\" class=\"elementor-field elementor-size-sm  elementor-field-textual\" min=\"\" max=\"\" >\n\t\t\t\t\t\t<\/div>\n\t\t\t\t\t\t\t\t<div class=\"elementor-field-type-text elementor-field-group elementor-column elementor-field-group-field_ccb72a3 elementor-col-50\">\n\t\t\t\t\t\t\t\t\t\t\t\t<label for=\"form-field-field_ccb72a3\" class=\"elementor-field-label\">\n\t\t\t\t\t\t\t\tPick Up Point\t\t\t\t\t\t\t<\/label>\n\t\t\t\t\t\t\t\t\t\t\t\t\t\t<input size=\"1\" type=\"text\" name=\"form_fields[field_ccb72a3]\" id=\"form-field-field_ccb72a3\" class=\"elementor-field elementor-size-sm  elementor-field-textual\">\n\t\t\t\t\t\t\t\t\t\t\t<\/div>\n\t\t\t\t\t\t\t\t<div class=\"elementor-field-type-text elementor-field-group elementor-column elementor-field-group-field_506879d elementor-col-50\">\n\t\t\t\t\t\t\t\t\t\t\t\t<label for=\"form-field-field_506879d\" class=\"elementor-field-label\">\n\t\t\t\t\t\t\t\tPunct de plecare\t\t\t\t\t\t\t<\/label>\n\t\t\t\t\t\t\t\t\t\t\t\t\t\t<input size=\"1\" type=\"text\" name=\"form_fields[field_506879d]\" id=\"form-field-field_506879d\" class=\"elementor-field elementor-size-sm  elementor-field-textual\">\n\t\t\t\t\t\t\t\t\t\t\t<\/div>\n\t\t\t\t\t\t\t\t<div class=\"elementor-field-type-date elementor-field-group elementor-column elementor-field-group-field_8719255 elementor-col-50\">\n\t\t\t\t\t\t\t\t\t\t\t\t<label for=\"form-field-field_8719255\" class=\"elementor-field-label\">\n\t\t\t\t\t\t\t\tTransfer Date\t\t\t\t\t\t\t<\/label>\n\t\t\t\t\t\t\n\t\t<input type=\"date\" name=\"form_fields[field_8719255]\" id=\"form-field-field_8719255\" class=\"elementor-field elementor-size-sm  elementor-field-textual elementor-date-field\" pattern=\"[0-9]{4}-[0-9]{2}-[0-9]{2}\">\n\t\t\t\t\t\t<\/div>\n\t\t\t\t\t\t\t\t<div class=\"elementor-field-type-time elementor-field-group elementor-column elementor-field-group-field_ede42fc elementor-col-50\">\n\t\t\t\t\t\t\t\t\t\t\t\t<label for=\"form-field-field_ede42fc\" class=\"elementor-field-label\">\n\t\t\t\t\t\t\t\tTimpul de transfer\t\t\t\t\t\t\t<\/label>\n\t\t\t\t\t\t\t\t<input type=\"time\" name=\"form_fields[field_ede42fc]\" id=\"form-field-field_ede42fc\" class=\"elementor-field elementor-size-sm  elementor-field-textual elementor-time-field\">\n\t\t\t\t\t\t<\/div>\n\t\t\t\t\t\t\t\t<div class=\"elementor-field-type-textarea elementor-field-group elementor-column elementor-field-group-message elementor-col-100\">\n\t\t\t\t\t\t\t\t\t\t\t\t<label for=\"form-field-message\" class=\"elementor-field-label\">\n\t\t\t\t\t\t\t\tComentariu\t\t\t\t\t\t\t<\/label>\n\t\t\t\t\t\t<textarea class=\"elementor-field-textual elementor-field  elementor-size-sm\" name=\"form_fields[message]\" id=\"form-field-message\" rows=\"4\"><\/textarea>\t\t\t\t<\/div>\n\t\t\t\t\t\t\t\t<div class=\"elementor-field-group elementor-column elementor-field-type-submit elementor-col-100 e-form__buttons\">\n\t\t\t\t\t<button class=\"elementor-button elementor-size-sm\" type=\"submit\">\n\t\t\t\t\t\t<span class=\"elementor-button-content-wrapper\">\n\t\t\t\t\t\t\t\t\t\t\t\t\t\t\t\t\t\t\t\t\t\t<span class=\"elementor-button-text\">Trimite<\/span>\n\t\t\t\t\t\t\t\t\t\t\t\t\t<\/span>\n\t\t\t\t\t<\/button>\n\t\t\t\t<\/div>\n\t\t\t<\/div>\n\t\t<\/form>\n\t\t\t\t\t\t<\/div>\n\t\t\t\t<\/div>\n\t\t\t\t\t<\/div>\n\t\t<\/div>\n\t\t\t\t<div class=\"elementor-column elementor-col-50 elementor-top-column elementor-element elementor-element-44efc4af\" data-id=\"44efc4af\" data-element_type=\"column\">\n\t\t\t<div class=\"elementor-widget-wrap elementor-element-populated\">\n\t\t\t\t\t\t<div class=\"elementor-element elementor-element-6443e04 elementor-widget elementor-widget-heading\" data-id=\"6443e04\" data-element_type=\"widget\" data-widget_type=\"heading.default\">\n\t\t\t\t<div class=\"elementor-widget-container\">\n\t\t\t\t\t<h2 class=\"elementor-heading-title elementor-size-default\">Pre\u021burile de transfer<\/h2>\t\t\t\t<\/div>\n\t\t\t\t<\/div>\n\t\t\t\t<div class=\"elementor-element elementor-element-441d86a0 elementor-widget elementor-widget-text-editor\" data-id=\"441d86a0\" data-element_type=\"widget\" data-widget_type=\"text-editor.default\">\n\t\t\t\t<div class=\"elementor-widget-container\">\n\t\t\t\t\t\t\t\t\t<p class=\"break-words\" dir=\"auto\">Iat\u0103 tabelul tradus \u00een limba rom\u00e2n\u0103 cu acela\u0219i format<\/p><div class=\"my-2 relative group\/table overflow-x-auto\" dir=\"auto\"><table dir=\"auto\"><thead class=\"border-b border-primary\/20\"><tr class=\"border-primary\/10\"><th class=\"break-words\">De la aeroport la<\/th><th class=\"break-words\">1-3 persoane<\/th><th class=\"break-words\">4-8 persoane<\/th><th class=\"break-words\">9-16 persoane<\/th><\/tr><\/thead><tbody><tr class=\"border-primary\/10\"><td class=\"break-words\">Hotel \u00een Hurghada<\/td><td class=\"break-words\">15,00 \u20ac<\/td><td class=\"break-words\">25,00 \u20ac<\/td><td class=\"break-words\">40,00 \u20ac<\/td><\/tr><tr class=\"border-primary\/10\"><td class=\"break-words\">Makadi Bay<\/td><td class=\"break-words\">20,00 \u20ac<\/td><td class=\"break-words\">30,00 \u20ac<\/td><td class=\"break-words\">50,00 \u20ac<\/td><\/tr><tr class=\"border-primary\/10\"><td class=\"break-words\">El Gouna<\/td><td class=\"break-words\">20,00 \u20ac<\/td><td class=\"break-words\">30,00 \u20ac<\/td><td class=\"break-words\">50,00 \u20ac<\/td><\/tr><tr class=\"border-primary\/10\"><td class=\"break-words\">Sahl Hasheesh<\/td><td class=\"break-words\">20,00 \u20ac<\/td><td class=\"break-words\">30,00 \u20ac<\/td><td class=\"break-words\">50,00 \u20ac<\/td><\/tr><tr class=\"border-primary\/10\"><td class=\"break-words\">Safaga<\/td><td class=\"break-words\">25,00 \u20ac<\/td><td class=\"break-words\">35,00 \u20ac<\/td><td class=\"break-words\">70,00 \u20ac<\/td><\/tr><tr class=\"border-primary\/10\"><td class=\"break-words\">Soma Bay<\/td><td class=\"break-words\">25,00 \u20ac<\/td><td class=\"break-words\">35,00 \u20ac<\/td><td class=\"break-words\">70,00 \u20ac<\/td><\/tr><tr class=\"border-primary\/10\"><td class=\"break-words\">Magic Life Kalawy<\/td><td class=\"break-words\">35,00 \u20ac<\/td><td class=\"break-words\">45,00 \u20ac<\/td><td class=\"break-words\">80,00 \u20ac<\/td><\/tr><tr class=\"border-primary\/10\"><td class=\"break-words\">El Quseir<\/td><td class=\"break-words\">50,00 \u20ac<\/td><td class=\"break-words\">70,00 \u20ac<\/td><td class=\"break-words\">120,00 \u20ac<\/td><\/tr><tr class=\"border-primary\/10\"><td class=\"break-words\">Port Ghalib<\/td><td class=\"break-words\">70,00 \u20ac<\/td><td class=\"break-words\">100,00 \u20ac<\/td><td class=\"break-words\">150,00 \u20ac<\/td><\/tr><tr class=\"border-primary\/10\"><td class=\"break-words\">Marsa Alam<\/td><td class=\"break-words\">80,00 \u20ac<\/td><td class=\"break-words\">110,00 \u20ac<\/td><td class=\"break-words\">165,00 \u20ac<\/td><\/tr><tr class=\"border-primary\/10\"><td class=\"break-words\">Lahami Bay<\/td><td class=\"break-words\">125,00 \u20ac<\/td><td class=\"break-words\">175,00 \u20ac<\/td><td class=\"break-words\">250,00 \u20ac<\/td><\/tr><tr class=\"border-primary\/10\"><td class=\"break-words\">Luxor<\/td><td class=\"break-words\">120,00 \u20ac<\/td><td class=\"break-words\">150,00 \u20ac<\/td><td class=\"break-words\">220,00 \u20ac<\/td><\/tr><tr class=\"border-primary\/10\"><td class=\"break-words\">Aswan<\/td><td class=\"break-words\">200,00 \u20ac<\/td><td class=\"break-words\">250,00 \u20ac<\/td><td class=\"break-words\">350,00 \u20ac<\/td><\/tr><tr class=\"border-primary\/10\"><td class=\"break-words\">Cairo<\/td><td class=\"break-words\">145,00 \u20ac<\/td><td class=\"break-words\">185,00 \u20ac<\/td><td class=\"break-words\">270,00 \u20ac<\/td><\/tr><tr class=\"border-primary\/10\"><td class=\"break-words\">Alexandria<\/td><td class=\"break-words\">190,00 \u20ac<\/td><td class=\"break-words\">250,00 \u20ac<\/td><td class=\"break-words\">310,00 \u20ac<\/td><\/tr><\/tbody><\/table><\/div><p>\u00a0<\/p>\t\t\t\t\t\t\t\t<\/div>\n\t\t\t\t<\/div>\n\t\t\t\t\t<\/div>\n\t\t<\/div>\n\t\t\t\t\t<\/div>\n\t\t<\/section>\n\t\t\t\t<\/div>\n\t\t","protected":false},"excerpt":{"rendered":"<p>REZERV\u0102 TRANSFER CU NOI Pre\u021burile de transfer Iat\u0103 tabelul tradus \u00een limba rom\u00e2n\u0103 cu acela\u0219i format De la aeroport la 1-3 persoane 4-8 persoane 9-16 persoane Hotel \u00een Hurghada 15,00 \u20ac 25,00 \u20ac 40,00 \u20ac Makadi Bay 20,00 \u20ac 30,00 \u20ac 50,00 \u20ac El Gouna 20,00 \u20ac 30,00 \u20ac 50,00 \u20ac Sahl Hasheesh 20,00 \u20ac 30,00 \u20ac 50,00 \u20ac Safaga 25,00 \u20ac 35,00 \u20ac 70,00 \u20ac Soma Bay 25,00 \u20ac 35,00 \u20ac 70,00 \u20ac Magic Life Kalawy 35,00 \u20ac 45,00 \u20ac 80,00 \u20ac El Quseir 50,00 \u20ac 70,00 \u20ac 120,00 \u20ac Port Ghalib 70,00 \u20ac 100,00 \u20ac 150,00 \u20ac Marsa Alam 80,00 \u20ac 110,00 \u20ac 165,00 \u20ac Lahami Bay 125,00 \u20ac 175,00 \u20ac 250,00 \u20ac Luxor 120,00 \u20ac 150,00 \u20ac 220,00 \u20ac Aswan 200,00 \u20ac 250,00 \u20ac 350,00 \u20ac Cairo 145,00 \u20ac 185,00 \u20ac 270,00 \u20ac Alexandria 190,00 \u20ac 250,00 \u20ac 310,00 \u20ac \u00a0<\/p>\n","protected":false},"author":5,"featured_media":0,"parent":0,"menu_order":0,"comment_status":"closed","ping_status":"closed","template":"elementor_header_footer","meta":{"_monsterinsights_skip_tracking":false,"_monsterinsights_sitenote_active":false,"_monsterinsights_sitenote_note":"","_monsterinsights_sitenote_category":0,"footnotes":""},"class_list":["post-11810","page","type-page","status-publish","hentry"],"_links":{"self":[{"href":"https:\/\/egytouregypt.com\/ro\/wp-json\/wp\/v2\/pages\/11810","targetHints":{"allow":["GET"]}}],"collection":[{"href":"https:\/\/egytouregypt.com\/ro\/wp-json\/wp\/v2\/pages"}],"about":[{"href":"https:\/\/egytouregypt.com\/ro\/wp-json\/wp\/v2\/types\/page"}],"author":[{"embeddable":true,"href":"https:\/\/egytouregypt.com\/ro\/wp-json\/wp\/v2\/users\/5"}],"replies":[{"embeddable":true,"href":"https:\/\/egytouregypt.com\/ro\/wp-json\/wp\/v2\/comments?post=11810"}],"version-history":[{"count":7,"href":"https:\/\/egytouregypt.com\/ro\/wp-json\/wp\/v2\/pages\/11810\/revisions"}],"predecessor-version":[{"id":12143,"href":"https:\/\/egytouregypt.com\/ro\/wp-json\/wp\/v2\/pages\/11810\/revisions\/12143"}],"wp:attachment":[{"href":"https:\/\/egytouregypt.com\/ro\/wp-json\/wp\/v2\/media?parent=11810"}],"curies":[{"name":"wp","href":"https:\/\/api.w.org\/{rel}","templated":true}]}}