{"id":12875,"date":"2025-05-28T15:59:56","date_gmt":"2025-05-28T15:59:56","guid":{"rendered":"https:\/\/egytouregypt.com\/?post_type=product&#038;p=12875"},"modified":"2025-05-28T22:19:05","modified_gmt":"2025-05-28T22:19:05","slug":"semisubmarin-seascope","status":"publish","type":"product","link":"https:\/\/egytouregypt.com\/ro\/produs\/semisubmarin-seascope\/","title":{"rendered":"Semisubmarin Seascope"},"content":{"rendered":"<h2>Prezentare general\u0103<\/h2>\n<h2>Semisubmarin Seascope<\/h2>\n<p>\u00cencepe\u021bi-v\u0103 aventura cu o preluare de la hotel \u00eentr-un vehicul cu aer condi\u021bionat p\u00e2n\u0103 la Marina Hurghada. Bucura\u021bi-v\u0103 de o plimbare pitoreasc\u0103 cu un semi-submarin, oferind vederi panoramice subacvatice ale recifelor de corali vibrante \u0219i ale vie\u021bii marine fascinante. Dup\u0103 plimbarea cu submarinul, continua\u021bi-v\u0103 c\u0103l\u0103toria cu un tur ghidat al celor mai emblematice repere religioase din Hurghada. Vizita\u021bi frumoasa Biseric\u0103 Copt\u0103, unde pute\u021bi admira arhitectura acesteia \u0219i pute\u021bi afla despre comunitatea cre\u0219tin\u0103 din Egipt. Apoi, vizita\u021bi grandioasa Moschee Al Mina, un exemplu uimitor de arhitectur\u0103 islamic\u0103, \u0219i bucura\u021bi-v\u0103 de atmosfera lini\u0219tit\u0103.<\/p>\n<p>Dup\u0103 tur, ve\u021bi fi transfera\u021bi confortabil \u00eenapoi la hotel, unde ve\u021bi avea o \u00een\u021belegere mai profund\u0103 a diversit\u0103\u021bii culturale \u0219i religioase a ora\u0219ului Hurghada.<\/p>\n<div class=\"vc_row wpb_row vc_row-fluid\">\n<div class=\"wpb_column vc_column_container vc_col-sm-12\">\n<div class=\"vc_column-inner\">\n<div class=\"wpb_wrapper\">\n<div class=\"heading left\">\n<h3><strong>Repere:<\/strong><\/h3>\n<\/div>\n<div class=\"clearfix\"><\/div>\n<\/div>\n<\/div>\n<\/div>\n<\/div>\n<div class=\"vc_row wpb_row vc_row-fluid\">\n<div class=\"wpb_column vc_column_container vc_col-sm-12\">\n<div class=\"vc_column-inner\">\n<div class=\"wpb_wrapper\">\n<div class=\"wpb_text_column wpb_content_element \">\n<div class=\"wpb_wrapper\">\n<p><strong>Semisubmarin<\/strong><\/p>\n<ul>\n<li>Preluare \u0219i returnare de la hotel \u00eentr-un vehicul cu aer condi\u021bionat<\/li>\n<li>Plimbare pitoreasc\u0103 cu semi-submarin \u0219i priveli\u0219ti panoramice subacvatice<\/li>\n<li>Exploreaz\u0103 recifele de corali vibrante \u0219i via\u021ba marin\u0103<\/li>\n<li>Vizita\u021bi frumoasa Biseric\u0103 Copt\u0103 din Hurghada<\/li>\n<li>Descoperi\u021bi uimitoarea Moschee Al Mina \u0219i arhitectura sa islamic\u0103<\/li>\n<li>Afla\u021bi despre diversitatea cultural\u0103 \u0219i religioas\u0103 a ora\u0219ului Hurghada<\/li>\n<\/ul>\n<\/div>\n<\/div>\n<\/div>\n<\/div>\n<\/div>\n<\/div>\n<div class=\"highlights\">\n<div class=\"heading left\">\n<h3><strong>Ce s\u0103 iei cu tine?<\/strong><\/h3>\n<\/div>\n<div class=\"wpb_text_column wpb_content_element \">\n<div class=\"wpb_wrapper\">\n<ul>\n<li>Echipamente foto \u0219i video<\/li>\n<li>Acoperire pentru cap (\u0219apc\u0103 sau e\u0219arf\u0103)<\/li>\n<li>Ochelari de soare<\/li>\n<li>Crem\u0103 de soare<\/li>\n<li>Prosop<\/li>\n<li>costum de baie<\/li>\n<\/ul>\n<h3><strong>Durat\u0103<\/strong><\/h3>\n<p>Prima c\u0103l\u0103torie:<\/p>\n<p>Preluare: \u00cen jurul orei 08:00 (\u00een func\u021bie de loca\u021bia hotelului dvs. \u00een Hurghada).<\/p>\n<p>A doua c\u0103l\u0103torie:<\/p>\n<p>Preluare: \u00cen jurul orei 10:00 (\u00een func\u021bie de loca\u021bia hotelului dvs. \u00een Hurghada)<\/p>\n<p>A treia c\u0103l\u0103torie:<\/p>\n<p>Preluare: \u00cen jurul orei 12:00 (\u00een func\u021bie de loca\u021bia hotelului dvs. \u00een Hurghada).<\/p>\n<p>A patra c\u0103l\u0103torie:<\/p>\n<p>Preluare: \u00cen jurul orei 14:00 (\u00cen func\u021bie de loca\u021bia hotelului dvs. \u00een Hurghada)<\/p>\n<ul>\n<li>V\u0103 rug\u0103m s\u0103 alege\u021bi ora de preluare \u0219i s\u0103 ne informa\u021bi \u00een notele rezerv\u0103rii.<\/li>\n<\/ul>\n<h5>Pentru orice \u00eentreb\u0103ri, contacta\u021bi-ne:<a href=\"https:\/\/wa.me\/+201550089891\" target=\"_blank\" rel=\"noopener\"><img decoding=\"async\" class=\"alignnone wp-image-13655\" src=\"https:\/\/alivoyage.com\/wp-content\/uploads\/2024\/03\/whatsapp-svgrepo-com.svg\" alt=\"\" width=\"42\" height=\"42\" \/><\/a><\/h5>\n<\/div>\n<\/div>\n<\/div>\n<div id=\"tour-included-excluded\" class=\"content-product-item tour-included-excluded-wrapper\"><\/div>\n","protected":false},"excerpt":{"rendered":"<p>Prezentare general\u0103 Semisubmarin Seascope \u00cencepe\u021bi-v\u0103 aventura cu o preluare de la hotel \u00eentr-un vehicul cu aer condi\u021bionat p\u00e2n\u0103 la Marina Hurghada. Bucura\u021bi-v\u0103 de o plimbare pitoreasc\u0103 cu un semi-submarin, oferind vederi panoramice subacvatice ale recifelor de corali vibrante \u0219i ale vie\u021bii marine fascinante. Dup\u0103 plimbarea cu submarinul, continua\u021bi-v\u0103 c\u0103l\u0103toria cu un tur ghidat al celor mai emblematice repere religioase din Hurghada. Vizita\u021bi frumoasa Biseric\u0103 Copt\u0103, unde pute\u021bi admira arhitectura acesteia \u0219i pute\u021bi afla despre comunitatea cre\u0219tin\u0103 din Egipt. Apoi, vizita\u021bi grandioasa Moschee Al Mina, un exemplu uimitor de arhitectur\u0103 islamic\u0103, \u0219i bucura\u021bi-v\u0103 de atmosfera lini\u0219tit\u0103. Dup\u0103 tur, ve\u021bi fi transfera\u021bi confortabil \u00eenapoi la hotel, unde ve\u021bi avea o \u00een\u021belegere mai profund\u0103 a diversit\u0103\u021bii culturale \u0219i religioase a ora\u0219ului Hurghada. Repere: Semisubmarin Preluare \u0219i returnare de la hotel \u00eentr-un vehicul cu aer condi\u021bionat Plimbare pitoreasc\u0103 cu semi-submarin \u0219i priveli\u0219ti panoramice subacvatice Exploreaz\u0103 recifele de corali vibrante \u0219i via\u021ba marin\u0103 Vizita\u021bi frumoasa Biseric\u0103 Copt\u0103 din Hurghada Descoperi\u021bi uimitoarea Moschee Al Mina \u0219i arhitectura sa islamic\u0103 Afla\u021bi despre diversitatea cultural\u0103 \u0219i religioas\u0103 a ora\u0219ului Hurghada Ce s\u0103 iei cu tine? Echipamente foto \u0219i video Acoperire pentru cap (\u0219apc\u0103 sau e\u0219arf\u0103) Ochelari de soare Crem\u0103 de soare Prosop costum de baie Durat\u0103 Prima c\u0103l\u0103torie: Preluare: \u00cen jurul orei 08:00 (\u00een func\u021bie de loca\u021bia hotelului dvs. \u00een Hurghada). A doua c\u0103l\u0103torie: Preluare: \u00cen jurul orei 10:00 (\u00een func\u021bie de loca\u021bia hotelului dvs. \u00een Hurghada) A treia c\u0103l\u0103torie: Preluare: \u00cen jurul orei 12:00 (\u00een func\u021bie de loca\u021bia hotelului dvs. \u00een Hurghada). A patra c\u0103l\u0103torie: Preluare: \u00cen jurul orei 14:00 (\u00cen func\u021bie de loca\u021bia hotelului dvs. \u00een Hurghada) V\u0103 rug\u0103m s\u0103 alege\u021bi ora de preluare \u0219i s\u0103 ne informa\u021bi \u00een notele rezerv\u0103rii. Pentru orice \u00eentreb\u0103ri, contacta\u021bi-ne:<\/p>\n","protected":false},"featured_media":12876,"comment_status":"open","ping_status":"closed","template":"","meta":{"_monsterinsights_skip_tracking":false,"_monsterinsights_sitenote_active":false,"_monsterinsights_sitenote_note":"","_monsterinsights_sitenote_category":0},"product_brand":[],"product_cat":[98,101],"product_tag":[],"class_list":{"0":"post-12875","1":"product","2":"type-product","3":"status-publish","4":"has-post-thumbnail","6":"product_cat-excursii-pe-mare","7":"product_cat-excursii-in-familie","9":"first","10":"instock","11":"shipping-taxable","12":"purchasable","13":"product-type-ovabrw_car_rental"},"_links":{"self":[{"href":"https:\/\/egytouregypt.com\/ro\/wp-json\/wp\/v2\/product\/12875","targetHints":{"allow":["GET"]}}],"collection":[{"href":"https:\/\/egytouregypt.com\/ro\/wp-json\/wp\/v2\/product"}],"about":[{"href":"https:\/\/egytouregypt.com\/ro\/wp-json\/wp\/v2\/types\/product"}],"replies":[{"embeddable":true,"href":"https:\/\/egytouregypt.com\/ro\/wp-json\/wp\/v2\/comments?post=12875"}],"wp:featuredmedia":[{"embeddable":true,"href":"https:\/\/egytouregypt.com\/ro\/wp-json\/wp\/v2\/media\/12876"}],"wp:attachment":[{"href":"https:\/\/egytouregypt.com\/ro\/wp-json\/wp\/v2\/media?parent=12875"}],"wp:term":[{"taxonomy":"product_brand","embeddable":true,"href":"https:\/\/egytouregypt.com\/ro\/wp-json\/wp\/v2\/product_brand?post=12875"},{"taxonomy":"product_cat","embeddable":true,"href":"https:\/\/egytouregypt.com\/ro\/wp-json\/wp\/v2\/product_cat?post=12875"},{"taxonomy":"product_tag","embeddable":true,"href":"https:\/\/egytouregypt.com\/ro\/wp-json\/wp\/v2\/product_tag?post=12875"}],"curies":[{"name":"wp","href":"https:\/\/api.w.org\/{rel}","templated":true}]}}