{"id":12900,"date":"2025-05-28T16:03:13","date_gmt":"2025-05-28T16:03:13","guid":{"rendered":"https:\/\/egytouregypt.com\/?post_type=product&#038;p=12900"},"modified":"2025-05-28T22:19:44","modified_gmt":"2025-05-28T22:19:44","slug":"orange-bay","status":"publish","type":"product","link":"https:\/\/egytouregypt.com\/ro\/produs\/orange-bay\/","title":{"rendered":"Orange Bay"},"content":{"rendered":"<h2>Prezentare general\u0103<\/h2>\n<h2>Excursie pe mare la Orange Bay din Hurghada<\/h2>\n<p>\u00cencepe\u021bi cu preluarea de la hotel \u0219i transferul \u00een port. Naviga\u021bi timp de 45 de minute, apoi bucura\u021bi-v\u0103 de o oprire de 1 or\u0103 pentru snorkeling \u00een apele limpezi ale M\u0103rii Ro\u0219ii. Continua\u021bi spre Orange Bay pentru relaxare pe plaj\u0103 cu nisip auriu \u0219i facilit\u0103\u021bi. Dup\u0103 aceea, naviga\u021bi c\u0103tre un alt loc de snorkeling pentru a explora recifele de corali vibrante. Turul include pr\u00e2nzul, b\u0103uturi r\u0103coritoare \u0219i o plimbare cu o barc\u0103 banan\u0103. \u00centoarce\u021bi-v\u0103 \u00een port \u0219i transfera\u021bi \u00eenapoi la hotel.<\/p>\n<p>&nbsp;<\/p>\n<div class=\"vc_row wpb_row vc_row-fluid\">\n<div class=\"wpb_column vc_column_container vc_col-sm-12\">\n<div class=\"vc_column-inner\">\n<div class=\"wpb_wrapper\">\n<div class=\"heading left\">\n<h3><strong>Repere:<\/strong><\/h3>\n<\/div>\n<\/div>\n<\/div>\n<\/div>\n<\/div>\n<div class=\"vc_row wpb_row vc_row-fluid\">\n<div class=\"wpb_column vc_column_container vc_col-sm-12\">\n<div class=\"vc_column-inner\">\n<div class=\"wpb_wrapper\">\n<div class=\"wpb_text_column wpb_content_element \">\n<div class=\"wpb_wrapper\">\n<ul>\n<li>Face\u021bi snorkeling \u00een apele cristaline ale golfului Orange<\/li>\n<li>Savura\u021bi un pr\u00e2nz delicios tip bufet la bord<\/li>\n<li>Relaxa\u021bi-v\u0103 cu un serviciu de transfer dus-\u00eentors de la u\u0219\u0103 la u\u0219\u0103<\/li>\n<li>Excursie de o zi f\u0103r\u0103 probleme pe insula Orange Bay din Hurghada<\/li>\n<li>Bucura\u021bi-v\u0103 de o plimbare cu barca dus-\u00eentors, opriri pentru snorkeling, plaj\u0103, recife \u0219i facilit\u0103\u021bi.<\/li>\n<\/ul>\n<p>&nbsp;<\/p>\n<div class=\"heading left\">\n<h3><strong>Ce s\u0103 iei cu tine:<\/strong><\/h3>\n<\/div>\n<div class=\"wpb_text_column wpb_content_element \">\n<div class=\"wpb_wrapper\">\n<ul>\n<li>Prosop de baie<\/li>\n<li>Ochelari de soare<\/li>\n<li>Crem\u0103 de protec\u021bie solar\u0103<\/li>\n<li>Costume de baie<\/li>\n<li>Echipament foto\/video<\/li>\n<\/ul>\n<h3><strong>Durat\u0103<\/strong><\/h3>\n<p>Preluare: \u00cen jurul orei 08:00 (\u00een func\u021bie de loca\u021bia hotelului dvs. \u00een Hurghada).<\/p>\n<\/div>\n<\/div>\n<\/div>\n<\/div>\n<\/div>\n<\/div>\n<\/div>\n<\/div>\n<div class=\"highlights\">\n<div class=\"wpb_text_column wpb_content_element \">\n<div class=\"wpb_wrapper\">\n<h5>Pentru orice \u00eentreb\u0103ri, contacta\u021bi-ne:<a href=\"https:\/\/wa.me\/+201550089891\" target=\"_blank\" rel=\"noopener\"><img decoding=\"async\" class=\"alignnone wp-image-13655\" src=\"https:\/\/alivoyage.com\/wp-content\/uploads\/2024\/03\/whatsapp-svgrepo-com.svg\" alt=\"\" width=\"42\" height=\"42\" \/><\/a><\/h5>\n<\/div>\n<\/div>\n<\/div>\n<div id=\"tour-included-excluded\" class=\"content-product-item tour-included-excluded-wrapper\"><\/div>\n","protected":false},"excerpt":{"rendered":"<p>Prezentare general\u0103 Excursie pe mare la Orange Bay din Hurghada \u00cencepe\u021bi cu preluarea de la hotel \u0219i transferul \u00een port. Naviga\u021bi timp de 45 de minute, apoi bucura\u021bi-v\u0103 de o oprire de 1 or\u0103 pentru snorkeling \u00een apele limpezi ale M\u0103rii Ro\u0219ii. Continua\u021bi spre Orange Bay pentru relaxare pe plaj\u0103 cu nisip auriu \u0219i facilit\u0103\u021bi. Dup\u0103 aceea, naviga\u021bi c\u0103tre un alt loc de snorkeling pentru a explora recifele de corali vibrante. Turul include pr\u00e2nzul, b\u0103uturi r\u0103coritoare \u0219i o plimbare cu o barc\u0103 banan\u0103. \u00centoarce\u021bi-v\u0103 \u00een port \u0219i transfera\u021bi \u00eenapoi la hotel. &nbsp; Repere: Face\u021bi snorkeling \u00een apele cristaline ale golfului Orange Savura\u021bi un pr\u00e2nz delicios tip bufet la bord Relaxa\u021bi-v\u0103 cu un serviciu de transfer dus-\u00eentors de la u\u0219\u0103 la u\u0219\u0103 Excursie de o zi f\u0103r\u0103 probleme pe insula Orange Bay din Hurghada Bucura\u021bi-v\u0103 de o plimbare cu barca dus-\u00eentors, opriri pentru snorkeling, plaj\u0103, recife \u0219i facilit\u0103\u021bi. &nbsp; Ce s\u0103 iei cu tine: Prosop de baie Ochelari de soare Crem\u0103 de protec\u021bie solar\u0103 Costume de baie Echipament foto\/video Durat\u0103 Preluare: \u00cen jurul orei 08:00 (\u00een func\u021bie de loca\u021bia hotelului dvs. \u00een Hurghada). Pentru orice \u00eentreb\u0103ri, contacta\u021bi-ne:<\/p>\n","protected":false},"featured_media":12901,"comment_status":"open","ping_status":"closed","template":"","meta":{"_monsterinsights_skip_tracking":false,"_monsterinsights_sitenote_active":false,"_monsterinsights_sitenote_note":"","_monsterinsights_sitenote_category":0},"product_brand":[],"product_cat":[98],"product_tag":[],"class_list":{"0":"post-12900","1":"product","2":"type-product","3":"status-publish","4":"has-post-thumbnail","6":"product_cat-excursii-pe-mare","8":"first","9":"instock","10":"shipping-taxable","11":"purchasable","12":"product-type-ovabrw_car_rental"},"_links":{"self":[{"href":"https:\/\/egytouregypt.com\/ro\/wp-json\/wp\/v2\/product\/12900","targetHints":{"allow":["GET"]}}],"collection":[{"href":"https:\/\/egytouregypt.com\/ro\/wp-json\/wp\/v2\/product"}],"about":[{"href":"https:\/\/egytouregypt.com\/ro\/wp-json\/wp\/v2\/types\/product"}],"replies":[{"embeddable":true,"href":"https:\/\/egytouregypt.com\/ro\/wp-json\/wp\/v2\/comments?post=12900"}],"wp:featuredmedia":[{"embeddable":true,"href":"https:\/\/egytouregypt.com\/ro\/wp-json\/wp\/v2\/media\/12901"}],"wp:attachment":[{"href":"https:\/\/egytouregypt.com\/ro\/wp-json\/wp\/v2\/media?parent=12900"}],"wp:term":[{"taxonomy":"product_brand","embeddable":true,"href":"https:\/\/egytouregypt.com\/ro\/wp-json\/wp\/v2\/product_brand?post=12900"},{"taxonomy":"product_cat","embeddable":true,"href":"https:\/\/egytouregypt.com\/ro\/wp-json\/wp\/v2\/product_cat?post=12900"},{"taxonomy":"product_tag","embeddable":true,"href":"https:\/\/egytouregypt.com\/ro\/wp-json\/wp\/v2\/product_tag?post=12900"}],"curies":[{"name":"wp","href":"https:\/\/api.w.org\/{rel}","templated":true}]}}