{"id":12933,"date":"2025-05-28T16:07:29","date_gmt":"2025-05-28T16:07:29","guid":{"rendered":"https:\/\/egytouregypt.com\/?post_type=product&#038;p=12933"},"modified":"2025-05-28T22:20:10","modified_gmt":"2025-05-28T22:20:10","slug":"excursie-cu-barca-de-o-zi-intreaga-pentru-scufundari-cu-pranz","status":"publish","type":"product","link":"https:\/\/egytouregypt.com\/ro\/produs\/excursie-cu-barca-de-o-zi-intreaga-pentru-scufundari-cu-pranz\/","title":{"rendered":"Excursie cu barca de o zi \u00eentreag\u0103 pentru scufund\u0103ri cu pr\u00e2nz"},"content":{"rendered":"<h2 class=\"elementor-heading-title elementor-size-default\">Prezentare general\u0103<\/h2>\n<div class=\"desc-p havezic-single-content\">\n<div class=\"elementor-element elementor-element-6d80088b ba-content__one elementor-widget elementor-widget-gva_ba_item_content\" data-id=\"6d80088b\" data-element_type=\"widget\" data-widget_type=\"gva_ba_item_content.default\">\n<div class=\"elementor-widget-container\">\n<div class=\"gowilds-gva_ba_item_content gowilds-element\">\n<div class=\"gowilds-single-content\">\n<p>Scufund\u0103ri, Dis-de-diminea\u021b\u0103 ve\u021bi fi prelua\u021bi de la hotelul dumneavoastr\u0103 din Hurghada pentru o excursie captivant\u0103 de scufund\u0103ri. O barc\u0103 v\u0103 va a\u0219tepta pentru a v\u0103 duce la locurile de scufund\u0103ri din apropiere. \u00cen timpul scufund\u0103rilor, ve\u021bi avea ocazia s\u0103 v\u0103 relaxa\u021bi, s\u0103 v\u0103 destinde\u021bi \u0219i s\u0103 discuta\u021bi cu al\u021bi pasiona\u021bi de scufund\u0103ri.<\/p>\n<p>Descoper\u0103 lumea de sub valurile M\u0103rii Ro\u0219ii \u00een timp ce te scufunzi \u00een Hurghada. \u00cen plus, alege o scufundare \u00een func\u021bie de experien\u021ba ta \u00een scufund\u0103ri, sub supravegherea constant\u0103 a unui instructor.<\/p>\n<p>Instructorii no\u0219tri certifica\u021bi v\u0103 vor ajuta s\u0103 v\u0103 preg\u0103ti\u021bi pentru scufund\u0103ri \u0219i v\u0103 vor asigura siguran\u021ba. \u00cen plus, \u00eenso\u021bitorii care nu fac scufund\u0103ri sunt bineveni\u021bi.<\/p>\n<p>s\u0103 v\u0103 urca\u021bi la bord \u0219i s\u0103 v\u0103 bucura\u021bi de o zi minunat\u0103 pe iaht \u2013 pr\u00e2nzul \u0219i b\u0103uturile sunt servite.<\/p>\n<p>Instructorii de scufund\u0103ri experimenta\u021bi v\u0103 vor ghida \u0219i v\u0103 vor indica locurile de scufund\u0103ri \u00eenainte de fiecare scufundare. Pr\u00e2nzul va fi servit la bord \u00een timpul turului. Dup\u0103 scufund\u0103rile \u00een 2 locuri diferite, v\u0103 ve\u021bi \u00eentoarce \u00een portul Hurghada \u0219i ve\u021bi fi l\u0103sa\u021bi la hotel.<\/p>\n<p>De asemenea, v\u0103 pute\u021bi bucura de aceast\u0103 excursie de snorkeling f\u0103r\u0103 a fi nevoie de scufund\u0103ri.<\/p>\n<p>Timp de c\u0103l\u0103torie aproximativ 8 ore.<\/p>\n<\/div>\n<h3><strong>Durat\u0103<\/strong><\/h3>\n<p>Preluare: \u00cen jurul orei 08:00 (\u00een func\u021bie de loca\u021bia hotelului dvs. \u00een Hurghada).<\/p>\n<\/div>\n<\/div>\n<\/div>\n<\/div>\n<div class=\"highlights\">\n<div class=\"wpb_text_column wpb_content_element \">\n<div class=\"wpb_wrapper\">\n<h5>Pentru orice \u00eentreb\u0103ri, contacta\u021bi-ne:<a href=\"https:\/\/wa.me\/+201550089891\" target=\"_blank\" rel=\"noopener\"><img decoding=\"async\" class=\"alignnone wp-image-13655\" src=\"https:\/\/alivoyage.com\/wp-content\/uploads\/2024\/03\/whatsapp-svgrepo-com.svg\" alt=\"\" width=\"42\" height=\"42\" \/><\/a><\/h5>\n<\/div>\n<\/div>\n<\/div>\n<div id=\"tour-included-excluded\" class=\"content-product-item tour-included-excluded-wrapper\"><\/div>\n","protected":false},"excerpt":{"rendered":"<p>Prezentare general\u0103 Scufund\u0103ri, Dis-de-diminea\u021b\u0103 ve\u021bi fi prelua\u021bi de la hotelul dumneavoastr\u0103 din Hurghada pentru o excursie captivant\u0103 de scufund\u0103ri. O barc\u0103 v\u0103 va a\u0219tepta pentru a v\u0103 duce la locurile de scufund\u0103ri din apropiere. \u00cen timpul scufund\u0103rilor, ve\u021bi avea ocazia s\u0103 v\u0103 relaxa\u021bi, s\u0103 v\u0103 destinde\u021bi \u0219i s\u0103 discuta\u021bi cu al\u021bi pasiona\u021bi de scufund\u0103ri. Descoper\u0103 lumea de sub valurile M\u0103rii Ro\u0219ii \u00een timp ce te scufunzi \u00een Hurghada. \u00cen plus, alege o scufundare \u00een func\u021bie de experien\u021ba ta \u00een scufund\u0103ri, sub supravegherea constant\u0103 a unui instructor. Instructorii no\u0219tri certifica\u021bi v\u0103 vor ajuta s\u0103 v\u0103 preg\u0103ti\u021bi pentru scufund\u0103ri \u0219i v\u0103 vor asigura siguran\u021ba. \u00cen plus, \u00eenso\u021bitorii care nu fac scufund\u0103ri sunt bineveni\u021bi. s\u0103 v\u0103 urca\u021bi la bord \u0219i s\u0103 v\u0103 bucura\u021bi de o zi minunat\u0103 pe iaht \u2013 pr\u00e2nzul \u0219i b\u0103uturile sunt servite. Instructorii de scufund\u0103ri experimenta\u021bi v\u0103 vor ghida \u0219i v\u0103 vor indica locurile de scufund\u0103ri \u00eenainte de fiecare scufundare. Pr\u00e2nzul va fi servit la bord \u00een timpul turului. Dup\u0103 scufund\u0103rile \u00een 2 locuri diferite, v\u0103 ve\u021bi \u00eentoarce \u00een portul Hurghada \u0219i ve\u021bi fi l\u0103sa\u021bi la hotel. De asemenea, v\u0103 pute\u021bi bucura de aceast\u0103 excursie de snorkeling f\u0103r\u0103 a fi nevoie de scufund\u0103ri. Timp de c\u0103l\u0103torie aproximativ 8 ore. Durat\u0103 Preluare: \u00cen jurul orei 08:00 (\u00een func\u021bie de loca\u021bia hotelului dvs. \u00een Hurghada). Pentru orice \u00eentreb\u0103ri, contacta\u021bi-ne:<\/p>\n","protected":false},"featured_media":12934,"comment_status":"open","ping_status":"closed","template":"","meta":{"_monsterinsights_skip_tracking":false,"_monsterinsights_sitenote_active":false,"_monsterinsights_sitenote_note":"","_monsterinsights_sitenote_category":0},"product_brand":[],"product_cat":[98],"product_tag":[],"class_list":{"0":"post-12933","1":"product","2":"type-product","3":"status-publish","4":"has-post-thumbnail","6":"product_cat-excursii-pe-mare","8":"first","9":"instock","10":"shipping-taxable","11":"purchasable","12":"product-type-ovabrw_car_rental"},"_links":{"self":[{"href":"https:\/\/egytouregypt.com\/ro\/wp-json\/wp\/v2\/product\/12933","targetHints":{"allow":["GET"]}}],"collection":[{"href":"https:\/\/egytouregypt.com\/ro\/wp-json\/wp\/v2\/product"}],"about":[{"href":"https:\/\/egytouregypt.com\/ro\/wp-json\/wp\/v2\/types\/product"}],"replies":[{"embeddable":true,"href":"https:\/\/egytouregypt.com\/ro\/wp-json\/wp\/v2\/comments?post=12933"}],"wp:featuredmedia":[{"embeddable":true,"href":"https:\/\/egytouregypt.com\/ro\/wp-json\/wp\/v2\/media\/12934"}],"wp:attachment":[{"href":"https:\/\/egytouregypt.com\/ro\/wp-json\/wp\/v2\/media?parent=12933"}],"wp:term":[{"taxonomy":"product_brand","embeddable":true,"href":"https:\/\/egytouregypt.com\/ro\/wp-json\/wp\/v2\/product_brand?post=12933"},{"taxonomy":"product_cat","embeddable":true,"href":"https:\/\/egytouregypt.com\/ro\/wp-json\/wp\/v2\/product_cat?post=12933"},{"taxonomy":"product_tag","embeddable":true,"href":"https:\/\/egytouregypt.com\/ro\/wp-json\/wp\/v2\/product_tag?post=12933"}],"curies":[{"name":"wp","href":"https:\/\/api.w.org\/{rel}","templated":true}]}}