{"id":12951,"date":"2025-05-28T16:11:00","date_gmt":"2025-05-28T16:11:00","guid":{"rendered":"https:\/\/egytouregypt.com\/?post_type=product&#038;p=12951"},"modified":"2025-05-28T22:20:49","modified_gmt":"2025-05-28T22:20:49","slug":"excursie-de-snorkeling-la-dolphin-house","status":"publish","type":"product","link":"https:\/\/egytouregypt.com\/ro\/produs\/excursie-de-snorkeling-la-dolphin-house\/","title":{"rendered":"Excursie de snorkeling la Dolphin House"},"content":{"rendered":"<div class=\"desc-p havezic-single-content\">\n<div class=\"elementor-element elementor-element-6d80088b ba-content__one elementor-widget elementor-widget-gva_ba_item_content\" data-id=\"6d80088b\" data-element_type=\"widget\" data-widget_type=\"gva_ba_item_content.default\">\n<h2><\/h2>\n<h2>Prezentare general\u0103<\/h2>\n<h4>Bucura\u021bi-v\u0103 de o fantastic\u0103 excursie de snorkeling la Delfini, cu o \u0219ans\u0103 incredibil\u0103 de a v\u0103 apropia de delfini \u00een largul m\u0103rii. Face\u021bi o excursie de o zi \u00eentreag\u0103 la delfini, bucura\u021bi-v\u0103 de soarele uimitor \u0219i de o experien\u021b\u0103 de snorkeling admirabil\u0103 \u00een Marea Ro\u0219ie. Apropia\u021bi-v\u0103 de delfini, bancuri de pe\u0219ti \u0219i corali minuna\u021bi ai M\u0103rii Ro\u0219ii, apoi v\u0103 vom conduce \u00eenapoi la hotel.<\/h4>\n<div class=\"vc_row wpb_row vc_row-fluid\">\n<div class=\"wpb_column vc_column_container vc_col-sm-12\">\n<div class=\"vc_column-inner\">\n<div class=\"wpb_wrapper\">\n<div class=\"wpb_text_column wpb_content_element \">\n<div class=\"wpb_wrapper\">\n<div class=\"heading left\">\n<div class=\"heading left\">\n<h3><strong>Ce s\u0103 iei cu tine?<\/strong><\/h3>\n<\/div>\n<div class=\"wpb_text_column wpb_content_element \">\n<div class=\"wpb_wrapper\">\n<ul>\n<li>Prosop de baie<\/li>\n<li>Ochelari de soare<\/li>\n<li>Crem\u0103 de protec\u021bie solar\u0103<\/li>\n<li>Costume de baie<\/li>\n<li>Echipament foto\/video<\/li>\n<\/ul>\n<h3><strong>Durat\u0103<\/strong><\/h3>\n<p>Preluare: \u00cen jurul orei 08:00 (\u00een func\u021bie de loca\u021bia hotelului dvs. \u00een Hurghada).<\/p>\n<\/div>\n<\/div>\n<\/div>\n<\/div>\n<\/div>\n<\/div>\n<\/div>\n<\/div>\n<\/div>\n<\/div>\n<\/div>\n<div class=\"highlights\">\n<div class=\"wpb_text_column wpb_content_element \">\n<div class=\"wpb_wrapper\">\n<h5>Pentru orice \u00eentreb\u0103ri, contacta\u021bi-ne:<a href=\"https:\/\/wa.me\/+201550089891\" target=\"_blank\" rel=\"noopener\"><img decoding=\"async\" class=\"alignnone wp-image-13655\" src=\"https:\/\/alivoyage.com\/wp-content\/uploads\/2024\/03\/whatsapp-svgrepo-com.svg\" alt=\"\" width=\"42\" height=\"42\" \/><\/a><\/h5>\n<\/div>\n<\/div>\n<\/div>\n<div id=\"tour-included-excluded\" class=\"content-product-item tour-included-excluded-wrapper\"><\/div>\n","protected":false},"excerpt":{"rendered":"<p>Prezentare general\u0103 Bucura\u021bi-v\u0103 de o fantastic\u0103 excursie de snorkeling la Delfini, cu o \u0219ans\u0103 incredibil\u0103 de a v\u0103 apropia de delfini \u00een largul m\u0103rii. Face\u021bi o excursie de o zi \u00eentreag\u0103 la delfini, bucura\u021bi-v\u0103 de soarele uimitor \u0219i de o experien\u021b\u0103 de snorkeling admirabil\u0103 \u00een Marea Ro\u0219ie. Apropia\u021bi-v\u0103 de delfini, bancuri de pe\u0219ti \u0219i corali minuna\u021bi ai M\u0103rii Ro\u0219ii, apoi v\u0103 vom conduce \u00eenapoi la hotel. Ce s\u0103 iei cu tine? Prosop de baie Ochelari de soare Crem\u0103 de protec\u021bie solar\u0103 Costume de baie Echipament foto\/video Durat\u0103 Preluare: \u00cen jurul orei 08:00 (\u00een func\u021bie de loca\u021bia hotelului dvs. \u00een Hurghada). Pentru orice \u00eentreb\u0103ri, contacta\u021bi-ne:<\/p>\n","protected":false},"featured_media":12952,"comment_status":"open","ping_status":"closed","template":"","meta":{"_monsterinsights_skip_tracking":false,"_monsterinsights_sitenote_active":false,"_monsterinsights_sitenote_note":"","_monsterinsights_sitenote_category":0},"product_brand":[],"product_cat":[98],"product_tag":[],"class_list":{"0":"post-12951","1":"product","2":"type-product","3":"status-publish","4":"has-post-thumbnail","6":"product_cat-excursii-pe-mare","8":"first","9":"instock","10":"shipping-taxable","11":"purchasable","12":"product-type-ovabrw_car_rental"},"_links":{"self":[{"href":"https:\/\/egytouregypt.com\/ro\/wp-json\/wp\/v2\/product\/12951","targetHints":{"allow":["GET"]}}],"collection":[{"href":"https:\/\/egytouregypt.com\/ro\/wp-json\/wp\/v2\/product"}],"about":[{"href":"https:\/\/egytouregypt.com\/ro\/wp-json\/wp\/v2\/types\/product"}],"replies":[{"embeddable":true,"href":"https:\/\/egytouregypt.com\/ro\/wp-json\/wp\/v2\/comments?post=12951"}],"wp:featuredmedia":[{"embeddable":true,"href":"https:\/\/egytouregypt.com\/ro\/wp-json\/wp\/v2\/media\/12952"}],"wp:attachment":[{"href":"https:\/\/egytouregypt.com\/ro\/wp-json\/wp\/v2\/media?parent=12951"}],"wp:term":[{"taxonomy":"product_brand","embeddable":true,"href":"https:\/\/egytouregypt.com\/ro\/wp-json\/wp\/v2\/product_brand?post=12951"},{"taxonomy":"product_cat","embeddable":true,"href":"https:\/\/egytouregypt.com\/ro\/wp-json\/wp\/v2\/product_cat?post=12951"},{"taxonomy":"product_tag","embeddable":true,"href":"https:\/\/egytouregypt.com\/ro\/wp-json\/wp\/v2\/product_tag?post=12951"}],"curies":[{"name":"wp","href":"https:\/\/api.w.org\/{rel}","templated":true}]}}