{"id":12978,"date":"2025-05-28T16:16:32","date_gmt":"2025-05-28T16:16:32","guid":{"rendered":"https:\/\/egytouregypt.com\/?post_type=product&#038;p=12978"},"modified":"2025-05-28T22:21:17","modified_gmt":"2025-05-28T22:21:17","slug":"excursie-cu-parasailing","status":"publish","type":"product","link":"https:\/\/egytouregypt.com\/ro\/produs\/excursie-cu-parasailing\/","title":{"rendered":"Excursie cu parasailing"},"content":{"rendered":"<div class=\"desc-p havezic-single-content\">\n<div class=\"elementor-element elementor-element-6d80088b ba-content__one elementor-widget elementor-widget-gva_ba_item_content\" data-id=\"6d80088b\" data-element_type=\"widget\" data-widget_type=\"gva_ba_item_content.default\">\n<h2><\/h2>\n<h2>Prezentare general\u0103<\/h2>\n<p>Dac\u0103 vrei s\u0103 sim\u021bi c\u0103 zbori, \u00eencearc\u0103 parasailing-ul.<\/p>\n<p>Dac\u0103 vrei s\u0103 experimentezi un zbor f\u0103r\u0103 greutate deasupra apei, \u00eencearc\u0103 parasailing-ul!<\/p>\n<p>Aceasta este o experien\u021b\u0103 distractiv\u0103 pe care nu o ve\u021bi uita niciodat\u0103.<\/p>\n<p>O doz\u0103 mare de adrenalin\u0103, un plus de energie \u0219i o ton\u0103 de impresii proaspete sunt garantate!<\/p>\n<p>\u00cen timpul zborului ve\u021bi avea parte de priveli\u0219ti panoramice uimitoare asupra \u00eentregii linii de coast\u0103!<\/p>\n<p>SGL 30 Eu<\/p>\n<p>DBL 40 Eu<\/p>\n<h3><strong>Durat\u0103: la cerere<\/strong><\/h3>\n<ul>\n<li>V\u0103 rug\u0103m s\u0103 alege\u021bi ora de preluare \u0219i s\u0103 ne informa\u021bi \u00een notele rezerv\u0103rii.<\/li>\n<\/ul>\n<\/div>\n<\/div>\n<div class=\"highlights\">\n<div class=\"wpb_text_column wpb_content_element \">\n<div class=\"wpb_wrapper\">\n<h5>Pentru orice \u00eentreb\u0103ri, contacta\u021bi-ne:<a href=\"https:\/\/wa.me\/+201550089891\" target=\"_blank\" rel=\"noopener\"><img decoding=\"async\" class=\"alignnone wp-image-13655\" src=\"https:\/\/alivoyage.com\/wp-content\/uploads\/2024\/03\/whatsapp-svgrepo-com.svg\" alt=\"\" width=\"42\" height=\"42\" \/><\/a><\/h5>\n<\/div>\n<\/div>\n<\/div>\n<div id=\"tour-included-excluded\" class=\"content-product-item tour-included-excluded-wrapper\"><\/div>\n","protected":false},"excerpt":{"rendered":"<p>Prezentare general\u0103 Dac\u0103 vrei s\u0103 sim\u021bi c\u0103 zbori, \u00eencearc\u0103 parasailing-ul. Dac\u0103 vrei s\u0103 experimentezi un zbor f\u0103r\u0103 greutate deasupra apei, \u00eencearc\u0103 parasailing-ul! Aceasta este o experien\u021b\u0103 distractiv\u0103 pe care nu o ve\u021bi uita niciodat\u0103. O doz\u0103 mare de adrenalin\u0103, un plus de energie \u0219i o ton\u0103 de impresii proaspete sunt garantate! \u00cen timpul zborului ve\u021bi avea parte de priveli\u0219ti panoramice uimitoare asupra \u00eentregii linii de coast\u0103! SGL 30 Eu DBL 40 Eu Durat\u0103: la cerere V\u0103 rug\u0103m s\u0103 alege\u021bi ora de preluare \u0219i s\u0103 ne informa\u021bi \u00een notele rezerv\u0103rii. Pentru orice \u00eentreb\u0103ri, contacta\u021bi-ne:<\/p>\n","protected":false},"featured_media":12979,"comment_status":"open","ping_status":"closed","template":"","meta":{"_monsterinsights_skip_tracking":false,"_monsterinsights_sitenote_active":false,"_monsterinsights_sitenote_note":"","_monsterinsights_sitenote_category":0},"product_brand":[],"product_cat":[98],"product_tag":[],"class_list":{"0":"post-12978","1":"product","2":"type-product","3":"status-publish","4":"has-post-thumbnail","6":"product_cat-excursii-pe-mare","8":"first","9":"instock","10":"shipping-taxable","11":"purchasable","12":"product-type-ovabrw_car_rental"},"_links":{"self":[{"href":"https:\/\/egytouregypt.com\/ro\/wp-json\/wp\/v2\/product\/12978","targetHints":{"allow":["GET"]}}],"collection":[{"href":"https:\/\/egytouregypt.com\/ro\/wp-json\/wp\/v2\/product"}],"about":[{"href":"https:\/\/egytouregypt.com\/ro\/wp-json\/wp\/v2\/types\/product"}],"replies":[{"embeddable":true,"href":"https:\/\/egytouregypt.com\/ro\/wp-json\/wp\/v2\/comments?post=12978"}],"wp:featuredmedia":[{"embeddable":true,"href":"https:\/\/egytouregypt.com\/ro\/wp-json\/wp\/v2\/media\/12979"}],"wp:attachment":[{"href":"https:\/\/egytouregypt.com\/ro\/wp-json\/wp\/v2\/media?parent=12978"}],"wp:term":[{"taxonomy":"product_brand","embeddable":true,"href":"https:\/\/egytouregypt.com\/ro\/wp-json\/wp\/v2\/product_brand?post=12978"},{"taxonomy":"product_cat","embeddable":true,"href":"https:\/\/egytouregypt.com\/ro\/wp-json\/wp\/v2\/product_cat?post=12978"},{"taxonomy":"product_tag","embeddable":true,"href":"https:\/\/egytouregypt.com\/ro\/wp-json\/wp\/v2\/product_tag?post=12978"}],"curies":[{"name":"wp","href":"https:\/\/api.w.org\/{rel}","templated":true}]}}