{"id":12995,"date":"2025-05-28T16:19:25","date_gmt":"2025-05-28T16:19:25","guid":{"rendered":"https:\/\/egytouregypt.com\/?post_type=product&#038;p=12995"},"modified":"2025-05-28T22:21:51","modified_gmt":"2025-05-28T22:21:51","slug":"insula-hula-hula","status":"publish","type":"product","link":"https:\/\/egytouregypt.com\/ro\/produs\/insula-hula-hula\/","title":{"rendered":"Insula Hula Hula"},"content":{"rendered":"<div class=\"desc-p havezic-single-content\">\n<div class=\"elementor-element elementor-element-6d80088b ba-content__one elementor-widget elementor-widget-gva_ba_item_content\" data-id=\"6d80088b\" data-element_type=\"widget\" data-widget_type=\"gva_ba_item_content.default\">\n<h2><\/h2>\n<h2>Prezentare general\u0103<\/h2>\n<h4>Bucura\u021bi-v\u0103 de o baie de neuitat pe plaja privat\u0103 de pe insula Hula Hula \u0219i de o excursie relaxant\u0103 cu barca pe Marea Ro\u0219ie.<br \/>\nInsula Hula Hula este o rezerva\u021bie natural\u0103 \u00een Marea Ro\u0219ie, \u00een largul insulei Hurghada, \u0219i ofer\u0103 vizitatorilor s\u0103i plaje cu nisip alb \u0219i recife de corali imaculate \u0219i colorate.<\/h4>\n<h4>\u00cenoat\u0103 \u0219i f\u0103 snorkeling al\u0103turi de o varietate incredibil\u0103 de pe\u0219ti \u0219i descoper\u0103 lumea subacvatic\u0103 unic\u0103.<\/h4>\n<div class=\"vc_row wpb_row vc_row-fluid\">\n<div class=\"wpb_column vc_column_container vc_col-sm-12\">\n<div class=\"vc_column-inner\">\n<div class=\"wpb_wrapper\">\n<div class=\"wpb_text_column wpb_content_element \">\n<div class=\"wpb_wrapper\">\n<div class=\"heading left\">\n<div class=\"heading left\">\n<h3><strong>Ce s\u0103 iei cu tine?<\/strong><\/h3>\n<\/div>\n<div class=\"wpb_text_column wpb_content_element \">\n<div class=\"wpb_wrapper\">\n<ul>\n<li>Prosop de baie<\/li>\n<li>Ochelari de soare<\/li>\n<li>Crem\u0103 de protec\u021bie solar\u0103<\/li>\n<li>Costume de baie<\/li>\n<li>Echipament foto\/video<\/li>\n<\/ul>\n<h3><strong>Durat\u0103<\/strong><\/h3>\n<p>Prima c\u0103l\u0103torie:<\/p>\n<p>Preluare: \u00cen jurul orei 08:00 (\u00een func\u021bie de loca\u021bia hotelului dvs. \u00een Hurghada).<\/p>\n<p>A doua c\u0103l\u0103torie:<\/p>\n<p>Preluare: \u00cen jurul orei 10:00 (\u00een func\u021bie de loca\u021bia hotelului dvs. \u00een Hurghada)<\/p>\n<ul>\n<li>V\u0103 rug\u0103m s\u0103 alege\u021bi ora de preluare \u0219i s\u0103 ne informa\u021bi \u00een notele rezerv\u0103rii.<\/li>\n<\/ul>\n<\/div>\n<\/div>\n<\/div>\n<\/div>\n<\/div>\n<\/div>\n<\/div>\n<\/div>\n<\/div>\n<\/div>\n<\/div>\n<div class=\"highlights\">\n<div class=\"wpb_text_column wpb_content_element \">\n<div class=\"wpb_wrapper\">\n<h5>Pentru orice \u00eentreb\u0103ri, contacta\u021bi-ne:<a href=\"https:\/\/wa.me\/+201550089891\" target=\"_blank\" rel=\"noopener\"><img decoding=\"async\" class=\"alignnone wp-image-13655\" src=\"https:\/\/alivoyage.com\/wp-content\/uploads\/2024\/03\/whatsapp-svgrepo-com.svg\" alt=\"\" width=\"42\" height=\"42\" \/><\/a><\/h5>\n<\/div>\n<\/div>\n<\/div>\n<div id=\"tour-included-excluded\" class=\"content-product-item tour-included-excluded-wrapper\"><\/div>\n","protected":false},"excerpt":{"rendered":"<p>Prezentare general\u0103 Bucura\u021bi-v\u0103 de o baie de neuitat pe plaja privat\u0103 de pe insula Hula Hula \u0219i de o excursie relaxant\u0103 cu barca pe Marea Ro\u0219ie. Insula Hula Hula este o rezerva\u021bie natural\u0103 \u00een Marea Ro\u0219ie, \u00een largul insulei Hurghada, \u0219i ofer\u0103 vizitatorilor s\u0103i plaje cu nisip alb \u0219i recife de corali imaculate \u0219i colorate. \u00cenoat\u0103 \u0219i f\u0103 snorkeling al\u0103turi de o varietate incredibil\u0103 de pe\u0219ti \u0219i descoper\u0103 lumea subacvatic\u0103 unic\u0103. Ce s\u0103 iei cu tine? Prosop de baie Ochelari de soare Crem\u0103 de protec\u021bie solar\u0103 Costume de baie Echipament foto\/video Durat\u0103 Prima c\u0103l\u0103torie: Preluare: \u00cen jurul orei 08:00 (\u00een func\u021bie de loca\u021bia hotelului dvs. \u00een Hurghada). A doua c\u0103l\u0103torie: Preluare: \u00cen jurul orei 10:00 (\u00een func\u021bie de loca\u021bia hotelului dvs. \u00een Hurghada) V\u0103 rug\u0103m s\u0103 alege\u021bi ora de preluare \u0219i s\u0103 ne informa\u021bi \u00een notele rezerv\u0103rii. Pentru orice \u00eentreb\u0103ri, contacta\u021bi-ne:<\/p>\n","protected":false},"featured_media":12996,"comment_status":"open","ping_status":"closed","template":"","meta":{"_monsterinsights_skip_tracking":false,"_monsterinsights_sitenote_active":false,"_monsterinsights_sitenote_note":"","_monsterinsights_sitenote_category":0},"product_brand":[],"product_cat":[98],"product_tag":[],"class_list":{"0":"post-12995","1":"product","2":"type-product","3":"status-publish","4":"has-post-thumbnail","6":"product_cat-excursii-pe-mare","8":"first","9":"instock","10":"shipping-taxable","11":"purchasable","12":"product-type-ovabrw_car_rental"},"_links":{"self":[{"href":"https:\/\/egytouregypt.com\/ro\/wp-json\/wp\/v2\/product\/12995","targetHints":{"allow":["GET"]}}],"collection":[{"href":"https:\/\/egytouregypt.com\/ro\/wp-json\/wp\/v2\/product"}],"about":[{"href":"https:\/\/egytouregypt.com\/ro\/wp-json\/wp\/v2\/types\/product"}],"replies":[{"embeddable":true,"href":"https:\/\/egytouregypt.com\/ro\/wp-json\/wp\/v2\/comments?post=12995"}],"wp:featuredmedia":[{"embeddable":true,"href":"https:\/\/egytouregypt.com\/ro\/wp-json\/wp\/v2\/media\/12996"}],"wp:attachment":[{"href":"https:\/\/egytouregypt.com\/ro\/wp-json\/wp\/v2\/media?parent=12995"}],"wp:term":[{"taxonomy":"product_brand","embeddable":true,"href":"https:\/\/egytouregypt.com\/ro\/wp-json\/wp\/v2\/product_brand?post=12995"},{"taxonomy":"product_cat","embeddable":true,"href":"https:\/\/egytouregypt.com\/ro\/wp-json\/wp\/v2\/product_cat?post=12995"},{"taxonomy":"product_tag","embeddable":true,"href":"https:\/\/egytouregypt.com\/ro\/wp-json\/wp\/v2\/product_tag?post=12995"}],"curies":[{"name":"wp","href":"https:\/\/api.w.org\/{rel}","templated":true}]}}