{"id":13020,"date":"2025-05-28T16:22:22","date_gmt":"2025-05-28T16:22:22","guid":{"rendered":"https:\/\/egytouregypt.com\/?post_type=product&#038;p=13020"},"modified":"2025-05-28T22:22:38","modified_gmt":"2025-05-28T22:22:38","slug":"insula-paradisului","status":"publish","type":"product","link":"https:\/\/egytouregypt.com\/ro\/produs\/insula-paradisului\/","title":{"rendered":"Insula Paradisului"},"content":{"rendered":"<div class=\"desc-p havezic-single-content\">\n<div class=\"elementor-element elementor-element-6d80088b ba-content__one elementor-widget elementor-widget-gva_ba_item_content\" data-id=\"6d80088b\" data-element_type=\"widget\" data-widget_type=\"gva_ba_item_content.default\">\n<h2><\/h2>\n<h2>Prezentare general\u0103<\/h2>\n<h2>Insula paradisului<\/h2>\n<p>\u00cencepe\u021bi-v\u0103 ziua cu o preluare de la hotel \u0219i \u00eendrepta\u021bi-v\u0103 spre marina pentru o excursie cu barca c\u0103tre Insula Paradisului, l\u00e2ng\u0103 Hurghada. Bucura\u021bi-v\u0103 de o plimbare de 45 de minute cu barca, cu o oprire pentru snorkeling \u00een apele limpezi ale M\u0103rii Ro\u0219ii, unde pute\u021bi observa pe\u0219ti clovn, pisici de mare, delfini \u0219i corali colora\u021bi. Relaxa\u021bi-v\u0103 pe plaja Insulei Paradisului, cu cabane \u0219i umbrele de lemn, perfecte pentru \u00eenot \u0219i fotografierea unor fotografii frumoase. Dup\u0103 aceea, face\u021bi snorkeling l\u00e2ng\u0103 reciful de corali \u0219i bucura\u021bi-v\u0103 de un pr\u00e2nz delicios la bord, cu b\u0103uturi r\u0103coritoare \u0219i activit\u0103\u021bi acvatice, cum ar fi plimb\u0103ri cu banana \u0219i canapeaua. Divertisment pentru copii este, de asemenea, disponibil pe plaj\u0103.<\/p>\n<p>&nbsp;<\/p>\n<div class=\"vc_row wpb_row vc_row-fluid\">\n<div class=\"wpb_column vc_column_container vc_col-sm-12\">\n<div class=\"vc_column-inner\">\n<div class=\"wpb_wrapper\">\n<div class=\"heading left\">\n<div class=\"vc_row wpb_row vc_row-fluid\">\n<div class=\"wpb_column vc_column_container vc_col-sm-12\">\n<div class=\"vc_column-inner\">\n<div class=\"wpb_wrapper\">\n<div class=\"heading left\">\n<h3><strong>Repere:<\/strong><\/h3>\n<\/div>\n<\/div>\n<\/div>\n<\/div>\n<\/div>\n<div class=\"vc_row wpb_row vc_row-fluid\">\n<div class=\"wpb_column vc_column_container vc_col-sm-12\">\n<div class=\"vc_column-inner\">\n<div class=\"wpb_wrapper\">\n<div class=\"wpb_text_column wpb_content_element \">\n<div class=\"wpb_wrapper\">\n<ul>\n<li>Bucura\u021bi-v\u0103 de \u00eenot \u0219i snorkeling printre varietatea unic\u0103 de pe\u0219ti de-a lungul coastei<\/li>\n<li>Exploreaz\u0103 lumea subacvatic\u0103 fantastic\u0103 a Insulei Paradisului<\/li>\n<li>Bucura\u021bi-v\u0103 de opriri de snorkeling \u00een diferite loca\u021bii<\/li>\n<li>Relaxeaz\u0103-te pe plaja insulei paradisului<\/li>\n<li>Savura\u021bi pr\u00e2nzul pe insul\u0103.<\/li>\n<li>Bucur\u0103-te de o barc\u0103 nebuneasc\u0103 \u00een form\u0103 de banan\u0103<\/li>\n<\/ul>\n<p>&nbsp;<\/p>\n<\/div>\n<\/div>\n<\/div>\n<\/div>\n<\/div>\n<\/div>\n<\/div>\n<\/div>\n<\/div>\n<\/div>\n<\/div>\n<div class=\"vc_row wpb_row vc_row-fluid\">\n<div class=\"wpb_column vc_column_container vc_col-sm-12\">\n<div class=\"vc_column-inner\">\n<div class=\"wpb_wrapper\">\n<div class=\"wpb_text_column wpb_content_element \">\n<div class=\"wpb_wrapper\">\n<div class=\"heading left\">\n<div class=\"heading left\">\n<h3><strong>Ce s\u0103 iei cu tine?<\/strong><\/h3>\n<\/div>\n<div class=\"wpb_text_column wpb_content_element \">\n<div class=\"wpb_wrapper\">\n<ul>\n<li>Prosop de baie<\/li>\n<li>Ochelari de soare<\/li>\n<li>Crem\u0103 de protec\u021bie solar\u0103<\/li>\n<li>Costume de baie<\/li>\n<li>Echipament foto\/video<\/li>\n<\/ul>\n<h3><strong>Durat\u0103<\/strong><\/h3>\n<p>Prima c\u0103l\u0103torie:<\/p>\n<p>Preluare: \u00cen jurul orei 08:00 (\u00een func\u021bie de loca\u021bia hotelului dvs. \u00een Hurghada).<\/p>\n<p>A doua c\u0103l\u0103torie:<\/p>\n<p>Preluare: \u00cen jurul orei 10:00 (\u00een func\u021bie de loca\u021bia hotelului dvs. \u00een Hurghada)<\/p>\n<ul>\n<li>V\u0103 rug\u0103m s\u0103 alege\u021bi ora de preluare \u0219i s\u0103 ne informa\u021bi \u00een notele rezerv\u0103rii.<\/li>\n<\/ul>\n<\/div>\n<\/div>\n<\/div>\n<\/div>\n<\/div>\n<\/div>\n<\/div>\n<\/div>\n<\/div>\n<\/div>\n<\/div>\n<div class=\"highlights\">\n<div class=\"wpb_text_column wpb_content_element \">\n<div class=\"wpb_wrapper\">\n<h5>Pentru orice \u00eentreb\u0103ri, contacta\u021bi-ne:<a href=\"https:\/\/wa.me\/+201550089891\" target=\"_blank\" rel=\"noopener\"><img decoding=\"async\" class=\"alignnone wp-image-13655\" src=\"https:\/\/alivoyage.com\/wp-content\/uploads\/2024\/03\/whatsapp-svgrepo-com.svg\" alt=\"\" width=\"42\" height=\"42\" \/><\/a><\/h5>\n<\/div>\n<\/div>\n<\/div>\n<div id=\"tour-included-excluded\" class=\"content-product-item tour-included-excluded-wrapper\"><\/div>\n","protected":false},"excerpt":{"rendered":"<p>Prezentare general\u0103 Insula paradisului \u00cencepe\u021bi-v\u0103 ziua cu o preluare de la hotel \u0219i \u00eendrepta\u021bi-v\u0103 spre marina pentru o excursie cu barca c\u0103tre Insula Paradisului, l\u00e2ng\u0103 Hurghada. Bucura\u021bi-v\u0103 de o plimbare de 45 de minute cu barca, cu o oprire pentru snorkeling \u00een apele limpezi ale M\u0103rii Ro\u0219ii, unde pute\u021bi observa pe\u0219ti clovn, pisici de mare, delfini \u0219i corali colora\u021bi. Relaxa\u021bi-v\u0103 pe plaja Insulei Paradisului, cu cabane \u0219i umbrele de lemn, perfecte pentru \u00eenot \u0219i fotografierea unor fotografii frumoase. Dup\u0103 aceea, face\u021bi snorkeling l\u00e2ng\u0103 reciful de corali \u0219i bucura\u021bi-v\u0103 de un pr\u00e2nz delicios la bord, cu b\u0103uturi r\u0103coritoare \u0219i activit\u0103\u021bi acvatice, cum ar fi plimb\u0103ri cu banana \u0219i canapeaua. Divertisment pentru copii este, de asemenea, disponibil pe plaj\u0103. &nbsp; Repere: Bucura\u021bi-v\u0103 de \u00eenot \u0219i snorkeling printre varietatea unic\u0103 de pe\u0219ti de-a lungul coastei Exploreaz\u0103 lumea subacvatic\u0103 fantastic\u0103 a Insulei Paradisului Bucura\u021bi-v\u0103 de opriri de snorkeling \u00een diferite loca\u021bii Relaxeaz\u0103-te pe plaja insulei paradisului Savura\u021bi pr\u00e2nzul pe insul\u0103. Bucur\u0103-te de o barc\u0103 nebuneasc\u0103 \u00een form\u0103 de banan\u0103 &nbsp; Ce s\u0103 iei cu tine? Prosop de baie Ochelari de soare Crem\u0103 de protec\u021bie solar\u0103 Costume de baie Echipament foto\/video Durat\u0103 Prima c\u0103l\u0103torie: Preluare: \u00cen jurul orei 08:00 (\u00een func\u021bie de loca\u021bia hotelului dvs. \u00een Hurghada). A doua c\u0103l\u0103torie: Preluare: \u00cen jurul orei 10:00 (\u00een func\u021bie de loca\u021bia hotelului dvs. \u00een Hurghada) V\u0103 rug\u0103m s\u0103 alege\u021bi ora de preluare \u0219i s\u0103 ne informa\u021bi \u00een notele rezerv\u0103rii. Pentru orice \u00eentreb\u0103ri, contacta\u021bi-ne:<\/p>\n","protected":false},"featured_media":13021,"comment_status":"open","ping_status":"closed","template":"","meta":{"_monsterinsights_skip_tracking":false,"_monsterinsights_sitenote_active":false,"_monsterinsights_sitenote_note":"","_monsterinsights_sitenote_category":0},"product_brand":[],"product_cat":[98],"product_tag":[],"class_list":{"0":"post-13020","1":"product","2":"type-product","3":"status-publish","4":"has-post-thumbnail","6":"product_cat-excursii-pe-mare","8":"first","9":"instock","10":"shipping-taxable","11":"purchasable","12":"product-type-ovabrw_car_rental"},"_links":{"self":[{"href":"https:\/\/egytouregypt.com\/ro\/wp-json\/wp\/v2\/product\/13020","targetHints":{"allow":["GET"]}}],"collection":[{"href":"https:\/\/egytouregypt.com\/ro\/wp-json\/wp\/v2\/product"}],"about":[{"href":"https:\/\/egytouregypt.com\/ro\/wp-json\/wp\/v2\/types\/product"}],"replies":[{"embeddable":true,"href":"https:\/\/egytouregypt.com\/ro\/wp-json\/wp\/v2\/comments?post=13020"}],"wp:featuredmedia":[{"embeddable":true,"href":"https:\/\/egytouregypt.com\/ro\/wp-json\/wp\/v2\/media\/13021"}],"wp:attachment":[{"href":"https:\/\/egytouregypt.com\/ro\/wp-json\/wp\/v2\/media?parent=13020"}],"wp:term":[{"taxonomy":"product_brand","embeddable":true,"href":"https:\/\/egytouregypt.com\/ro\/wp-json\/wp\/v2\/product_brand?post=13020"},{"taxonomy":"product_cat","embeddable":true,"href":"https:\/\/egytouregypt.com\/ro\/wp-json\/wp\/v2\/product_cat?post=13020"},{"taxonomy":"product_tag","embeddable":true,"href":"https:\/\/egytouregypt.com\/ro\/wp-json\/wp\/v2\/product_tag?post=13020"}],"curies":[{"name":"wp","href":"https:\/\/api.w.org\/{rel}","templated":true}]}}