{"id":13065,"date":"2025-05-28T16:27:08","date_gmt":"2025-05-28T16:27:08","guid":{"rendered":"https:\/\/egytouregypt.com\/?post_type=product&#038;p=13065"},"modified":"2025-05-28T22:23:12","modified_gmt":"2025-05-28T22:23:12","slug":"insula-mahmya","status":"publish","type":"product","link":"https:\/\/egytouregypt.com\/ro\/produs\/insula-mahmya\/","title":{"rendered":"Insula Mahmya"},"content":{"rendered":"<div class=\"desc-p havezic-single-content\">\n<div class=\"elementor-element elementor-element-6d80088b ba-content__one elementor-widget elementor-widget-gva_ba_item_content\" data-id=\"6d80088b\" data-element_type=\"widget\" data-widget_type=\"gva_ba_item_content.default\">\n<h2><\/h2>\n<h2>Prezentare general\u0103<\/h2>\n<h2>Insula Mahmya<\/h2>\n<p>Explora\u021bi recifele de corali vibrante \u0219i gr\u0103dinile subacvatice ale insulei Mahmya, \u00een Parcul Na\u021bional protejat al Insulei Giftun. \u00cent\u00e2lni\u021bi delfini, bancuri de pe\u0219ti colora\u021bi \u0219i multe altele \u00een timp ce face\u021bi snorkeling \u00een apele limpezi. Relaxa\u021bi-v\u0103 pe plajele cu nisip alb imaculat \u0219i \u00eenota\u021bi \u00een marea cristalin\u0103.<\/p>\n<h3><strong>Repere:<\/strong><\/h3>\n<div class=\"highlights\">\n<ul>\n<li>Exploreaz\u0103 lumea subacvatic\u0103 a M\u0103rii Ro\u0219ii<\/li>\n<li>Naviga\u021bi spre insula protejat\u0103 Mahmya<\/li>\n<li>C\u0103uta\u021bi delfinii juc\u0103u\u0219i din Parcul Na\u021bional Insula Giftun<\/li>\n<li>Bucura\u021bi-v\u0103 de un pr\u00e2nz cu fructe de mare \u0219i specialit\u0103\u021bi italiene<\/li>\n<li>Relaxeaz\u0103-te pe plajele cu nisip alb \u0219i \u00eenoat\u0103 \u00een marea cristalin\u0103<\/li>\n<\/ul>\n<h3><strong>\u00a0\u0218ti\u021bi \u00eenainte de a pleca:<\/strong><\/h3>\n<ul>\n<li>Prosop de baie<\/li>\n<li>Ochelari de soare<\/li>\n<li>Crem\u0103 de protec\u021bie solar\u0103<\/li>\n<li>Costume de baie<\/li>\n<li>Echipament foto\/video<\/li>\n<\/ul>\n<h3><strong>Durat\u0103<\/strong><\/h3>\n<p>Preluare: \u00cen jurul orei 08:00 (\u00een func\u021bie de loca\u021bia hotelului dvs. \u00een Hurghada).<\/p>\n<\/div>\n<\/div>\n<\/div>\n<div class=\"highlights\">\n<div class=\"wpb_text_column wpb_content_element \">\n<div class=\"wpb_wrapper\">\n<h5>Pentru orice \u00eentreb\u0103ri, contacta\u021bi-ne:<a href=\"https:\/\/wa.me\/+201550089891\" target=\"_blank\" rel=\"noopener\"><img decoding=\"async\" class=\"alignnone wp-image-13655\" src=\"https:\/\/alivoyage.com\/wp-content\/uploads\/2024\/03\/whatsapp-svgrepo-com.svg\" alt=\"\" width=\"42\" height=\"42\" \/><\/a><\/h5>\n<\/div>\n<\/div>\n<\/div>\n<div id=\"tour-included-excluded\" class=\"content-product-item tour-included-excluded-wrapper\"><\/div>\n","protected":false},"excerpt":{"rendered":"<p>Prezentare general\u0103 Insula Mahmya Explora\u021bi recifele de corali vibrante \u0219i gr\u0103dinile subacvatice ale insulei Mahmya, \u00een Parcul Na\u021bional protejat al Insulei Giftun. \u00cent\u00e2lni\u021bi delfini, bancuri de pe\u0219ti colora\u021bi \u0219i multe altele \u00een timp ce face\u021bi snorkeling \u00een apele limpezi. Relaxa\u021bi-v\u0103 pe plajele cu nisip alb imaculat \u0219i \u00eenota\u021bi \u00een marea cristalin\u0103. Repere: Exploreaz\u0103 lumea subacvatic\u0103 a M\u0103rii Ro\u0219ii Naviga\u021bi spre insula protejat\u0103 Mahmya C\u0103uta\u021bi delfinii juc\u0103u\u0219i din Parcul Na\u021bional Insula Giftun Bucura\u021bi-v\u0103 de un pr\u00e2nz cu fructe de mare \u0219i specialit\u0103\u021bi italiene Relaxeaz\u0103-te pe plajele cu nisip alb \u0219i \u00eenoat\u0103 \u00een marea cristalin\u0103 \u00a0\u0218ti\u021bi \u00eenainte de a pleca: Prosop de baie Ochelari de soare Crem\u0103 de protec\u021bie solar\u0103 Costume de baie Echipament foto\/video Durat\u0103 Preluare: \u00cen jurul orei 08:00 (\u00een func\u021bie de loca\u021bia hotelului dvs. \u00een Hurghada). Pentru orice \u00eentreb\u0103ri, contacta\u021bi-ne:<\/p>\n","protected":false},"featured_media":13066,"comment_status":"open","ping_status":"closed","template":"","meta":{"_monsterinsights_skip_tracking":false,"_monsterinsights_sitenote_active":false,"_monsterinsights_sitenote_note":"","_monsterinsights_sitenote_category":0},"product_brand":[],"product_cat":[98],"product_tag":[],"class_list":{"0":"post-13065","1":"product","2":"type-product","3":"status-publish","4":"has-post-thumbnail","6":"product_cat-excursii-pe-mare","8":"first","9":"instock","10":"shipping-taxable","11":"purchasable","12":"product-type-ovabrw_car_rental"},"_links":{"self":[{"href":"https:\/\/egytouregypt.com\/ro\/wp-json\/wp\/v2\/product\/13065","targetHints":{"allow":["GET"]}}],"collection":[{"href":"https:\/\/egytouregypt.com\/ro\/wp-json\/wp\/v2\/product"}],"about":[{"href":"https:\/\/egytouregypt.com\/ro\/wp-json\/wp\/v2\/types\/product"}],"replies":[{"embeddable":true,"href":"https:\/\/egytouregypt.com\/ro\/wp-json\/wp\/v2\/comments?post=13065"}],"wp:featuredmedia":[{"embeddable":true,"href":"https:\/\/egytouregypt.com\/ro\/wp-json\/wp\/v2\/media\/13066"}],"wp:attachment":[{"href":"https:\/\/egytouregypt.com\/ro\/wp-json\/wp\/v2\/media?parent=13065"}],"wp:term":[{"taxonomy":"product_brand","embeddable":true,"href":"https:\/\/egytouregypt.com\/ro\/wp-json\/wp\/v2\/product_brand?post=13065"},{"taxonomy":"product_cat","embeddable":true,"href":"https:\/\/egytouregypt.com\/ro\/wp-json\/wp\/v2\/product_cat?post=13065"},{"taxonomy":"product_tag","embeddable":true,"href":"https:\/\/egytouregypt.com\/ro\/wp-json\/wp\/v2\/product_tag?post=13065"}],"curies":[{"name":"wp","href":"https:\/\/api.w.org\/{rel}","templated":true}]}}