{"id":13090,"date":"2025-05-28T16:59:31","date_gmt":"2025-05-28T16:59:31","guid":{"rendered":"https:\/\/egytouregypt.com\/?post_type=product&#038;p=13090"},"modified":"2025-05-28T22:23:41","modified_gmt":"2025-05-28T22:23:41","slug":"safari-cu-atv-ul-3-ore-dimineata","status":"publish","type":"product","link":"https:\/\/egytouregypt.com\/ro\/produs\/safari-cu-atv-ul-3-ore-dimineata\/","title":{"rendered":"Safari cu ATV-ul 3 ore diminea\u021ba"},"content":{"rendered":"<div class=\"desc-p havezic-single-content\">\n<div class=\"elementor-element elementor-element-6d80088b ba-content__one elementor-widget elementor-widget-gva_ba_item_content\" data-id=\"6d80088b\" data-element_type=\"widget\" data-widget_type=\"gva_ba_item_content.default\">\n<h2><\/h2>\n<h2>Prezentare general\u0103<\/h2>\n<h3>Safari cu ATV-ul 3 ore diminea\u021ba<\/h3>\n<p>Vei fi preluat de la hotel cu un autobuz cu aer condi\u021bionat c\u0103tre zona de safari. Bucur\u0103-te de o plimbare cu ATV-ul timp de 40 de minute p\u00e2n\u0103 \u00een satul beduin. Vei face o plimbare de 10 minute pe c\u0103mile printre mun\u021bi \u0219i vei beneficia de un tur ghidat \u00een satul beduin pentru a afla mai multe despre via\u021ba beduinilor. Vei gusta ceaiul beduin \u0219i vei conduce ATV-ul \u00eenapoi la sta\u021bia de safari \u0219i apoi \u00eenapoi la hotel.<\/p>\n<h2>Repere<\/h2>\n<div class=\"wpb_text_column wpb_content_element \">\n<div class=\"wpb_wrapper\">\n<p><strong>Safari de 3 ore cu ATV-ul \u00een Hurghada, diminea\u021ba<\/strong><\/p>\n<div class=\"flex max-w-full flex-col flex-grow\">\n<div class=\"min-h-[20px] text-message flex w-full flex-col items-end gap-2 whitespace-normal break-words [.text-message+&amp;]:mt-5\" dir=\"auto\" data-message-author-role=\"assistant\" data-message-id=\"1712f951-3493-409c-9333-5b4769690c1e\">\n<div class=\"flex w-full flex-col gap-1 empty:hidden first:pt-[3px]\">\n<div class=\"markdown prose w-full break-words dark:prose-invert light\">\n<ul>\n<li>condusul unui ATV timp de 40 de minute<\/li>\n<li>Vizita\u021bi un sat beduin tradi\u021bional<\/li>\n<li>Opri\u021bi-v\u0103 pentru o b\u0103utur\u0103 de ceai la un cort beduin<\/li>\n<li>Preluare \u0219i returnare de la hotel din Hurghada incluse<\/li>\n<\/ul>\n<h3><strong>Durat\u0103<\/strong><\/h3>\n<ul>\n<li>Preluare: \u00cen jurul orei 08:00 (\u00een func\u021bie de loca\u021bia hotelului dvs. \u00een Hurghada).<\/li>\n<\/ul>\n<\/div>\n<\/div>\n<\/div>\n<\/div>\n<\/div>\n<\/div>\n<\/div>\n<\/div>\n<div class=\"highlights\">\n<div class=\"wpb_text_column wpb_content_element \">\n<div class=\"wpb_wrapper\">\n<h5>Pentru orice \u00eentreb\u0103ri, contacta\u021bi-ne:<a href=\"https:\/\/wa.me\/+201550089891\" target=\"_blank\" rel=\"noopener\"><img decoding=\"async\" class=\"alignnone wp-image-13655\" src=\"https:\/\/alivoyage.com\/wp-content\/uploads\/2024\/03\/whatsapp-svgrepo-com.svg\" alt=\"\" width=\"42\" height=\"42\" \/><\/a><\/h5>\n<\/div>\n<\/div>\n<\/div>\n<div id=\"tour-included-excluded\" class=\"content-product-item tour-included-excluded-wrapper\"><\/div>\n","protected":false},"excerpt":{"rendered":"<p>Prezentare general\u0103 Safari cu ATV-ul 3 ore diminea\u021ba Vei fi preluat de la hotel cu un autobuz cu aer condi\u021bionat c\u0103tre zona de safari. Bucur\u0103-te de o plimbare cu ATV-ul timp de 40 de minute p\u00e2n\u0103 \u00een satul beduin. Vei face o plimbare de 10 minute pe c\u0103mile printre mun\u021bi \u0219i vei beneficia de un tur ghidat \u00een satul beduin pentru a afla mai multe despre via\u021ba beduinilor. Vei gusta ceaiul beduin \u0219i vei conduce ATV-ul \u00eenapoi la sta\u021bia de safari \u0219i apoi \u00eenapoi la hotel. Repere Safari de 3 ore cu ATV-ul \u00een Hurghada, diminea\u021ba condusul unui ATV timp de 40 de minute Vizita\u021bi un sat beduin tradi\u021bional Opri\u021bi-v\u0103 pentru o b\u0103utur\u0103 de ceai la un cort beduin Preluare \u0219i returnare de la hotel din Hurghada incluse Durat\u0103 Preluare: \u00cen jurul orei 08:00 (\u00een func\u021bie de loca\u021bia hotelului dvs. \u00een Hurghada). Pentru orice \u00eentreb\u0103ri, contacta\u021bi-ne:<\/p>\n","protected":false},"featured_media":13091,"comment_status":"open","ping_status":"closed","template":"","meta":{"_monsterinsights_skip_tracking":false,"_monsterinsights_sitenote_active":false,"_monsterinsights_sitenote_note":"","_monsterinsights_sitenote_category":0},"product_brand":[],"product_cat":[99],"product_tag":[],"class_list":{"0":"post-13090","1":"product","2":"type-product","3":"status-publish","4":"has-post-thumbnail","6":"product_cat-excursii-safari","8":"first","9":"instock","10":"shipping-taxable","11":"purchasable","12":"product-type-ovabrw_car_rental"},"_links":{"self":[{"href":"https:\/\/egytouregypt.com\/ro\/wp-json\/wp\/v2\/product\/13090","targetHints":{"allow":["GET"]}}],"collection":[{"href":"https:\/\/egytouregypt.com\/ro\/wp-json\/wp\/v2\/product"}],"about":[{"href":"https:\/\/egytouregypt.com\/ro\/wp-json\/wp\/v2\/types\/product"}],"replies":[{"embeddable":true,"href":"https:\/\/egytouregypt.com\/ro\/wp-json\/wp\/v2\/comments?post=13090"}],"wp:featuredmedia":[{"embeddable":true,"href":"https:\/\/egytouregypt.com\/ro\/wp-json\/wp\/v2\/media\/13091"}],"wp:attachment":[{"href":"https:\/\/egytouregypt.com\/ro\/wp-json\/wp\/v2\/media?parent=13090"}],"wp:term":[{"taxonomy":"product_brand","embeddable":true,"href":"https:\/\/egytouregypt.com\/ro\/wp-json\/wp\/v2\/product_brand?post=13090"},{"taxonomy":"product_cat","embeddable":true,"href":"https:\/\/egytouregypt.com\/ro\/wp-json\/wp\/v2\/product_cat?post=13090"},{"taxonomy":"product_tag","embeddable":true,"href":"https:\/\/egytouregypt.com\/ro\/wp-json\/wp\/v2\/product_tag?post=13090"}],"curies":[{"name":"wp","href":"https:\/\/api.w.org\/{rel}","templated":true}]}}