{"id":13127,"date":"2025-05-28T17:04:12","date_gmt":"2025-05-28T17:04:12","guid":{"rendered":"https:\/\/egytouregypt.com\/?post_type=product&#038;p=13127"},"modified":"2025-05-28T22:24:13","modified_gmt":"2025-05-28T22:24:13","slug":"safari-cu-quad-la-apus-3-ore","status":"publish","type":"product","link":"https:\/\/egytouregypt.com\/ro\/produs\/safari-cu-quad-la-apus-3-ore\/","title":{"rendered":"Safari cu Quad la apus, 3 ore"},"content":{"rendered":"<div class=\"desc-p havezic-single-content\">\n<div class=\"elementor-element elementor-element-6d80088b ba-content__one elementor-widget elementor-widget-gva_ba_item_content\" data-id=\"6d80088b\" data-element_type=\"widget\" data-widget_type=\"gva_ba_item_content.default\">\n<h2><\/h2>\n<h2>Prezentare general\u0103<\/h2>\n<h3>safari cu quad-ul la apus, 3 ore<\/h3>\n<div class=\"container\">\n<div class=\"trip-insight \">\n<div class=\"insight-list-wrap row owl-carousel owl-theme owl-responsive-700 owl-loaded\">\n<div class=\"owl-controls\">\n<div class=\"owl-nav\">\n<div class=\"flex max-w-full flex-col flex-grow\">\n<div class=\"min-h-[20px] text-message flex w-full flex-col items-end gap-2 whitespace-normal break-words [.text-message+&amp;]:mt-5\" dir=\"auto\" data-message-author-role=\"assistant\" data-message-id=\"5481a9d7-d2f8-4d62-b5fb-ea77b05a7844\">\n<div class=\"flex w-full flex-col gap-1 empty:hidden first:pt-[3px]\">\n<div class=\"markdown prose w-full break-words dark:prose-invert light\">\n<p>Experimenta\u021bi un Mega Safari palpitant din Hurghada! Aventura dvs. \u00eencepe cu o preluare convenabil\u0103 de la hotel \u0219i o excursie la sta\u021bia de ATV-uri, unde un ghid multilingv v\u0103 va oferi instruc\u021biuni de siguran\u021b\u0103.<\/p>\n<p>\u00cencepe\u021bi cu o plimbare palpitant\u0103 cu ATV-ul de 45 de minute prin de\u0219ertul uluitor Hurghada, oprindu-v\u0103 pe parcurs pentru oportunit\u0103\u021bi uimitoare de fotografiere. Apoi, \u00eembarca\u021bi-v\u0103 \u00eentr-un safari cu jeep-ul, conduc\u00e2nd 25 km peste dune de nisip p\u00e2n\u0103 la un sat tradi\u021bional beduin.<\/p>\n<p>\u00cen sat, bucura\u021bi-v\u0103 de o plimbare relaxant\u0103 cu c\u0103mila, savura\u021bi ceai arab \u0219i afla\u021bi mai multe despre cultura beduin\u0103. Pe m\u0103sur\u0103 ce ziua se apropie de sf\u00e2r\u0219it, admira\u021bi apusul de soare uimitor peste orizontul de\u0219ertului. Dup\u0103 aceea, conduce\u021bi ATV-ul \u00eenapoi la sta\u021bia de safari.<\/p>\n<p>Seara se \u00eencheie cu o cin\u0103 delicioas\u0103 la gr\u0103tar sub stele, \u00eenso\u021bit\u0103 de divertisment tradi\u021bional, inclusiv spectacole Tanoura \u0219i dans din buric. Dup\u0103 aceast\u0103 experien\u021b\u0103 de neuitat, ve\u021bi fi condu\u0219i \u00eenapoi la hotel.<\/p>\n<\/div>\n<\/div>\n<\/div>\n<\/div>\n<\/div>\n<\/div>\n<\/div>\n<\/div>\n<\/div>\n<div class=\"wpb_text_column wpb_content_element \">\n<div class=\"wpb_wrapper\">\n<div class=\"flex max-w-full flex-col flex-grow\">\n<div class=\"min-h-[20px] text-message flex w-full flex-col items-end gap-2 whitespace-normal break-words [.text-message+&amp;]:mt-5\" dir=\"auto\" data-message-author-role=\"assistant\" data-message-id=\"1712f951-3493-409c-9333-5b4769690c1e\">\n<div class=\"flex w-full flex-col gap-1 empty:hidden first:pt-[3px]\">\n<div class=\"markdown prose w-full break-words dark:prose-invert light\">\n<h3><strong>Durat\u0103<\/strong><\/h3>\n<ul>\n<li>Preluare: \u00cen jurul orei 14:00 (\u00een func\u021bie de loca\u021bia hotelului dvs. \u00een Hurghada).<\/li>\n<\/ul>\n<\/div>\n<\/div>\n<\/div>\n<\/div>\n<\/div>\n<\/div>\n<\/div>\n<\/div>\n<div class=\"highlights\">\n<div class=\"wpb_text_column wpb_content_element \">\n<div class=\"wpb_wrapper\">\n<h5>Pentru orice \u00eentreb\u0103ri, contacta\u021bi-ne:<a href=\"https:\/\/wa.me\/+201550089891\" target=\"_blank\" rel=\"noopener\"><img decoding=\"async\" class=\"alignnone wp-image-13655\" src=\"https:\/\/alivoyage.com\/wp-content\/uploads\/2024\/03\/whatsapp-svgrepo-com.svg\" alt=\"\" width=\"42\" height=\"42\" \/><\/a><\/h5>\n<\/div>\n<\/div>\n<\/div>\n<div id=\"tour-included-excluded\" class=\"content-product-item tour-included-excluded-wrapper\"><\/div>\n","protected":false},"excerpt":{"rendered":"<p>Prezentare general\u0103 safari cu quad-ul la apus, 3 ore Experimenta\u021bi un Mega Safari palpitant din Hurghada! Aventura dvs. \u00eencepe cu o preluare convenabil\u0103 de la hotel \u0219i o excursie la sta\u021bia de ATV-uri, unde un ghid multilingv v\u0103 va oferi instruc\u021biuni de siguran\u021b\u0103. \u00cencepe\u021bi cu o plimbare palpitant\u0103 cu ATV-ul de 45 de minute prin de\u0219ertul uluitor Hurghada, oprindu-v\u0103 pe parcurs pentru oportunit\u0103\u021bi uimitoare de fotografiere. Apoi, \u00eembarca\u021bi-v\u0103 \u00eentr-un safari cu jeep-ul, conduc\u00e2nd 25 km peste dune de nisip p\u00e2n\u0103 la un sat tradi\u021bional beduin. \u00cen sat, bucura\u021bi-v\u0103 de o plimbare relaxant\u0103 cu c\u0103mila, savura\u021bi ceai arab \u0219i afla\u021bi mai multe despre cultura beduin\u0103. Pe m\u0103sur\u0103 ce ziua se apropie de sf\u00e2r\u0219it, admira\u021bi apusul de soare uimitor peste orizontul de\u0219ertului. Dup\u0103 aceea, conduce\u021bi ATV-ul \u00eenapoi la sta\u021bia de safari. Seara se \u00eencheie cu o cin\u0103 delicioas\u0103 la gr\u0103tar sub stele, \u00eenso\u021bit\u0103 de divertisment tradi\u021bional, inclusiv spectacole Tanoura \u0219i dans din buric. Dup\u0103 aceast\u0103 experien\u021b\u0103 de neuitat, ve\u021bi fi condu\u0219i \u00eenapoi la hotel. Durat\u0103 Preluare: \u00cen jurul orei 14:00 (\u00een func\u021bie de loca\u021bia hotelului dvs. \u00een Hurghada). Pentru orice \u00eentreb\u0103ri, contacta\u021bi-ne:<\/p>\n","protected":false},"featured_media":13128,"comment_status":"open","ping_status":"closed","template":"","meta":{"_monsterinsights_skip_tracking":false,"_monsterinsights_sitenote_active":false,"_monsterinsights_sitenote_note":"","_monsterinsights_sitenote_category":0},"product_brand":[],"product_cat":[99],"product_tag":[],"class_list":{"0":"post-13127","1":"product","2":"type-product","3":"status-publish","4":"has-post-thumbnail","6":"product_cat-excursii-safari","8":"first","9":"instock","10":"shipping-taxable","11":"purchasable","12":"product-type-ovabrw_car_rental"},"_links":{"self":[{"href":"https:\/\/egytouregypt.com\/ro\/wp-json\/wp\/v2\/product\/13127","targetHints":{"allow":["GET"]}}],"collection":[{"href":"https:\/\/egytouregypt.com\/ro\/wp-json\/wp\/v2\/product"}],"about":[{"href":"https:\/\/egytouregypt.com\/ro\/wp-json\/wp\/v2\/types\/product"}],"replies":[{"embeddable":true,"href":"https:\/\/egytouregypt.com\/ro\/wp-json\/wp\/v2\/comments?post=13127"}],"wp:featuredmedia":[{"embeddable":true,"href":"https:\/\/egytouregypt.com\/ro\/wp-json\/wp\/v2\/media\/13128"}],"wp:attachment":[{"href":"https:\/\/egytouregypt.com\/ro\/wp-json\/wp\/v2\/media?parent=13127"}],"wp:term":[{"taxonomy":"product_brand","embeddable":true,"href":"https:\/\/egytouregypt.com\/ro\/wp-json\/wp\/v2\/product_brand?post=13127"},{"taxonomy":"product_cat","embeddable":true,"href":"https:\/\/egytouregypt.com\/ro\/wp-json\/wp\/v2\/product_cat?post=13127"},{"taxonomy":"product_tag","embeddable":true,"href":"https:\/\/egytouregypt.com\/ro\/wp-json\/wp\/v2\/product_tag?post=13127"}],"curies":[{"name":"wp","href":"https:\/\/api.w.org\/{rel}","templated":true}]}}