{"id":13152,"date":"2025-05-28T17:09:22","date_gmt":"2025-05-28T17:09:22","guid":{"rendered":"https:\/\/egytouregypt.com\/?post_type=product&#038;p=13152"},"modified":"2025-05-28T22:24:46","modified_gmt":"2025-05-28T22:24:46","slug":"safari-in-familie-dupa-amiaza-din-hurghada","status":"publish","type":"product","link":"https:\/\/egytouregypt.com\/ro\/produs\/safari-in-familie-dupa-amiaza-din-hurghada\/","title":{"rendered":"Safari \u00een familie dup\u0103-amiaza din Hurghada"},"content":{"rendered":"<div class=\"desc-p havezic-single-content\">\n<div class=\"elementor-element elementor-element-6d80088b ba-content__one elementor-widget elementor-widget-gva_ba_item_content\" data-id=\"6d80088b\" data-element_type=\"widget\" data-widget_type=\"gva_ba_item_content.default\">\n<h2><\/h2>\n<h2>Prezentare general\u0103<\/h2>\n<h3>Safari \u00een familie dup\u0103 pr\u00e2nz<\/h3>\n<div class=\"flex max-w-full flex-col flex-grow\">\n<div class=\"min-h-[20px] text-message flex w-full flex-col items-end gap-2 whitespace-normal break-words [.text-message+&amp;]:mt-5\" dir=\"auto\" data-message-author-role=\"assistant\" data-message-id=\"a8508bd8-8f0f-43e7-85e4-8ce772b58c23\">\n<div class=\"flex w-full flex-col gap-1 empty:hidden first:pt-[3px]\">\n<div class=\"markdown prose w-full break-words dark:prose-invert light\">\n<p>Fii preluat de la hotel \u0219i condus cu autobuze cu aer condi\u021bionat p\u00e2n\u0103 la sta\u021bia principal\u0103 de safari, de unde \u00eencepe aventura ta.<\/p>\n<p>Bucura\u021bi-v\u0103 de o plimbare cu ATV-ul timp de 40 de minute pe dune, iar dup\u0103 aceea, de o plimbare cu ma\u0219ina-p\u0103ianjen timp de 20 de minute.<br \/>\n\u00cenc\u00e2nta\u021bi-v\u0103 de o plimbare cu jeep-ul prin de\u0219ertul estic p\u00e2n\u0103 \u00een satul beduin, unde ve\u021bi face o plimbare cu c\u0103mila \u0219i o plimbare prin satul beduin, afl\u00e2nd despre via\u021ba beduinilor.<br \/>\n\u00centoarce\u021bi-v\u0103 la sta\u021bia principal\u0103 de safari, unde autobuzul v\u0103 va a\u0219tepta pentru a v\u0103 duce \u00eenapoi la hotel.<\/p>\n<p>&nbsp;<\/p>\n<\/div>\n<\/div>\n<\/div>\n<\/div>\n<h2>Repere<\/h2>\n<div class=\"wpb_text_column wpb_content_element \">\n<div class=\"wpb_wrapper\">\n<ul>\n<li>Preluare \u0219i returnare de la hotel cu transport cu aer condi\u021bionat<\/li>\n<li>Plimbare de 40 de minute cu ATV-ul pe dunele de\u0219ertului<\/li>\n<li>Plimbare de 20 de minute cu o ma\u0219in\u0103 p\u0103ianjen pentru o aventur\u0103 suplimentar\u0103<\/li>\n<li>O plimbare palpitant\u0103 cu jeep-ul prin de\u0219ertul estic<\/li>\n<li>Vizita\u021bi un sat beduin cu o plimbare cu c\u0103mila \u0219i o plimbare \u00een sat<\/li>\n<li>Afla\u021bi despre stilul de via\u021b\u0103 tradi\u021bional beduin<\/li>\n<li>\u00centoarcere la sta\u021bia principal\u0103 de safari \u0219i conducere \u00eenapoi la hotel<\/li>\n<\/ul>\n<h3><strong>\u00a0Durat\u0103<\/strong><\/h3>\n<ul>\n<li>Preluare: \u00cen jurul orei 14:00 (\u00een func\u021bie de loca\u021bia hotelului dvs. \u00een Hurghada).<\/li>\n<\/ul>\n<\/div>\n<\/div>\n<\/div>\n<\/div>\n<div class=\"highlights\">\n<div class=\"wpb_text_column wpb_content_element \">\n<div class=\"wpb_wrapper\">\n<h5>Pentru orice \u00eentreb\u0103ri, contacta\u021bi-ne:<a href=\"https:\/\/wa.me\/+201550089891\" target=\"_blank\" rel=\"noopener\"><img decoding=\"async\" class=\"alignnone wp-image-13655\" src=\"https:\/\/alivoyage.com\/wp-content\/uploads\/2024\/03\/whatsapp-svgrepo-com.svg\" alt=\"\" width=\"42\" height=\"42\" \/><\/a><\/h5>\n<\/div>\n<\/div>\n<\/div>\n<div id=\"tour-included-excluded\" class=\"content-product-item tour-included-excluded-wrapper\"><\/div>\n","protected":false},"excerpt":{"rendered":"<p>Prezentare general\u0103 Safari \u00een familie dup\u0103 pr\u00e2nz Fii preluat de la hotel \u0219i condus cu autobuze cu aer condi\u021bionat p\u00e2n\u0103 la sta\u021bia principal\u0103 de safari, de unde \u00eencepe aventura ta. Bucura\u021bi-v\u0103 de o plimbare cu ATV-ul timp de 40 de minute pe dune, iar dup\u0103 aceea, de o plimbare cu ma\u0219ina-p\u0103ianjen timp de 20 de minute. \u00cenc\u00e2nta\u021bi-v\u0103 de o plimbare cu jeep-ul prin de\u0219ertul estic p\u00e2n\u0103 \u00een satul beduin, unde ve\u021bi face o plimbare cu c\u0103mila \u0219i o plimbare prin satul beduin, afl\u00e2nd despre via\u021ba beduinilor. \u00centoarce\u021bi-v\u0103 la sta\u021bia principal\u0103 de safari, unde autobuzul v\u0103 va a\u0219tepta pentru a v\u0103 duce \u00eenapoi la hotel. &nbsp; Repere Preluare \u0219i returnare de la hotel cu transport cu aer condi\u021bionat Plimbare de 40 de minute cu ATV-ul pe dunele de\u0219ertului Plimbare de 20 de minute cu o ma\u0219in\u0103 p\u0103ianjen pentru o aventur\u0103 suplimentar\u0103 O plimbare palpitant\u0103 cu jeep-ul prin de\u0219ertul estic Vizita\u021bi un sat beduin cu o plimbare cu c\u0103mila \u0219i o plimbare \u00een sat Afla\u021bi despre stilul de via\u021b\u0103 tradi\u021bional beduin \u00centoarcere la sta\u021bia principal\u0103 de safari \u0219i conducere \u00eenapoi la hotel \u00a0Durat\u0103 Preluare: \u00cen jurul orei 14:00 (\u00een func\u021bie de loca\u021bia hotelului dvs. \u00een Hurghada). Pentru orice \u00eentreb\u0103ri, contacta\u021bi-ne:<\/p>\n","protected":false},"featured_media":13153,"comment_status":"open","ping_status":"closed","template":"","meta":{"_monsterinsights_skip_tracking":false,"_monsterinsights_sitenote_active":false,"_monsterinsights_sitenote_note":"","_monsterinsights_sitenote_category":0},"product_brand":[],"product_cat":[99,101],"product_tag":[],"class_list":{"0":"post-13152","1":"product","2":"type-product","3":"status-publish","4":"has-post-thumbnail","6":"product_cat-excursii-safari","7":"product_cat-excursii-in-familie","9":"first","10":"instock","11":"shipping-taxable","12":"purchasable","13":"product-type-ovabrw_car_rental"},"_links":{"self":[{"href":"https:\/\/egytouregypt.com\/ro\/wp-json\/wp\/v2\/product\/13152","targetHints":{"allow":["GET"]}}],"collection":[{"href":"https:\/\/egytouregypt.com\/ro\/wp-json\/wp\/v2\/product"}],"about":[{"href":"https:\/\/egytouregypt.com\/ro\/wp-json\/wp\/v2\/types\/product"}],"replies":[{"embeddable":true,"href":"https:\/\/egytouregypt.com\/ro\/wp-json\/wp\/v2\/comments?post=13152"}],"wp:featuredmedia":[{"embeddable":true,"href":"https:\/\/egytouregypt.com\/ro\/wp-json\/wp\/v2\/media\/13153"}],"wp:attachment":[{"href":"https:\/\/egytouregypt.com\/ro\/wp-json\/wp\/v2\/media?parent=13152"}],"wp:term":[{"taxonomy":"product_brand","embeddable":true,"href":"https:\/\/egytouregypt.com\/ro\/wp-json\/wp\/v2\/product_brand?post=13152"},{"taxonomy":"product_cat","embeddable":true,"href":"https:\/\/egytouregypt.com\/ro\/wp-json\/wp\/v2\/product_cat?post=13152"},{"taxonomy":"product_tag","embeddable":true,"href":"https:\/\/egytouregypt.com\/ro\/wp-json\/wp\/v2\/product_tag?post=13152"}],"curies":[{"name":"wp","href":"https:\/\/api.w.org\/{rel}","templated":true}]}}