{"id":13181,"date":"2025-05-28T17:13:43","date_gmt":"2025-05-28T17:13:43","guid":{"rendered":"https:\/\/egytouregypt.com\/?post_type=product&#038;p=13181"},"modified":"2025-05-28T22:25:28","modified_gmt":"2025-05-28T22:25:28","slug":"super-aventura-safari","status":"publish","type":"product","link":"https:\/\/egytouregypt.com\/ro\/produs\/super-aventura-safari\/","title":{"rendered":"Super aventur\u0103 safari"},"content":{"rendered":"<div class=\"desc-p havezic-single-content\">\n<div class=\"elementor-element elementor-element-6d80088b ba-content__one elementor-widget elementor-widget-gva_ba_item_content\" data-id=\"6d80088b\" data-element_type=\"widget\" data-widget_type=\"gva_ba_item_content.default\">\n<h2><\/h2>\n<div class=\"elementor-element elementor-element-f85dd7f elementor-widget elementor-widget-heading\" data-id=\"f85dd7f\" data-element_type=\"widget\" data-widget_type=\"heading.default\">\n<div class=\"elementor-widget-container\">\n<h2 class=\"elementor-heading-title elementor-size-default\">Prezentare general\u0103<\/h2>\n<\/div>\n<\/div>\n<div class=\"elementor-element elementor-element-23592fac elementor-widget elementor-widget-babe-item-content\" data-id=\"23592fac\" data-element_type=\"widget\" data-widget_type=\"babe-item-content.default\">\n<div class=\"elementor-widget-container\">\n<div class=\"elementor-widget-inner\">\n<div class=\"triply-single-content\">\n<h3>Super excursie safari<\/h3>\n<div class=\"container\">\n<div class=\"trip-insight \">\n<div class=\"insight-list-wrap row owl-carousel owl-theme owl-responsive-700 owl-loaded\">\n<div class=\"owl-controls\">\n<div class=\"owl-nav\">\n<div class=\"flex max-w-full flex-col flex-grow\">\n<div class=\"min-h-[20px] text-message flex w-full flex-col items-end gap-2 whitespace-normal break-words [.text-message+&amp;]:mt-5\" dir=\"auto\" data-message-author-role=\"assistant\" data-message-id=\"5481a9d7-d2f8-4d62-b5fb-ea77b05a7844\">\n<div class=\"flex w-full flex-col gap-1 empty:hidden first:pt-[3px]\">\n<div class=\"markdown prose w-full break-words dark:prose-invert light\">\n<p>Fii preluat de la hotel \u0219i condus cu autobuze cu aer condi\u021bionat p\u00e2n\u0103 la sta\u021bia principal\u0103 de safari, de unde \u00eencepe aventura ta.<\/p>\n<p>Bucura\u021bi-v\u0103 de o plimbare cu ATV-ul timp de 40 de minute pe dune, iar apoi de o plimbare cu ma\u0219ina-p\u0103ianjen timp de 20 de minute.<br \/>\nExcita\u021bi-v\u0103 cu o plimbare cu jeep-ul prin de\u0219ertul estic p\u00e2n\u0103 \u00een satul beduin, unde ve\u021bi face o plimbare cu c\u0103mila \u0219i o plimbare prin satul beduin, afl\u00e2nd despre via\u021ba beduinilor.<br \/>\n\u00centoarce\u021bi-v\u0103 la sta\u021bia principal\u0103 de safari, unde v\u0103 ve\u021bi bucura de spectacolele orientale tipice: dans oriental, tannura \u0219i spectacolul Faqir, \u00een timp ce savura\u021bi cina la gr\u0103tar cu b\u0103uturi r\u0103coritoare.<br \/>\nOdat\u0103 cu sf\u00e2r\u0219itul spectacolului, aventura dvs. se \u00eencheie \u0219i este timpul s\u0103 v\u0103 \u00eentoarce\u021bi la hotel.<\/p>\n<p>&nbsp;<\/p>\n<div id=\"carousel\" class=\"main-img carousel slide carousel-fade full-height with-overlay\" data-ride=\"carousel\">\n<div class=\"vc_row wpb_row vc_row-fluid\">\n<div class=\"wpb_column vc_column_container vc_col-sm-12\">\n<div class=\"vc_column-inner\">\n<div class=\"wpb_wrapper\">\n<div class=\"wpb_text_column wpb_content_element \">\n<div class=\"wpb_wrapper\">\n<h3><strong>Repere:<\/strong><\/h3>\n<div class=\"std\">\n<div class=\"std\">\n<ul>\n<li>Preluare \u0219i returnare de la hotel cu transport cu aer condi\u021bionat<\/li>\n<li>Plimbare de 40 de minute cu ATV-ul pe dune<\/li>\n<li>Plimbare de 20 de minute cu ma\u0219ina p\u0103ianjen pentru un plus de emo\u021bie<\/li>\n<li>Conducere palpitant\u0103 cu jeep-ul prin de\u0219ertul estic<\/li>\n<li>Vizita\u021bi un sat beduin cu o plimbare cu c\u0103mila \u0219i o plimbare \u00een sat<\/li>\n<li>Afla\u021bi despre via\u021ba \u0219i cultura tradi\u021bional\u0103 a beduinilor<\/li>\n<li>Bucura\u021bi-v\u0103 de o cin\u0103 la gr\u0103tar cu b\u0103uturi r\u0103coritoare<\/li>\n<li>Urm\u0103ri\u021bi un spectacol oriental cu dans oriental, tannura \u0219i reprezenta\u021bii de Faqir<\/li>\n<\/ul>\n<p>&nbsp;<\/p>\n<\/div>\n<h3 class=\"tour-item-title list-font\"><strong>Ce s\u0103 aduce\u021bi:<\/strong><\/h3>\n<div class=\"tour-item-description list-font\">\n<ul>\n<li><i class=\"fas fa-check-circle\"><\/i>Pantofi sport confortabili pentru de\u0219ert<\/li>\n<li><i class=\"fas fa-check-circle\"><\/i>Parur\u0103 \u2013 e\u0219arf\u0103 beduin\u0103<\/li>\n<li><i class=\"fas fa-check-circle\"><\/i>Ochelari de soare<\/li>\n<li><i class=\"fas fa-check-circle\"><\/i>Ap\u0103<\/li>\n<\/ul>\n<h3><strong>Durat\u0103<\/strong><\/h3>\n<p><strong>Prima c\u0103l\u0103torie:<\/strong><\/p>\n<ul>\n<li>Preluare: \u00cen jurul orei 11:00 (\u00een func\u021bie de loca\u021bia hotelului dvs. \u00een Hurghada).<\/li>\n<\/ul>\n<p><strong>A doua c\u0103l\u0103torie:<\/strong><\/p>\n<ul>\n<li>Preluare: \u00cen jurul orei 13:30 (\u00cen func\u021bie de loca\u021bia hotelului dvs. \u00een Hurghada)<\/li>\n<\/ul>\n<p><strong>V\u0103 rug\u0103m s\u0103 alege\u021bi ora de preluare \u0219i s\u0103 ne informa\u021bi \u00een notele rezerv\u0103rii.<\/strong><\/p>\n<\/div>\n<\/div>\n<\/div>\n<\/div>\n<\/div>\n<\/div>\n<\/div>\n<\/div>\n<\/div>\n<\/div>\n<\/div>\n<\/div>\n<\/div>\n<\/div>\n<\/div>\n<\/div>\n<\/div>\n<\/div>\n<\/div>\n<\/div>\n<\/div>\n<\/div>\n<\/div>\n<\/div>\n<div class=\"highlights\">\n<div class=\"wpb_text_column wpb_content_element \">\n<div class=\"wpb_wrapper\">\n<h5>Pentru orice \u00eentreb\u0103ri, contacta\u021bi-ne:<a href=\"https:\/\/wa.me\/+201550089891\" target=\"_blank\" rel=\"noopener\"><img decoding=\"async\" class=\"alignnone wp-image-13655\" src=\"https:\/\/alivoyage.com\/wp-content\/uploads\/2024\/03\/whatsapp-svgrepo-com.svg\" alt=\"\" width=\"42\" height=\"42\" \/><\/a><\/h5>\n<\/div>\n<\/div>\n<\/div>\n<div id=\"tour-included-excluded\" class=\"content-product-item tour-included-excluded-wrapper\"><\/div>\n","protected":false},"excerpt":{"rendered":"<p>Prezentare general\u0103 Super excursie safari Fii preluat de la hotel \u0219i condus cu autobuze cu aer condi\u021bionat p\u00e2n\u0103 la sta\u021bia principal\u0103 de safari, de unde \u00eencepe aventura ta. Bucura\u021bi-v\u0103 de o plimbare cu ATV-ul timp de 40 de minute pe dune, iar apoi de o plimbare cu ma\u0219ina-p\u0103ianjen timp de 20 de minute. Excita\u021bi-v\u0103 cu o plimbare cu jeep-ul prin de\u0219ertul estic p\u00e2n\u0103 \u00een satul beduin, unde ve\u021bi face o plimbare cu c\u0103mila \u0219i o plimbare prin satul beduin, afl\u00e2nd despre via\u021ba beduinilor. \u00centoarce\u021bi-v\u0103 la sta\u021bia principal\u0103 de safari, unde v\u0103 ve\u021bi bucura de spectacolele orientale tipice: dans oriental, tannura \u0219i spectacolul Faqir, \u00een timp ce savura\u021bi cina la gr\u0103tar cu b\u0103uturi r\u0103coritoare. Odat\u0103 cu sf\u00e2r\u0219itul spectacolului, aventura dvs. se \u00eencheie \u0219i este timpul s\u0103 v\u0103 \u00eentoarce\u021bi la hotel. &nbsp; Repere: Preluare \u0219i returnare de la hotel cu transport cu aer condi\u021bionat Plimbare de 40 de minute cu ATV-ul pe dune Plimbare de 20 de minute cu ma\u0219ina p\u0103ianjen pentru un plus de emo\u021bie Conducere palpitant\u0103 cu jeep-ul prin de\u0219ertul estic Vizita\u021bi un sat beduin cu o plimbare cu c\u0103mila \u0219i o plimbare \u00een sat Afla\u021bi despre via\u021ba \u0219i cultura tradi\u021bional\u0103 a beduinilor Bucura\u021bi-v\u0103 de o cin\u0103 la gr\u0103tar cu b\u0103uturi r\u0103coritoare Urm\u0103ri\u021bi un spectacol oriental cu dans oriental, tannura \u0219i reprezenta\u021bii de Faqir &nbsp; Ce s\u0103 aduce\u021bi: Pantofi sport confortabili pentru de\u0219ert Parur\u0103 \u2013 e\u0219arf\u0103 beduin\u0103 Ochelari de soare Ap\u0103 Durat\u0103 Prima c\u0103l\u0103torie: Preluare: \u00cen jurul orei 11:00 (\u00een func\u021bie de loca\u021bia hotelului dvs. \u00een Hurghada). A doua c\u0103l\u0103torie: Preluare: \u00cen jurul orei 13:30 (\u00cen func\u021bie de loca\u021bia hotelului dvs. \u00een Hurghada) V\u0103 rug\u0103m s\u0103 alege\u021bi ora de preluare \u0219i s\u0103 ne informa\u021bi \u00een notele rezerv\u0103rii. Pentru orice \u00eentreb\u0103ri, contacta\u021bi-ne:<\/p>\n","protected":false},"featured_media":13182,"comment_status":"open","ping_status":"closed","template":"","meta":{"_monsterinsights_skip_tracking":false,"_monsterinsights_sitenote_active":false,"_monsterinsights_sitenote_note":"","_monsterinsights_sitenote_category":0},"product_brand":[],"product_cat":[99],"product_tag":[],"class_list":{"0":"post-13181","1":"product","2":"type-product","3":"status-publish","4":"has-post-thumbnail","6":"product_cat-excursii-safari","8":"first","9":"instock","10":"shipping-taxable","11":"purchasable","12":"product-type-ovabrw_car_rental"},"_links":{"self":[{"href":"https:\/\/egytouregypt.com\/ro\/wp-json\/wp\/v2\/product\/13181","targetHints":{"allow":["GET"]}}],"collection":[{"href":"https:\/\/egytouregypt.com\/ro\/wp-json\/wp\/v2\/product"}],"about":[{"href":"https:\/\/egytouregypt.com\/ro\/wp-json\/wp\/v2\/types\/product"}],"replies":[{"embeddable":true,"href":"https:\/\/egytouregypt.com\/ro\/wp-json\/wp\/v2\/comments?post=13181"}],"wp:featuredmedia":[{"embeddable":true,"href":"https:\/\/egytouregypt.com\/ro\/wp-json\/wp\/v2\/media\/13182"}],"wp:attachment":[{"href":"https:\/\/egytouregypt.com\/ro\/wp-json\/wp\/v2\/media?parent=13181"}],"wp:term":[{"taxonomy":"product_brand","embeddable":true,"href":"https:\/\/egytouregypt.com\/ro\/wp-json\/wp\/v2\/product_brand?post=13181"},{"taxonomy":"product_cat","embeddable":true,"href":"https:\/\/egytouregypt.com\/ro\/wp-json\/wp\/v2\/product_cat?post=13181"},{"taxonomy":"product_tag","embeddable":true,"href":"https:\/\/egytouregypt.com\/ro\/wp-json\/wp\/v2\/product_tag?post=13181"}],"curies":[{"name":"wp","href":"https:\/\/api.w.org\/{rel}","templated":true}]}}