{"id":13218,"date":"2025-05-28T17:18:39","date_gmt":"2025-05-28T17:18:39","guid":{"rendered":"https:\/\/egytouregypt.com\/?post_type=product&#038;p=13218"},"modified":"2025-05-28T22:26:00","modified_gmt":"2025-05-28T22:26:00","slug":"aventura-de-safari-de-dimineata-in-familie-in-hurghada","status":"publish","type":"product","link":"https:\/\/egytouregypt.com\/ro\/produs\/aventura-de-safari-de-dimineata-in-familie-in-hurghada\/","title":{"rendered":"Aventur\u0103 de safari de diminea\u021b\u0103 \u00een familie \u00een Hurghada"},"content":{"rendered":"<div class=\"desc-p havezic-single-content\">\n<div class=\"elementor-element elementor-element-6d80088b ba-content__one elementor-widget elementor-widget-gva_ba_item_content\" data-id=\"6d80088b\" data-element_type=\"widget\" data-widget_type=\"gva_ba_item_content.default\">\n<h2><\/h2>\n<div class=\"elementor-element elementor-element-f85dd7f elementor-widget elementor-widget-heading\" data-id=\"f85dd7f\" data-element_type=\"widget\" data-widget_type=\"heading.default\">\n<div class=\"elementor-widget-container\">\n<div class=\"elementor-element elementor-element-f85dd7f elementor-widget elementor-widget-heading\" data-id=\"f85dd7f\" data-element_type=\"widget\" data-widget_type=\"heading.default\">\n<div class=\"elementor-widget-container\">\n<h2 class=\"elementor-heading-title elementor-size-default\">Prezentare general\u0103<\/h2>\n<\/div>\n<\/div>\n<div class=\"elementor-element elementor-element-23592fac elementor-widget elementor-widget-babe-item-content\" data-id=\"23592fac\" data-element_type=\"widget\" data-widget_type=\"babe-item-content.default\">\n<div class=\"elementor-widget-container\">\n<div class=\"elementor-widget-inner\">\n<div class=\"triply-single-content\">\n<h3>Aventur\u0103 de safari de diminea\u021b\u0103 \u00een familie \u00een Hurghada<\/h3>\n<div class=\"flex max-w-full flex-col flex-grow\">\n<div class=\"min-h-[20px] text-message flex w-full flex-col items-end gap-2 whitespace-normal break-words [.text-message+&amp;]:mt-5\" dir=\"auto\" data-message-author-role=\"assistant\" data-message-id=\"3ddb6f01-46b3-4d29-b598-a765631fdef2\">\n<div class=\"flex w-full flex-col gap-1 empty:hidden first:pt-[3px]\">\n<div class=\"markdown prose w-full break-words dark:prose-invert light\">\n<p>Fii preluat de la hotel \u0219i condus cu autobuze cu aer condi\u021bionat p\u00e2n\u0103 la sta\u021bia principal\u0103 de safari, de unde \u00eencepe aventura ta.<\/p>\n<p>Bucura\u021bi-v\u0103 de o plimbare cu ATV-ul timp de 40 de minute pe dune, iar dup\u0103 aceea, de o plimbare cu ma\u0219ina-p\u0103ianjen timp de 20 de minute.<br \/>\n\u00cenc\u00e2nta\u021bi-v\u0103 de o plimbare cu jeep-ul prin de\u0219ertul estic p\u00e2n\u0103 \u00een satul beduin, unde ve\u021bi face o plimbare cu c\u0103mila \u0219i o plimbare prin satul beduin, afl\u00e2nd despre via\u021ba beduinilor.<br \/>\n\u00centoarce\u021bi-v\u0103 la sta\u021bia principal\u0103 de safari, unde autobuzul v\u0103 va a\u0219tepta pentru a v\u0103 duce \u00eenapoi la hotel.<\/p>\n<p>&nbsp;<\/p>\n<\/div>\n<\/div>\n<\/div>\n<\/div>\n<div class=\"mb-2 flex gap-3 empty:hidden -ml-2\">\n<div class=\"items-center justify-start rounded-xl p-1 flex\">\n<div class=\"flex items-center\">\n<div class=\"vc_row wpb_row vc_row-fluid\">\n<div class=\"wpb_column vc_column_container vc_col-sm-12\">\n<div class=\"vc_column-inner\">\n<div class=\"wpb_wrapper\">\n<div class=\"heading left\">\n<h3><strong>Repere:<\/strong><\/h3>\n<\/div>\n<\/div>\n<\/div>\n<\/div>\n<\/div>\n<div class=\"vc_row wpb_row vc_row-fluid\">\n<div class=\"wpb_column vc_column_container vc_col-sm-12\">\n<div class=\"vc_column-inner\">\n<div class=\"wpb_wrapper\">\n<div class=\"wpb_text_column wpb_content_element \">\n<div class=\"wpb_wrapper\">\n<ul>\n<li>Preluare \u0219i returnare de la hotel cu transport cu aer condi\u021bionat<\/li>\n<li>Plimbare de 40 de minute cu ATV-ul pe dunele de\u0219ertului<\/li>\n<li>Plimbare de 20 de minute cu o ma\u0219in\u0103 p\u0103ianjen pentru o aventur\u0103 suplimentar\u0103<\/li>\n<li>O plimbare palpitant\u0103 cu jeep-ul prin de\u0219ertul estic<\/li>\n<li>Vizita\u021bi un sat beduin cu o plimbare cu c\u0103mila \u0219i o plimbare \u00een sat<\/li>\n<li>Afla\u021bi despre stilul de via\u021b\u0103 tradi\u021bional beduin<\/li>\n<li>\u00centoarcere la sta\u021bia principal\u0103 de safari \u0219i conducere \u00eenapoi la hotel<\/li>\n<\/ul>\n<h3><strong>\u00a0Durat\u0103<\/strong><\/h3>\n<ul>\n<li>Preluare: \u00cen jurul orei 08:00 (\u00een func\u021bie de loca\u021bia hotelului dvs. \u00een Hurghada).<\/li>\n<\/ul>\n<\/div>\n<\/div>\n<\/div>\n<\/div>\n<\/div>\n<\/div>\n<\/div>\n<\/div>\n<\/div>\n<\/div>\n<\/div>\n<\/div>\n<\/div>\n<\/div>\n<\/div>\n<\/div>\n<\/div>\n<div class=\"highlights\">\n<div class=\"wpb_text_column wpb_content_element \">\n<div class=\"wpb_wrapper\">\n<h5>Pentru orice \u00eentreb\u0103ri, contacta\u021bi-ne:<a href=\"https:\/\/wa.me\/+201550089891\" target=\"_blank\" rel=\"noopener\"><img decoding=\"async\" class=\"alignnone wp-image-13655\" src=\"https:\/\/alivoyage.com\/wp-content\/uploads\/2024\/03\/whatsapp-svgrepo-com.svg\" alt=\"\" width=\"42\" height=\"42\" \/><\/a><\/h5>\n<\/div>\n<\/div>\n<\/div>\n<div id=\"tour-included-excluded\" class=\"content-product-item tour-included-excluded-wrapper\"><\/div>\n","protected":false},"excerpt":{"rendered":"<p>Prezentare general\u0103 Aventur\u0103 de safari de diminea\u021b\u0103 \u00een familie \u00een Hurghada Fii preluat de la hotel \u0219i condus cu autobuze cu aer condi\u021bionat p\u00e2n\u0103 la sta\u021bia principal\u0103 de safari, de unde \u00eencepe aventura ta. Bucura\u021bi-v\u0103 de o plimbare cu ATV-ul timp de 40 de minute pe dune, iar dup\u0103 aceea, de o plimbare cu ma\u0219ina-p\u0103ianjen timp de 20 de minute. \u00cenc\u00e2nta\u021bi-v\u0103 de o plimbare cu jeep-ul prin de\u0219ertul estic p\u00e2n\u0103 \u00een satul beduin, unde ve\u021bi face o plimbare cu c\u0103mila \u0219i o plimbare prin satul beduin, afl\u00e2nd despre via\u021ba beduinilor. \u00centoarce\u021bi-v\u0103 la sta\u021bia principal\u0103 de safari, unde autobuzul v\u0103 va a\u0219tepta pentru a v\u0103 duce \u00eenapoi la hotel. &nbsp; Repere: Preluare \u0219i returnare de la hotel cu transport cu aer condi\u021bionat Plimbare de 40 de minute cu ATV-ul pe dunele de\u0219ertului Plimbare de 20 de minute cu o ma\u0219in\u0103 p\u0103ianjen pentru o aventur\u0103 suplimentar\u0103 O plimbare palpitant\u0103 cu jeep-ul prin de\u0219ertul estic Vizita\u021bi un sat beduin cu o plimbare cu c\u0103mila \u0219i o plimbare \u00een sat Afla\u021bi despre stilul de via\u021b\u0103 tradi\u021bional beduin \u00centoarcere la sta\u021bia principal\u0103 de safari \u0219i conducere \u00eenapoi la hotel \u00a0Durat\u0103 Preluare: \u00cen jurul orei 08:00 (\u00een func\u021bie de loca\u021bia hotelului dvs. \u00een Hurghada). Pentru orice \u00eentreb\u0103ri, contacta\u021bi-ne:<\/p>\n","protected":false},"featured_media":13219,"comment_status":"open","ping_status":"closed","template":"","meta":{"_monsterinsights_skip_tracking":false,"_monsterinsights_sitenote_active":false,"_monsterinsights_sitenote_note":"","_monsterinsights_sitenote_category":0},"product_brand":[],"product_cat":[99],"product_tag":[],"class_list":{"0":"post-13218","1":"product","2":"type-product","3":"status-publish","4":"has-post-thumbnail","6":"product_cat-excursii-safari","8":"first","9":"instock","10":"shipping-taxable","11":"purchasable","12":"product-type-ovabrw_car_rental"},"_links":{"self":[{"href":"https:\/\/egytouregypt.com\/ro\/wp-json\/wp\/v2\/product\/13218","targetHints":{"allow":["GET"]}}],"collection":[{"href":"https:\/\/egytouregypt.com\/ro\/wp-json\/wp\/v2\/product"}],"about":[{"href":"https:\/\/egytouregypt.com\/ro\/wp-json\/wp\/v2\/types\/product"}],"replies":[{"embeddable":true,"href":"https:\/\/egytouregypt.com\/ro\/wp-json\/wp\/v2\/comments?post=13218"}],"wp:featuredmedia":[{"embeddable":true,"href":"https:\/\/egytouregypt.com\/ro\/wp-json\/wp\/v2\/media\/13219"}],"wp:attachment":[{"href":"https:\/\/egytouregypt.com\/ro\/wp-json\/wp\/v2\/media?parent=13218"}],"wp:term":[{"taxonomy":"product_brand","embeddable":true,"href":"https:\/\/egytouregypt.com\/ro\/wp-json\/wp\/v2\/product_brand?post=13218"},{"taxonomy":"product_cat","embeddable":true,"href":"https:\/\/egytouregypt.com\/ro\/wp-json\/wp\/v2\/product_cat?post=13218"},{"taxonomy":"product_tag","embeddable":true,"href":"https:\/\/egytouregypt.com\/ro\/wp-json\/wp\/v2\/product_tag?post=13218"}],"curies":[{"name":"wp","href":"https:\/\/api.w.org\/{rel}","templated":true}]}}