{"id":13259,"date":"2025-05-28T17:21:55","date_gmt":"2025-05-28T17:21:55","guid":{"rendered":"https:\/\/egytouregypt.com\/?post_type=product&#038;p=13259"},"modified":"2025-05-28T17:25:18","modified_gmt":"2025-05-28T17:25:18","slug":"calarie-in-hurghada","status":"publish","type":"product","link":"https:\/\/egytouregypt.com\/ro\/produs\/calarie-in-hurghada\/","title":{"rendered":"C\u0103l\u0103rie \u00een Hurghada"},"content":{"rendered":"<div class=\"desc-p havezic-single-content\">\n<div class=\"elementor-element elementor-element-6d80088b ba-content__one elementor-widget elementor-widget-gva_ba_item_content\" data-id=\"6d80088b\" data-element_type=\"widget\" data-widget_type=\"gva_ba_item_content.default\">\n<h2><\/h2>\n<div class=\"elementor-element elementor-element-f85dd7f elementor-widget elementor-widget-heading\" data-id=\"f85dd7f\" data-element_type=\"widget\" data-widget_type=\"heading.default\">\n<div class=\"elementor-widget-container\">\n<div class=\"elementor-element elementor-element-f85dd7f elementor-widget elementor-widget-heading\" data-id=\"f85dd7f\" data-element_type=\"widget\" data-widget_type=\"heading.default\">\n<div class=\"elementor-widget-container\">\n<h2>Prezentare general\u0103<\/h2>\n<p>V\u0103 vom lua de la hotel \u0219i v\u0103 vom \u00eendrepta spre grajd. Apoi, pute\u021bi \u00eencepe adev\u0103rata aventur\u0103 \u00eenot\u00e2nd \u00een mare c\u0103lare. Avem cai pentru toate nivelurile, pentru copii, de la \u00eencep\u0103tori la c\u0103l\u0103re\u021bi profesioni\u0219ti. Experimenta\u021bi de\u0219ertul egiptean c\u0103lare \u0219i admira\u021bi \u00eemprejurimile care v\u0103 taie respira\u021bia. Continua\u021bi spre plaj\u0103 \u0219i aluneca\u021bi de-a lungul \u021b\u0103rmului timp de 1 or\u0103 \u00eenainte de a v\u0103 \u00eendrepta spre mare.<\/p>\n<p>&nbsp;<\/p>\n<h3><strong>Durat\u0103: la cerere<\/strong><\/h3>\n<ul>\n<li>V\u0103 rug\u0103m s\u0103 alege\u021bi ora de preluare \u0219i s\u0103 ne informa\u021bi \u00een notele rezerv\u0103rii.<\/li>\n<\/ul>\n<\/div>\n<\/div>\n<\/div>\n<\/div>\n<\/div>\n<\/div>\n<div class=\"highlights\">\n<div class=\"wpb_text_column wpb_content_element \">\n<div class=\"wpb_wrapper\">\n<h5>Pentru orice \u00eentreb\u0103ri, contacta\u021bi-ne:<a href=\"https:\/\/wa.me\/+201550089891\" target=\"_blank\" rel=\"noopener\"><img decoding=\"async\" class=\"alignnone wp-image-13655\" src=\"https:\/\/alivoyage.com\/wp-content\/uploads\/2024\/03\/whatsapp-svgrepo-com.svg\" alt=\"\" width=\"42\" height=\"42\" \/><\/a><\/h5>\n<\/div>\n<\/div>\n<\/div>\n<div id=\"tour-included-excluded\" class=\"content-product-item tour-included-excluded-wrapper\"><\/div>\n","protected":false},"excerpt":{"rendered":"<p>Prezentare general\u0103 V\u0103 vom lua de la hotel \u0219i v\u0103 vom \u00eendrepta spre grajd. Apoi, pute\u021bi \u00eencepe adev\u0103rata aventur\u0103 \u00eenot\u00e2nd \u00een mare c\u0103lare. Avem cai pentru toate nivelurile, pentru copii, de la \u00eencep\u0103tori la c\u0103l\u0103re\u021bi profesioni\u0219ti. Experimenta\u021bi de\u0219ertul egiptean c\u0103lare \u0219i admira\u021bi \u00eemprejurimile care v\u0103 taie respira\u021bia. Continua\u021bi spre plaj\u0103 \u0219i aluneca\u021bi de-a lungul \u021b\u0103rmului timp de 1 or\u0103 \u00eenainte de a v\u0103 \u00eendrepta spre mare. &nbsp; Durat\u0103: la cerere V\u0103 rug\u0103m s\u0103 alege\u021bi ora de preluare \u0219i s\u0103 ne informa\u021bi \u00een notele rezerv\u0103rii. Pentru orice \u00eentreb\u0103ri, contacta\u021bi-ne:<\/p>\n","protected":false},"featured_media":13260,"comment_status":"open","ping_status":"closed","template":"","meta":{"_monsterinsights_skip_tracking":false,"_monsterinsights_sitenote_active":false,"_monsterinsights_sitenote_note":"","_monsterinsights_sitenote_category":0},"product_brand":[],"product_cat":[99],"product_tag":[],"class_list":{"0":"post-13259","1":"product","2":"type-product","3":"status-publish","4":"has-post-thumbnail","6":"product_cat-excursii-safari","8":"first","9":"instock","10":"shipping-taxable","11":"purchasable","12":"product-type-ovabrw_car_rental"},"_links":{"self":[{"href":"https:\/\/egytouregypt.com\/ro\/wp-json\/wp\/v2\/product\/13259","targetHints":{"allow":["GET"]}}],"collection":[{"href":"https:\/\/egytouregypt.com\/ro\/wp-json\/wp\/v2\/product"}],"about":[{"href":"https:\/\/egytouregypt.com\/ro\/wp-json\/wp\/v2\/types\/product"}],"replies":[{"embeddable":true,"href":"https:\/\/egytouregypt.com\/ro\/wp-json\/wp\/v2\/comments?post=13259"}],"wp:featuredmedia":[{"embeddable":true,"href":"https:\/\/egytouregypt.com\/ro\/wp-json\/wp\/v2\/media\/13260"}],"wp:attachment":[{"href":"https:\/\/egytouregypt.com\/ro\/wp-json\/wp\/v2\/media?parent=13259"}],"wp:term":[{"taxonomy":"product_brand","embeddable":true,"href":"https:\/\/egytouregypt.com\/ro\/wp-json\/wp\/v2\/product_brand?post=13259"},{"taxonomy":"product_cat","embeddable":true,"href":"https:\/\/egytouregypt.com\/ro\/wp-json\/wp\/v2\/product_cat?post=13259"},{"taxonomy":"product_tag","embeddable":true,"href":"https:\/\/egytouregypt.com\/ro\/wp-json\/wp\/v2\/product_tag?post=13259"}],"curies":[{"name":"wp","href":"https:\/\/api.w.org\/{rel}","templated":true}]}}