{"id":13333,"date":"2025-05-28T17:32:15","date_gmt":"2025-05-28T17:32:15","guid":{"rendered":"https:\/\/egytouregypt.com\/?post_type=product&#038;p=13333"},"modified":"2025-05-28T18:02:43","modified_gmt":"2025-05-28T18:02:43","slug":"tur-la-cairo-din-hurghada-cu-microbuzul-grup-mic","status":"publish","type":"product","link":"https:\/\/egytouregypt.com\/ro\/produs\/tur-la-cairo-din-hurghada-cu-microbuzul-grup-mic\/","title":{"rendered":"Tur la Cairo din Hurghada cu microbuzul (grup mic)"},"content":{"rendered":"<div class=\"desc-p havezic-single-content\">\n<div class=\"elementor-element elementor-element-6d80088b ba-content__one elementor-widget elementor-widget-gva_ba_item_content\" data-id=\"6d80088b\" data-element_type=\"widget\" data-widget_type=\"gva_ba_item_content.default\">\n<h2><\/h2>\n<div class=\"elementor-element elementor-element-f85dd7f elementor-widget elementor-widget-heading\" data-id=\"f85dd7f\" data-element_type=\"widget\" data-widget_type=\"heading.default\">\n<div class=\"elementor-widget-container\">\n<div class=\"elementor-element elementor-element-f85dd7f elementor-widget elementor-widget-heading\" data-id=\"f85dd7f\" data-element_type=\"widget\" data-widget_type=\"heading.default\">\n<div class=\"elementor-widget-container\">\n<div class=\"heading left\">\n<div class=\"heading left\">\n<div class=\"heading left\">\n<h3>Programul turului<\/h3>\n<\/div>\n<div class=\"wpb_text_column wpb_content_element \">\n<div class=\"wpb_wrapper\">\n<p>V\u0103 vom lua de la hotel noaptea t\u00e2rziu, \u00een jurul orei 1:00 &#8211; 2:00 diminea\u021ba, cu\u00a0\u00a0<strong>un microbuz cu aer condi\u021bionat,<\/strong>\u00a0\u00a0 un grup de doar\u00a0\u00a0<strong>8 persoane.<\/strong>\u00a0Ca un serviciu privat.<\/p>\n<p>\u00cencepe\u021bi cu vizite la marile piramide din\u00a0\u00a0<strong>Giza<br \/>\n<\/strong>, construite de faraonii\u00a0\u00a0<strong>Khufu, Khafre \u0219i Menkaure.<\/strong><\/p>\n<p>Apoi se va deplasa s\u0103 viziteze\u00a0\u00a0<strong>Sfinxul<\/strong>\u00a0\u00a0, a c\u0103rui fa\u021b\u0103 a regelui\u00a0<strong>\u00a0Chephren<\/strong>\u00a0\u00a0\u0219i corp de leu reprezint\u0103 puterea.<\/p>\n<p>Turul include \u0219i o vizit\u0103 la Templul din Vale, care apar\u021bine Piramidelor lui\u00a0\u00a0<strong>Chephren.<\/strong><\/p>\n<p>Savura\u021bi pr\u00e2nzul egiptean \u00eentr-un\u00a0<strong>\u00a0restaurant tradi\u021bional.<\/strong><\/p>\n<p>\u00cen cele din urm\u0103, ve\u021bi \u00eendrepta vizita c\u0103tre\u00a0\u00a0<strong>Muzeul Egiptean<\/strong>\u00a0, unde pute\u021bi admira o colec\u021bie rar\u0103 de art\u0103 veche de 5000 de ani, considerat\u0103 cea mai mare \u0219i mai pre\u021bioas\u0103 colec\u021bie de art\u0103 egiptean\u0103 din lume, inclusiv o expozi\u021bie dedicat\u0103\u00a0\u00a0<strong>colec\u021biei de comori, aur \u0219i bijuterii ale lui Tutankhamon<\/strong>\u00a0, care se afla \u00een morm\u00e2ntul s\u0103u.<\/p>\n<p>Plecare din Cairo \u0219i \u00eentoarcere \u00een Hurghada \u00een jurul orei 22:00<\/p>\n<\/div>\n<\/div>\n<\/div>\n<\/div>\n<div class=\"wpb_text_column wpb_content_element\">\n<div class=\"vc_row wpb_row vc_row-fluid\">\n<div class=\"wpb_column vc_column_container vc_col-sm-12\">\n<div class=\"vc_column-inner\">\n<div class=\"wpb_wrapper\">\n<div class=\"heading left\">\n<h3>Repere<\/h3>\n<\/div>\n<\/div>\n<\/div>\n<\/div>\n<\/div>\n<div class=\"vc_row wpb_row vc_row-fluid\">\n<div class=\"wpb_column vc_column_container vc_col-sm-12\">\n<div class=\"vc_column-inner\">\n<div class=\"wpb_wrapper\">\n<div class=\"wpb_text_column wpb_content_element\">\n<div class=\"wpb_wrapper\">\n<ul>\n<li>Exploreaz\u0103 colec\u021bia de art\u0103 egiptean\u0103<\/li>\n<li>Camera lui Tutankhamon cu comoara sa<\/li>\n<li>Vizita\u021bi colec\u021biile muzeului, care dep\u0103\u0219esc 120.000 de obiecte<\/li>\n<li>Minuna\u021bi-v\u0103 de exponate care au peste 5.000 de ani<\/li>\n<li>Marile Piramide, una dintre cele \u0219apte minuni ale lumii antice<\/li>\n<li>Piramidele lui Keops, Kefren \u0219i Mykerinus<\/li>\n<li>Marele Sfinx<\/li>\n<li>Bucura\u021bi-v\u0103 de Templul din Vale<\/li>\n<li>Multe opriri foto remarcabile<\/li>\n<li>Pr\u00e2nz delicios la un restaurant local din Cairo<\/li>\n<\/ul>\n<p>&nbsp;<\/p>\n<h2>\u00a0Durat\u0103<\/h2>\n<p><strong>Ridicare: \u00cen jurul orei 2:00 diminea\u021ba<\/strong><\/p>\n<\/div>\n<\/div>\n<\/div>\n<\/div>\n<\/div>\n<\/div>\n<\/div>\n<\/div>\n<\/div>\n<\/div>\n<\/div>\n<\/div>\n<\/div>\n<div class=\"highlights\">\n<div class=\"wpb_text_column wpb_content_element \">\n<div class=\"wpb_wrapper\">\n<h5>Pentru orice \u00eentreb\u0103ri, contacta\u021bi-ne:<a href=\"https:\/\/wa.me\/+201550089891\" target=\"_blank\" rel=\"noopener\"><img decoding=\"async\" class=\"alignnone wp-image-13655\" src=\"https:\/\/alivoyage.com\/wp-content\/uploads\/2024\/03\/whatsapp-svgrepo-com.svg\" alt=\"\" width=\"42\" height=\"42\" \/><\/a><\/h5>\n<\/div>\n<\/div>\n<\/div>\n<div id=\"tour-included-excluded\" class=\"content-product-item tour-included-excluded-wrapper\"><\/div>\n","protected":false},"excerpt":{"rendered":"<p>Programul turului V\u0103 vom lua de la hotel noaptea t\u00e2rziu, \u00een jurul orei 1:00 &#8211; 2:00 diminea\u021ba, cu\u00a0\u00a0un microbuz cu aer condi\u021bionat,\u00a0\u00a0 un grup de doar\u00a0\u00a08 persoane.\u00a0Ca un serviciu privat. \u00cencepe\u021bi cu vizite la marile piramide din\u00a0\u00a0Giza , construite de faraonii\u00a0\u00a0Khufu, Khafre \u0219i Menkaure. Apoi se va deplasa s\u0103 viziteze\u00a0\u00a0Sfinxul\u00a0\u00a0, a c\u0103rui fa\u021b\u0103 a regelui\u00a0\u00a0Chephren\u00a0\u00a0\u0219i corp de leu reprezint\u0103 puterea. Turul include \u0219i o vizit\u0103 la Templul din Vale, care apar\u021bine Piramidelor lui\u00a0\u00a0Chephren. Savura\u021bi pr\u00e2nzul egiptean \u00eentr-un\u00a0\u00a0restaurant tradi\u021bional. \u00cen cele din urm\u0103, ve\u021bi \u00eendrepta vizita c\u0103tre\u00a0\u00a0Muzeul Egiptean\u00a0, unde pute\u021bi admira o colec\u021bie rar\u0103 de art\u0103 veche de 5000 de ani, considerat\u0103 cea mai mare \u0219i mai pre\u021bioas\u0103 colec\u021bie de art\u0103 egiptean\u0103 din lume, inclusiv o expozi\u021bie dedicat\u0103\u00a0\u00a0colec\u021biei de comori, aur \u0219i bijuterii ale lui Tutankhamon\u00a0, care se afla \u00een morm\u00e2ntul s\u0103u. Plecare din Cairo \u0219i \u00eentoarcere \u00een Hurghada \u00een jurul orei 22:00 Repere Exploreaz\u0103 colec\u021bia de art\u0103 egiptean\u0103 Camera lui Tutankhamon cu comoara sa Vizita\u021bi colec\u021biile muzeului, care dep\u0103\u0219esc 120.000 de obiecte Minuna\u021bi-v\u0103 de exponate care au peste 5.000 de ani Marile Piramide, una dintre cele \u0219apte minuni ale lumii antice Piramidele lui Keops, Kefren \u0219i Mykerinus Marele Sfinx Bucura\u021bi-v\u0103 de Templul din Vale Multe opriri foto remarcabile Pr\u00e2nz delicios la un restaurant local din Cairo &nbsp; \u00a0Durat\u0103 Ridicare: \u00cen jurul orei 2:00 diminea\u021ba Pentru orice \u00eentreb\u0103ri, contacta\u021bi-ne:<\/p>\n","protected":false},"featured_media":13329,"comment_status":"open","ping_status":"closed","template":"","meta":{"_monsterinsights_skip_tracking":false,"_monsterinsights_sitenote_active":false,"_monsterinsights_sitenote_note":"","_monsterinsights_sitenote_category":0},"product_brand":[],"product_cat":[100],"product_tag":[],"class_list":{"0":"post-13333","1":"product","2":"type-product","3":"status-publish","4":"has-post-thumbnail","6":"product_cat-calatorii-istorice","8":"first","9":"instock","10":"shipping-taxable","11":"purchasable","12":"product-type-ovabrw_car_rental"},"_links":{"self":[{"href":"https:\/\/egytouregypt.com\/ro\/wp-json\/wp\/v2\/product\/13333","targetHints":{"allow":["GET"]}}],"collection":[{"href":"https:\/\/egytouregypt.com\/ro\/wp-json\/wp\/v2\/product"}],"about":[{"href":"https:\/\/egytouregypt.com\/ro\/wp-json\/wp\/v2\/types\/product"}],"replies":[{"embeddable":true,"href":"https:\/\/egytouregypt.com\/ro\/wp-json\/wp\/v2\/comments?post=13333"}],"wp:featuredmedia":[{"embeddable":true,"href":"https:\/\/egytouregypt.com\/ro\/wp-json\/wp\/v2\/media\/13329"}],"wp:attachment":[{"href":"https:\/\/egytouregypt.com\/ro\/wp-json\/wp\/v2\/media?parent=13333"}],"wp:term":[{"taxonomy":"product_brand","embeddable":true,"href":"https:\/\/egytouregypt.com\/ro\/wp-json\/wp\/v2\/product_brand?post=13333"},{"taxonomy":"product_cat","embeddable":true,"href":"https:\/\/egytouregypt.com\/ro\/wp-json\/wp\/v2\/product_cat?post=13333"},{"taxonomy":"product_tag","embeddable":true,"href":"https:\/\/egytouregypt.com\/ro\/wp-json\/wp\/v2\/product_tag?post=13333"}],"curies":[{"name":"wp","href":"https:\/\/api.w.org\/{rel}","templated":true}]}}