{"id":13334,"date":"2025-05-28T17:33:58","date_gmt":"2025-05-28T17:33:58","guid":{"rendered":"https:\/\/egytouregypt.com\/?post_type=product&#038;p=13334"},"modified":"2025-05-28T17:36:34","modified_gmt":"2025-05-28T17:36:34","slug":"excursie-de-o-zi-cu-autobuzul-de-la-hurghada-la-luxor","status":"publish","type":"product","link":"https:\/\/egytouregypt.com\/ro\/produs\/excursie-de-o-zi-cu-autobuzul-de-la-hurghada-la-luxor\/","title":{"rendered":"Excursie de o zi cu autobuzul de la Hurghada la Luxor"},"content":{"rendered":"<div class=\"desc-p havezic-single-content\">\n<div class=\"elementor-element elementor-element-6d80088b ba-content__one elementor-widget elementor-widget-gva_ba_item_content\" data-id=\"6d80088b\" data-element_type=\"widget\" data-widget_type=\"gva_ba_item_content.default\">\n<h2><\/h2>\n<div class=\"elementor-element elementor-element-f85dd7f elementor-widget elementor-widget-heading\" data-id=\"f85dd7f\" data-element_type=\"widget\" data-widget_type=\"heading.default\">\n<div class=\"elementor-widget-container\">\n<div class=\"elementor-element elementor-element-f85dd7f elementor-widget elementor-widget-heading\" data-id=\"f85dd7f\" data-element_type=\"widget\" data-widget_type=\"heading.default\">\n<div class=\"elementor-widget-container\">\n<div class=\"heading left\">\n<div class=\"heading left\">\n<div class=\"heading left\">\n<h2><span>Prezentare general\u0103<\/span><\/h2>\n<p><span>Cu o popula\u021bie de aproximativ 500.000 de locuitori, Luxor este cel mai mare ora\u0219 din Egiptul de Sus \u0219i serve\u0219te drept capital\u0103 administrativ\u0103 a guvernoratului Luxor. Fluviul Nil \u00eemparte ora\u0219ul \u00een dou\u0103 sec\u021biuni.<\/span><\/p>\n<p><span>\u00cen partea de nord-est a Luxorului se afl\u0103 renumitul Templu Karnak, c\u00e2ndva cel mai important templu din Egiptul antic, cu coloanele sale impun\u0103toare, obeliscurile \u0219i statuile care impresioneaz\u0103 prin dimensiunile lor. Mai la sud, ve\u021bi g\u0103si Muzeul Luxor, care ad\u0103poste\u0219te descoperiri arheologice recente din regiune, urmat de Templul Luxor. Construit de Amenhotep al III-lea \u0219i Ramses al II-lea, acest templu a fost dedicat lui Amon-Ra, regele zeilor.<\/span><\/p>\n<p><span>Peste Nil, pe malul vestic, se afl\u0103 templul reginei Hatshepsut, unul dintre cele mai bine conservate temple din Teba, dat\u00e2nd din dinastia a XVIII-a. \u00cen apropiere se afl\u0103 Valea Regilor, unde morm\u00e2ntul aproape intact al lui Tutankhamon a fost descoperit de Howard Carter \u00een 1922. De asemenea, pe malul vestic se afl\u0103 impun\u0103torii Colo\u0219i ai lui Memnon, care \u00eel reprezint\u0103 pe faraonul Amenhotep al III-lea.<\/span><\/p>\n<p><span>Valea Regilor este remarcabil\u0103 \u00een special pentru mormintele celor mai faimo\u0219i conduc\u0103tori ai Noului Regat. O excursie cu autobuzul de la Hurghada la Luxor este obligatorie pentru oricine dore\u0219te s\u0103 exploreze bogata istorie a Egiptului.<\/span><\/p>\n<p>&nbsp;<\/p>\n<h2><span>Durat\u0103<\/span><\/h2>\n<p><strong><span>Ridicare: \u00cen jurul orei 4:00<\/span><\/strong><\/p>\n<\/div>\n<\/div>\n<\/div>\n<\/div>\n<\/div>\n<\/div>\n<\/div>\n<\/div>\n<\/div>\n<div class=\"highlights\">\n<div class=\"wpb_text_column wpb_content_element \">\n<div class=\"wpb_wrapper\">\n<h5>Pentru orice \u00eentreb\u0103ri, contacta\u021bi-ne:<a href=\"https:\/\/wa.me\/+201550089891\" target=\"_blank\" rel=\"noopener\"><img decoding=\"async\" class=\"alignnone wp-image-13655\" src=\"https:\/\/alivoyage.com\/wp-content\/uploads\/2024\/03\/whatsapp-svgrepo-com.svg\" alt=\"\" width=\"42\" height=\"42\" \/><\/a><\/h5>\n<\/div>\n<\/div>\n<\/div>\n<div id=\"tour-included-excluded\" class=\"content-product-item tour-included-excluded-wrapper\"><\/div>\n","protected":false},"excerpt":{"rendered":"<p>Prezentare general\u0103 Cu o popula\u021bie de aproximativ 500.000 de locuitori, Luxor este cel mai mare ora\u0219 din Egiptul de Sus \u0219i serve\u0219te drept capital\u0103 administrativ\u0103 a guvernoratului Luxor. Fluviul Nil \u00eemparte ora\u0219ul \u00een dou\u0103 sec\u021biuni. \u00cen partea de nord-est a Luxorului se afl\u0103 renumitul Templu Karnak, c\u00e2ndva cel mai important templu din Egiptul antic, cu coloanele sale impun\u0103toare, obeliscurile \u0219i statuile care impresioneaz\u0103 prin dimensiunile lor. Mai la sud, ve\u021bi g\u0103si Muzeul Luxor, care ad\u0103poste\u0219te descoperiri arheologice recente din regiune, urmat de Templul Luxor. Construit de Amenhotep al III-lea \u0219i Ramses al II-lea, acest templu a fost dedicat lui Amon-Ra, regele zeilor. Peste Nil, pe malul vestic, se afl\u0103 templul reginei Hatshepsut, unul dintre cele mai bine conservate temple din Teba, dat\u00e2nd din dinastia a XVIII-a. \u00cen apropiere se afl\u0103 Valea Regilor, unde morm\u00e2ntul aproape intact al lui Tutankhamon a fost descoperit de Howard Carter \u00een 1922. De asemenea, pe malul vestic se afl\u0103 impun\u0103torii Colo\u0219i ai lui Memnon, care \u00eel reprezint\u0103 pe faraonul Amenhotep al III-lea. Valea Regilor este remarcabil\u0103 \u00een special pentru mormintele celor mai faimo\u0219i conduc\u0103tori ai Noului Regat. O excursie cu autobuzul de la Hurghada la Luxor este obligatorie pentru oricine dore\u0219te s\u0103 exploreze bogata istorie a Egiptului. &nbsp; Durat\u0103 Ridicare: \u00cen jurul orei 4:00 Pentru orice \u00eentreb\u0103ri, contacta\u021bi-ne:<\/p>\n","protected":false},"featured_media":13335,"comment_status":"open","ping_status":"closed","template":"","meta":{"_monsterinsights_skip_tracking":false,"_monsterinsights_sitenote_active":false,"_monsterinsights_sitenote_note":"","_monsterinsights_sitenote_category":0},"product_brand":[],"product_cat":[100],"product_tag":[],"class_list":{"0":"post-13334","1":"product","2":"type-product","3":"status-publish","4":"has-post-thumbnail","6":"product_cat-calatorii-istorice","8":"first","9":"instock","10":"shipping-taxable","11":"purchasable","12":"product-type-ovabrw_car_rental"},"_links":{"self":[{"href":"https:\/\/egytouregypt.com\/ro\/wp-json\/wp\/v2\/product\/13334","targetHints":{"allow":["GET"]}}],"collection":[{"href":"https:\/\/egytouregypt.com\/ro\/wp-json\/wp\/v2\/product"}],"about":[{"href":"https:\/\/egytouregypt.com\/ro\/wp-json\/wp\/v2\/types\/product"}],"replies":[{"embeddable":true,"href":"https:\/\/egytouregypt.com\/ro\/wp-json\/wp\/v2\/comments?post=13334"}],"wp:featuredmedia":[{"embeddable":true,"href":"https:\/\/egytouregypt.com\/ro\/wp-json\/wp\/v2\/media\/13335"}],"wp:attachment":[{"href":"https:\/\/egytouregypt.com\/ro\/wp-json\/wp\/v2\/media?parent=13334"}],"wp:term":[{"taxonomy":"product_brand","embeddable":true,"href":"https:\/\/egytouregypt.com\/ro\/wp-json\/wp\/v2\/product_brand?post=13334"},{"taxonomy":"product_cat","embeddable":true,"href":"https:\/\/egytouregypt.com\/ro\/wp-json\/wp\/v2\/product_cat?post=13334"},{"taxonomy":"product_tag","embeddable":true,"href":"https:\/\/egytouregypt.com\/ro\/wp-json\/wp\/v2\/product_tag?post=13334"}],"curies":[{"name":"wp","href":"https:\/\/api.w.org\/{rel}","templated":true}]}}