{"id":13368,"date":"2025-05-28T17:38:06","date_gmt":"2025-05-28T17:38:06","guid":{"rendered":"https:\/\/egytouregypt.com\/?post_type=product&#038;p=13368"},"modified":"2025-05-28T22:27:24","modified_gmt":"2025-05-28T22:27:24","slug":"excursie-de-o-zi-intreaga-la-cairo-cu-avionul","status":"publish","type":"product","link":"https:\/\/egytouregypt.com\/ro\/produs\/excursie-de-o-zi-intreaga-la-cairo-cu-avionul\/","title":{"rendered":"Excursie de o zi \u00eentreag\u0103 la Cairo cu avionul"},"content":{"rendered":"<div class=\"desc-p havezic-single-content\">\n<div class=\"elementor-element elementor-element-6d80088b ba-content__one elementor-widget elementor-widget-gva_ba_item_content\" data-id=\"6d80088b\" data-element_type=\"widget\" data-widget_type=\"gva_ba_item_content.default\">\n<h2><\/h2>\n<div class=\"elementor-element elementor-element-f85dd7f elementor-widget elementor-widget-heading\" data-id=\"f85dd7f\" data-element_type=\"widget\" data-widget_type=\"heading.default\">\n<div class=\"elementor-widget-container\">\n<div class=\"elementor-element elementor-element-f85dd7f elementor-widget elementor-widget-heading\" data-id=\"f85dd7f\" data-element_type=\"widget\" data-widget_type=\"heading.default\">\n<div class=\"elementor-widget-container\">\n<div class=\"heading left\">\n<div class=\"heading left\">\n<div class=\"heading left\">\n<h2>Prezentare general\u0103<\/h2>\n<h3>Hurghada: Excursie de o zi la Cairo cu avionul<\/h3>\n<p>Zbura\u021bi de la Hurghada la Cairo \u00een doar o or\u0103 \u0219i cufunda\u021bi-v\u0103 \u00een bogata istorie \u0219i cultur\u0103 a Egiptului \u00een acest tur de o zi \u00eentreag\u0103. Explora\u021bi emblematicile Piramide din Giza, admira\u021bi Sfinxul \u0219i descoperi\u021bi comorile Muzeului Egiptean. Dup\u0103-amiaza, bucura\u021bi-v\u0103 de cump\u0103r\u0103turi la animatul bazar Khan el-Khalili.<\/p>\n<h3><strong>Repere:<\/strong><\/h3>\n<div class=\"wpb_text_column wpb_content_element \">\n<div class=\"wpb_wrapper\">\n<ul>\n<li class=\"activity-highlights__list-item\" data-v-72aefa1b=\"\">Vizita\u021bi Marea Piramid\u0103 din Giza, una dintre cele 7 Minuni ale Lumii Antice<\/li>\n<li class=\"activity-highlights__list-item\" data-v-72aefa1b=\"\">Minuna\u021bi-v\u0103 de unicitatea Sfinxului<\/li>\n<li class=\"activity-highlights__list-item\" data-v-72aefa1b=\"\">Descoperi\u021bi mai multe despre istoria \u0219i artefactele de la Muzeul Egiptean de renume mondial<\/li>\n<li class=\"activity-highlights__list-item\" data-v-72aefa1b=\"\">Bucura\u021bi-v\u0103 de cump\u0103r\u0103turi la pia\u021ba Khan el-Khalili<\/li>\n<\/ul>\n<p>&nbsp;<\/p>\n<div class=\"activity-accordion-item-header\">\n<h3 class=\"activity-accordion-item__title\"><strong>Informa\u021bii importante:<\/strong><\/h3>\n<div class=\"activity-important-information__content\" data-v-2a08770a=\"\">\n<p class=\"activity-important-information__title\" data-v-2a08770a=\"\"><strong>Ce s\u0103 aduci<\/strong><\/p>\n<section class=\"toggle-content\" data-v-2a08770a=\"\" data-v-59485d64=\"\">\n<div class=\"toggle-content__content\" data-v-59485d64=\"\">\n<ul class=\"activity-important-information__list to-bring\" data-v-2a08770a=\"\">\n<li class=\"activity-important-information__item\" data-v-2a08770a=\"\">Pa\u0219aport sau carte de identitate<\/li>\n<li class=\"activity-important-information__item\" data-v-2a08770a=\"\">Haine confortabile<\/li>\n<\/ul>\n<\/div>\n<\/section>\n<\/div>\n<div class=\"activity-important-information__content\" data-v-2a08770a=\"\">\n<p class=\"activity-important-information__title\" data-v-2a08770a=\"\"><strong>Nu este permis<\/strong><\/p>\n<section class=\"toggle-content\" data-v-2a08770a=\"\" data-v-59485d64=\"\">\n<div class=\"toggle-content__content\" data-v-59485d64=\"\">\n<ul class=\"activity-important-information__list not-allowed\" data-v-2a08770a=\"\">\n<li class=\"activity-important-information__item\" data-v-2a08770a=\"\">Animale de companie<\/li>\n<\/ul>\n<\/div>\n<\/section>\n<\/div>\n<div class=\"activity-important-information__content\" data-v-2a08770a=\"\">\n<p class=\"activity-important-information__title\" data-v-2a08770a=\"\"><strong>\u0218ti\u021bi \u00eenainte de a pleca<\/strong><\/p>\n<section class=\"toggle-content\" data-v-2a08770a=\"\" data-v-59485d64=\"\">\n<div class=\"toggle-content__content toggle-content__content--expanded toggle-content__content--packable\" data-v-59485d64=\"\">\n<ul class=\"activity-important-information__list good-to-know\" data-v-2a08770a=\"\">\n<li class=\"activity-important-information__item\" data-v-2a08770a=\"\">V\u0103 rug\u0103m s\u0103 contacta\u021bi operatorul turistic dup\u0103 rezervare pentru a furniza numele \u0219i numerele de pa\u0219aport ale tuturor c\u0103l\u0103torilor, precum \u0219i ora dorit\u0103 de preluare de la hotelul dumneavoastr\u0103 din Hurghada.<\/li>\n<li class=\"activity-important-information__item\" data-v-2a08770a=\"\">Preluarea \u0219i returul de la orice hotel din Hurghada sunt gratuite: preluarea \u0219i returul de la Makadi, Sahl Hashesh, Soma Bay, El Gouna \u0219i Safaga sunt disponibile contra cost.<\/li>\n<li class=\"activity-important-information__item\" data-v-2a08770a=\"\">Orarul zborului se poate schimba \u00een func\u021bie de sezon<\/li>\n<li class=\"activity-important-information__item\" data-v-2a08770a=\"\">Ora de preluare \u0219i de eliberare depinde de orele de zbor<\/li>\n<\/ul>\n<h2>\u00a0Durat\u0103<\/h2>\n<p><strong>Ridicare: \u00cen jurul orei 5:00<\/strong><\/p>\n<\/div>\n<\/section>\n<\/div>\n<\/div>\n<\/div>\n<\/div>\n<\/div>\n<\/div>\n<\/div>\n<\/div>\n<\/div>\n<\/div>\n<\/div>\n<\/div>\n<\/div>\n<div class=\"highlights\">\n<div class=\"wpb_text_column wpb_content_element \">\n<div class=\"wpb_wrapper\">\n<h5>Pentru orice \u00eentreb\u0103ri, contacta\u021bi-ne:<a href=\"https:\/\/wa.me\/+201550089891\" target=\"_blank\" rel=\"noopener\"><img decoding=\"async\" class=\"alignnone wp-image-13655\" src=\"https:\/\/alivoyage.com\/wp-content\/uploads\/2024\/03\/whatsapp-svgrepo-com.svg\" alt=\"\" width=\"42\" height=\"42\" \/><\/a><\/h5>\n<\/div>\n<\/div>\n<\/div>\n<div id=\"tour-included-excluded\" class=\"content-product-item tour-included-excluded-wrapper\"><\/div>\n","protected":false},"excerpt":{"rendered":"<p>Prezentare general\u0103 Hurghada: Excursie de o zi la Cairo cu avionul Zbura\u021bi de la Hurghada la Cairo \u00een doar o or\u0103 \u0219i cufunda\u021bi-v\u0103 \u00een bogata istorie \u0219i cultur\u0103 a Egiptului \u00een acest tur de o zi \u00eentreag\u0103. Explora\u021bi emblematicile Piramide din Giza, admira\u021bi Sfinxul \u0219i descoperi\u021bi comorile Muzeului Egiptean. Dup\u0103-amiaza, bucura\u021bi-v\u0103 de cump\u0103r\u0103turi la animatul bazar Khan el-Khalili. Repere: Vizita\u021bi Marea Piramid\u0103 din Giza, una dintre cele 7 Minuni ale Lumii Antice Minuna\u021bi-v\u0103 de unicitatea Sfinxului Descoperi\u021bi mai multe despre istoria \u0219i artefactele de la Muzeul Egiptean de renume mondial Bucura\u021bi-v\u0103 de cump\u0103r\u0103turi la pia\u021ba Khan el-Khalili &nbsp; Informa\u021bii importante: Ce s\u0103 aduci Pa\u0219aport sau carte de identitate Haine confortabile Nu este permis Animale de companie \u0218ti\u021bi \u00eenainte de a pleca V\u0103 rug\u0103m s\u0103 contacta\u021bi operatorul turistic dup\u0103 rezervare pentru a furniza numele \u0219i numerele de pa\u0219aport ale tuturor c\u0103l\u0103torilor, precum \u0219i ora dorit\u0103 de preluare de la hotelul dumneavoastr\u0103 din Hurghada. Preluarea \u0219i returul de la orice hotel din Hurghada sunt gratuite: preluarea \u0219i returul de la Makadi, Sahl Hashesh, Soma Bay, El Gouna \u0219i Safaga sunt disponibile contra cost. Orarul zborului se poate schimba \u00een func\u021bie de sezon Ora de preluare \u0219i de eliberare depinde de orele de zbor \u00a0Durat\u0103 Ridicare: \u00cen jurul orei 5:00 Pentru orice \u00eentreb\u0103ri, contacta\u021bi-ne:<\/p>\n","protected":false},"featured_media":13301,"comment_status":"open","ping_status":"closed","template":"","meta":{"_monsterinsights_skip_tracking":false,"_monsterinsights_sitenote_active":false,"_monsterinsights_sitenote_note":"","_monsterinsights_sitenote_category":0},"product_brand":[],"product_cat":[100],"product_tag":[],"class_list":{"0":"post-13368","1":"product","2":"type-product","3":"status-publish","4":"has-post-thumbnail","6":"product_cat-calatorii-istorice","8":"first","9":"instock","10":"shipping-taxable","11":"purchasable","12":"product-type-ovabrw_car_rental"},"_links":{"self":[{"href":"https:\/\/egytouregypt.com\/ro\/wp-json\/wp\/v2\/product\/13368","targetHints":{"allow":["GET"]}}],"collection":[{"href":"https:\/\/egytouregypt.com\/ro\/wp-json\/wp\/v2\/product"}],"about":[{"href":"https:\/\/egytouregypt.com\/ro\/wp-json\/wp\/v2\/types\/product"}],"replies":[{"embeddable":true,"href":"https:\/\/egytouregypt.com\/ro\/wp-json\/wp\/v2\/comments?post=13368"}],"wp:featuredmedia":[{"embeddable":true,"href":"https:\/\/egytouregypt.com\/ro\/wp-json\/wp\/v2\/media\/13301"}],"wp:attachment":[{"href":"https:\/\/egytouregypt.com\/ro\/wp-json\/wp\/v2\/media?parent=13368"}],"wp:term":[{"taxonomy":"product_brand","embeddable":true,"href":"https:\/\/egytouregypt.com\/ro\/wp-json\/wp\/v2\/product_brand?post=13368"},{"taxonomy":"product_cat","embeddable":true,"href":"https:\/\/egytouregypt.com\/ro\/wp-json\/wp\/v2\/product_cat?post=13368"},{"taxonomy":"product_tag","embeddable":true,"href":"https:\/\/egytouregypt.com\/ro\/wp-json\/wp\/v2\/product_tag?post=13368"}],"curies":[{"name":"wp","href":"https:\/\/api.w.org\/{rel}","templated":true}]}}