{"id":13369,"date":"2025-05-28T17:42:35","date_gmt":"2025-05-28T17:42:35","guid":{"rendered":"https:\/\/egytouregypt.com\/?post_type=product&#038;p=13369"},"modified":"2025-05-28T22:28:11","modified_gmt":"2025-05-28T22:28:11","slug":"turul-orasului-hurghada","status":"publish","type":"product","link":"https:\/\/egytouregypt.com\/ro\/produs\/turul-orasului-hurghada\/","title":{"rendered":"Turul ora\u0219ului Hurghada"},"content":{"rendered":"<div class=\"desc-p havezic-single-content\">\n<div class=\"elementor-element elementor-element-6d80088b ba-content__one elementor-widget elementor-widget-gva_ba_item_content\" data-id=\"6d80088b\" data-element_type=\"widget\" data-widget_type=\"gva_ba_item_content.default\">\n<h2><\/h2>\n<div class=\"elementor-element elementor-element-f85dd7f elementor-widget elementor-widget-heading\" data-id=\"f85dd7f\" data-element_type=\"widget\" data-widget_type=\"heading.default\">\n<div class=\"elementor-widget-container\">\n<div class=\"elementor-element elementor-element-f85dd7f elementor-widget elementor-widget-heading\" data-id=\"f85dd7f\" data-element_type=\"widget\" data-widget_type=\"heading.default\">\n<div class=\"elementor-widget-container\">\n<div class=\"heading left\">\n<div class=\"heading left\">\n<div class=\"heading left\">\n<h2>Prezentare general\u0103<\/h2>\n<h2>Turul ora\u0219ului Hurghada<\/h2>\n<p>Bucura\u021bi-v\u0103 de un tur ghidat de 3 ore al ora\u0219ului Hurghada. Explora\u021bi centrul ora\u0219ului El Dahar, cu pia\u021ba sa vibrant\u0103 \u0219i biserica copt\u0103. Afla\u021bi despre cre\u0219tinismul copt \u0219i apoi conduce\u021bi p\u00e2n\u0103 la Marea Moschee, unde ve\u021bi afla c\u00e2teva informa\u021bii despre islam \u0219i tradi\u021biile musulmane. Experimenta\u021bi pia\u021ba de pe\u0219te \u0219i merge\u021bi pe jos p\u00e2n\u0103 la portul de pescuit. \u00cencheia\u021bi-v\u0103 turul relax\u00e2ndu-v\u0103 la noua marin\u0103 din Hurghada.<\/p>\n<p>&nbsp;<\/p>\n<div class=\"vc_row wpb_row vc_row-fluid\">\n<div class=\"wpb_column vc_column_container vc_col-sm-12\">\n<div class=\"vc_column-inner\">\n<div class=\"wpb_wrapper\">\n<div class=\"heading left\">\n<div class=\"vc_row wpb_row vc_row-fluid\">\n<div class=\"wpb_column vc_column_container vc_col-sm-12\">\n<div class=\"vc_column-inner\">\n<div class=\"wpb_wrapper\">\n<div class=\"heading left\">\n<h3><strong>Repere:<\/strong><\/h3>\n<\/div>\n<div class=\"clearfix\"><\/div>\n<\/div>\n<\/div>\n<\/div>\n<\/div>\n<div class=\"vc_row wpb_row vc_row-fluid\">\n<div class=\"wpb_column vc_column_container vc_col-sm-12\">\n<div class=\"vc_column-inner\">\n<div class=\"wpb_wrapper\">\n<div class=\"wpb_text_column wpb_content_element \">\n<div class=\"wpb_wrapper\">\n<p><strong>Turul ora\u0219ului Hurghada<\/strong><\/p>\n<ul>\n<li>Alege\u021bi ora de \u00eencepere \u0219i durata turului<\/li>\n<li>Vezi biserica copt\u0103<\/li>\n<li>Exploreaz\u0103 Marea Moschee, cea mai mare moschee din provincia M\u0103rii Ro\u0219ii<\/li>\n<li>Mergi la pia\u021ba de pe\u0219te<\/li>\n<li>Bucura\u021bi-v\u0103 de restaurantele, cafenelele \u0219i magazinele din Hurghada<\/li>\n<li>Vizita\u021bi marea pia\u021b\u0103 de fructe \u0219i legume<\/li>\n<\/ul>\n<p>&nbsp;<\/p>\n<\/div>\n<\/div>\n<\/div>\n<\/div>\n<\/div>\n<\/div>\n<\/div>\n<\/div>\n<\/div>\n<\/div>\n<\/div>\n<div class=\"vc_row wpb_row vc_row-fluid\">\n<div class=\"wpb_column vc_column_container vc_col-sm-12\">\n<div class=\"vc_column-inner\">\n<div class=\"wpb_wrapper\">\n<div class=\"wpb_text_column wpb_content_element \">\n<div class=\"wpb_wrapper\">\n<div class=\"heading left\">\n<div class=\"heading left\">\n<h3><strong>Ce s\u0103 iei cu tine?<\/strong><\/h3>\n<\/div>\n<div class=\"wpb_text_column wpb_content_element \">\n<div class=\"wpb_wrapper\">\n<ul>\n<li>Ochelari de soare<\/li>\n<li>P\u0103l\u0103rie de soare<\/li>\n<li>Camer\u0103<\/li>\n<li>Crem\u0103 de soare<\/li>\n<li>Bani de buzunar<\/li>\n<li>\u00cembr\u0103c\u0103minte potrivit\u0103 pentru moschee \u0219i biseric\u0103<\/li>\n<\/ul>\n<h3><strong>Durat\u0103<\/strong><\/h3>\n<p>Preluare: \u00cen jurul orei 16:00 (\u00een func\u021bie de loca\u021bia hotelului dvs. \u00een Hurghada) Expet s\u00e2mb\u0103t\u0103<\/p>\n<\/div>\n<\/div>\n<\/div>\n<\/div>\n<\/div>\n<\/div>\n<\/div>\n<\/div>\n<\/div>\n<\/div>\n<\/div>\n<\/div>\n<\/div>\n<\/div>\n<\/div>\n<\/div>\n<\/div>\n<\/div>\n<div class=\"highlights\">\n<div class=\"wpb_text_column wpb_content_element \">\n<div class=\"wpb_wrapper\">\n<h5>Pentru orice \u00eentreb\u0103ri, contacta\u021bi-ne:<a href=\"https:\/\/wa.me\/+201550089891\" target=\"_blank\" rel=\"noopener\"><img decoding=\"async\" class=\"alignnone wp-image-13655\" src=\"https:\/\/alivoyage.com\/wp-content\/uploads\/2024\/03\/whatsapp-svgrepo-com.svg\" alt=\"\" width=\"42\" height=\"42\" \/><\/a><\/h5>\n<\/div>\n<\/div>\n<\/div>\n<div id=\"tour-included-excluded\" class=\"content-product-item tour-included-excluded-wrapper\"><\/div>\n","protected":false},"excerpt":{"rendered":"<p>Prezentare general\u0103 Turul ora\u0219ului Hurghada Bucura\u021bi-v\u0103 de un tur ghidat de 3 ore al ora\u0219ului Hurghada. Explora\u021bi centrul ora\u0219ului El Dahar, cu pia\u021ba sa vibrant\u0103 \u0219i biserica copt\u0103. Afla\u021bi despre cre\u0219tinismul copt \u0219i apoi conduce\u021bi p\u00e2n\u0103 la Marea Moschee, unde ve\u021bi afla c\u00e2teva informa\u021bii despre islam \u0219i tradi\u021biile musulmane. Experimenta\u021bi pia\u021ba de pe\u0219te \u0219i merge\u021bi pe jos p\u00e2n\u0103 la portul de pescuit. \u00cencheia\u021bi-v\u0103 turul relax\u00e2ndu-v\u0103 la noua marin\u0103 din Hurghada. &nbsp; Repere: Turul ora\u0219ului Hurghada Alege\u021bi ora de \u00eencepere \u0219i durata turului Vezi biserica copt\u0103 Exploreaz\u0103 Marea Moschee, cea mai mare moschee din provincia M\u0103rii Ro\u0219ii Mergi la pia\u021ba de pe\u0219te Bucura\u021bi-v\u0103 de restaurantele, cafenelele \u0219i magazinele din Hurghada Vizita\u021bi marea pia\u021b\u0103 de fructe \u0219i legume &nbsp; Ce s\u0103 iei cu tine? Ochelari de soare P\u0103l\u0103rie de soare Camer\u0103 Crem\u0103 de soare Bani de buzunar \u00cembr\u0103c\u0103minte potrivit\u0103 pentru moschee \u0219i biseric\u0103 Durat\u0103 Preluare: \u00cen jurul orei 16:00 (\u00een func\u021bie de loca\u021bia hotelului dvs. \u00een Hurghada) Expet s\u00e2mb\u0103t\u0103 Pentru orice \u00eentreb\u0103ri, contacta\u021bi-ne:<\/p>\n","protected":false},"featured_media":13370,"comment_status":"open","ping_status":"closed","template":"","meta":{"_monsterinsights_skip_tracking":false,"_monsterinsights_sitenote_active":false,"_monsterinsights_sitenote_note":"","_monsterinsights_sitenote_category":0},"product_brand":[],"product_cat":[101],"product_tag":[],"class_list":{"0":"post-13369","1":"product","2":"type-product","3":"status-publish","4":"has-post-thumbnail","6":"product_cat-excursii-in-familie","8":"first","9":"instock","10":"shipping-taxable","11":"purchasable","12":"product-type-ovabrw_car_rental"},"_links":{"self":[{"href":"https:\/\/egytouregypt.com\/ro\/wp-json\/wp\/v2\/product\/13369","targetHints":{"allow":["GET"]}}],"collection":[{"href":"https:\/\/egytouregypt.com\/ro\/wp-json\/wp\/v2\/product"}],"about":[{"href":"https:\/\/egytouregypt.com\/ro\/wp-json\/wp\/v2\/types\/product"}],"replies":[{"embeddable":true,"href":"https:\/\/egytouregypt.com\/ro\/wp-json\/wp\/v2\/comments?post=13369"}],"wp:featuredmedia":[{"embeddable":true,"href":"https:\/\/egytouregypt.com\/ro\/wp-json\/wp\/v2\/media\/13370"}],"wp:attachment":[{"href":"https:\/\/egytouregypt.com\/ro\/wp-json\/wp\/v2\/media?parent=13369"}],"wp:term":[{"taxonomy":"product_brand","embeddable":true,"href":"https:\/\/egytouregypt.com\/ro\/wp-json\/wp\/v2\/product_brand?post=13369"},{"taxonomy":"product_cat","embeddable":true,"href":"https:\/\/egytouregypt.com\/ro\/wp-json\/wp\/v2\/product_cat?post=13369"},{"taxonomy":"product_tag","embeddable":true,"href":"https:\/\/egytouregypt.com\/ro\/wp-json\/wp\/v2\/product_tag?post=13369"}],"curies":[{"name":"wp","href":"https:\/\/api.w.org\/{rel}","templated":true}]}}