{"id":13395,"date":"2025-05-28T17:46:45","date_gmt":"2025-05-28T17:46:45","guid":{"rendered":"https:\/\/egytouregypt.com\/?post_type=product&#038;p=13395"},"modified":"2025-05-28T22:28:30","modified_gmt":"2025-05-28T22:28:30","slug":"spectacol-cu-delfini","status":"publish","type":"product","link":"https:\/\/egytouregypt.com\/ro\/produs\/spectacol-cu-delfini\/","title":{"rendered":"Spectacol cu \u200b\u200bdelfini"},"content":{"rendered":"<div class=\"desc-p havezic-single-content\">\n<div class=\"elementor-element elementor-element-6d80088b ba-content__one elementor-widget elementor-widget-gva_ba_item_content\" data-id=\"6d80088b\" data-element_type=\"widget\" data-widget_type=\"gva_ba_item_content.default\">\n<h2><\/h2>\n<div class=\"elementor-element elementor-element-f85dd7f elementor-widget elementor-widget-heading\" data-id=\"f85dd7f\" data-element_type=\"widget\" data-widget_type=\"heading.default\">\n<div class=\"elementor-widget-container\">\n<div class=\"elementor-element elementor-element-f85dd7f elementor-widget elementor-widget-heading\" data-id=\"f85dd7f\" data-element_type=\"widget\" data-widget_type=\"heading.default\">\n<div class=\"elementor-widget-container\">\n<div class=\"heading left\">\n<div class=\"heading left\">\n<div class=\"heading left\">\n<h2>Prezentare general\u0103<\/h2>\n<h2>Spectacol cu \u200b\u200bdelfini din Hurghada<\/h2>\n<p>Bucura\u021bi-v\u0103 de o diminea\u021b\u0103 plin\u0103 de distrac\u021bie, cu preluare de la hotel \u0219i transfer la un spectacol palpitant cu delfini de o or\u0103 \u00een Hurghada. Spectacolul prezint\u0103 patru reprezenta\u021bii captivante, \u00eencep\u00e2nd cu pisici de mare (foci) dans\u00e2nd, urmate de o mors\u0103 muzical\u0103, un leu de mare energic \u0219i un final orbitor cu trei delfini juc\u0103u\u0219i care execut\u0103 trucuri \u0219i chiar picteaz\u0103. Dup\u0103 spectacol, ve\u021bi fi transfera\u021bi \u00eenapoi la hotel.<\/p>\n<p>&nbsp;<\/p>\n<div class=\"vc_row wpb_row vc_row-fluid\">\n<div class=\"wpb_column vc_column_container vc_col-sm-12\">\n<div class=\"vc_column-inner\">\n<div class=\"wpb_wrapper\">\n<div class=\"heading left\">\n<div class=\"vc_row wpb_row vc_row-fluid\">\n<div class=\"wpb_column vc_column_container vc_col-sm-12\">\n<div class=\"vc_column-inner\">\n<div class=\"wpb_wrapper\">\n<div class=\"heading left\">\n<h3><strong>Repere:<\/strong><\/h3>\n<\/div>\n<\/div>\n<\/div>\n<\/div>\n<\/div>\n<div class=\"vc_row wpb_row vc_row-fluid\">\n<div class=\"wpb_column vc_column_container vc_col-sm-12\">\n<div class=\"vc_column-inner\">\n<div class=\"wpb_wrapper\">\n<div class=\"wpb_text_column wpb_content_element \">\n<div class=\"wpb_wrapper\">\n<ul>\n<li>Apropie-te de delfini<\/li>\n<li>Fii martor la inteligen\u021ba \u0219i farmecul lor uimitor<\/li>\n<li>Bucura\u021bi-v\u0103 de un spectacol admirabil cu un delfin \u0219i un leu de mare prietenos<\/li>\n<\/ul>\n<p>&nbsp;<\/p>\n<\/div>\n<\/div>\n<\/div>\n<\/div>\n<\/div>\n<\/div>\n<\/div>\n<\/div>\n<\/div>\n<\/div>\n<\/div>\n<div class=\"vc_row wpb_row vc_row-fluid\">\n<div class=\"wpb_column vc_column_container vc_col-sm-12\">\n<div class=\"vc_column-inner\">\n<div class=\"wpb_wrapper\">\n<div class=\"wpb_text_column wpb_content_element \">\n<div class=\"wpb_wrapper\">\n<div class=\"heading left\">\n<div class=\"heading left\">\n<h3><strong>Ce s\u0103 iei cu tine?<\/strong><\/h3>\n<\/div>\n<div class=\"wpb_text_column wpb_content_element \">\n<div class=\"wpb_wrapper\">\n<ul>\n<li>Echipamente foto \u0219i video<\/li>\n<li>Acoperire pentru cap (\u0219apc\u0103 sau e\u0219arf\u0103)<\/li>\n<li>Ochelari de soare<\/li>\n<li>Crem\u0103 de soare.<\/li>\n<\/ul>\n<h3><strong>Durat\u0103<\/strong><\/h3>\n<p>Prima c\u0103l\u0103torie:<\/p>\n<p>Preluare: \u00cen jurul orei 09:30 (\u00een func\u021bie de loca\u021bia hotelului dvs. \u00een Hurghada) Expet S\u00e2mb\u0103t\u0103<\/p>\n<p>A doua c\u0103l\u0103torie:<\/p>\n<p>Preluare: \u00cen jurul orei 15:30 (\u00een func\u021bie de loca\u021bia hotelului dvs. \u00een Hurghada) \u00een fiecare zi<\/p>\n<\/div>\n<\/div>\n<\/div>\n<\/div>\n<\/div>\n<\/div>\n<\/div>\n<\/div>\n<\/div>\n<\/div>\n<\/div>\n<\/div>\n<\/div>\n<\/div>\n<\/div>\n<\/div>\n<\/div>\n<\/div>\n<div class=\"highlights\">\n<div class=\"wpb_text_column wpb_content_element \">\n<div class=\"wpb_wrapper\">\n<h5>Pentru orice \u00eentreb\u0103ri, contacta\u021bi-ne:<a href=\"https:\/\/wa.me\/+201550089891\" target=\"_blank\" rel=\"noopener\"><img decoding=\"async\" class=\"alignnone wp-image-13655\" src=\"https:\/\/alivoyage.com\/wp-content\/uploads\/2024\/03\/whatsapp-svgrepo-com.svg\" alt=\"\" width=\"42\" height=\"42\" \/><\/a><\/h5>\n<\/div>\n<\/div>\n<\/div>\n<div id=\"tour-included-excluded\" class=\"content-product-item tour-included-excluded-wrapper\"><\/div>\n","protected":false},"excerpt":{"rendered":"<p>Prezentare general\u0103 Spectacol cu \u200b\u200bdelfini din Hurghada Bucura\u021bi-v\u0103 de o diminea\u021b\u0103 plin\u0103 de distrac\u021bie, cu preluare de la hotel \u0219i transfer la un spectacol palpitant cu delfini de o or\u0103 \u00een Hurghada. Spectacolul prezint\u0103 patru reprezenta\u021bii captivante, \u00eencep\u00e2nd cu pisici de mare (foci) dans\u00e2nd, urmate de o mors\u0103 muzical\u0103, un leu de mare energic \u0219i un final orbitor cu trei delfini juc\u0103u\u0219i care execut\u0103 trucuri \u0219i chiar picteaz\u0103. Dup\u0103 spectacol, ve\u021bi fi transfera\u021bi \u00eenapoi la hotel. &nbsp; Repere: Apropie-te de delfini Fii martor la inteligen\u021ba \u0219i farmecul lor uimitor Bucura\u021bi-v\u0103 de un spectacol admirabil cu un delfin \u0219i un leu de mare prietenos &nbsp; Ce s\u0103 iei cu tine? Echipamente foto \u0219i video Acoperire pentru cap (\u0219apc\u0103 sau e\u0219arf\u0103) Ochelari de soare Crem\u0103 de soare. Durat\u0103 Prima c\u0103l\u0103torie: Preluare: \u00cen jurul orei 09:30 (\u00een func\u021bie de loca\u021bia hotelului dvs. \u00een Hurghada) Expet S\u00e2mb\u0103t\u0103 A doua c\u0103l\u0103torie: Preluare: \u00cen jurul orei 15:30 (\u00een func\u021bie de loca\u021bia hotelului dvs. \u00een Hurghada) \u00een fiecare zi Pentru orice \u00eentreb\u0103ri, contacta\u021bi-ne:<\/p>\n","protected":false},"featured_media":13396,"comment_status":"open","ping_status":"closed","template":"","meta":{"_monsterinsights_skip_tracking":false,"_monsterinsights_sitenote_active":false,"_monsterinsights_sitenote_note":"","_monsterinsights_sitenote_category":0},"product_brand":[],"product_cat":[101],"product_tag":[],"class_list":{"0":"post-13395","1":"product","2":"type-product","3":"status-publish","4":"has-post-thumbnail","6":"product_cat-excursii-in-familie","8":"first","9":"instock","10":"shipping-taxable","11":"purchasable","12":"product-type-ovabrw_car_rental"},"_links":{"self":[{"href":"https:\/\/egytouregypt.com\/ro\/wp-json\/wp\/v2\/product\/13395","targetHints":{"allow":["GET"]}}],"collection":[{"href":"https:\/\/egytouregypt.com\/ro\/wp-json\/wp\/v2\/product"}],"about":[{"href":"https:\/\/egytouregypt.com\/ro\/wp-json\/wp\/v2\/types\/product"}],"replies":[{"embeddable":true,"href":"https:\/\/egytouregypt.com\/ro\/wp-json\/wp\/v2\/comments?post=13395"}],"wp:featuredmedia":[{"embeddable":true,"href":"https:\/\/egytouregypt.com\/ro\/wp-json\/wp\/v2\/media\/13396"}],"wp:attachment":[{"href":"https:\/\/egytouregypt.com\/ro\/wp-json\/wp\/v2\/media?parent=13395"}],"wp:term":[{"taxonomy":"product_brand","embeddable":true,"href":"https:\/\/egytouregypt.com\/ro\/wp-json\/wp\/v2\/product_brand?post=13395"},{"taxonomy":"product_cat","embeddable":true,"href":"https:\/\/egytouregypt.com\/ro\/wp-json\/wp\/v2\/product_cat?post=13395"},{"taxonomy":"product_tag","embeddable":true,"href":"https:\/\/egytouregypt.com\/ro\/wp-json\/wp\/v2\/product_tag?post=13395"}],"curies":[{"name":"wp","href":"https:\/\/api.w.org\/{rel}","templated":true}]}}