{"id":13424,"date":"2025-05-28T17:50:38","date_gmt":"2025-05-28T17:50:38","guid":{"rendered":"https:\/\/egytouregypt.com\/?post_type=product&#038;p=13424"},"modified":"2025-05-28T22:29:05","modified_gmt":"2025-05-28T22:29:05","slug":"turul-orasului-hurghada-si-muzeul-national-hurghada","status":"publish","type":"product","link":"https:\/\/egytouregypt.com\/ro\/produs\/turul-orasului-hurghada-si-muzeul-national-hurghada\/","title":{"rendered":"Turul ora\u0219ului Hurghada \u0219i Muzeul Na\u021bional Hurghada"},"content":{"rendered":"<div class=\"desc-p havezic-single-content\">\n<div class=\"elementor-element elementor-element-6d80088b ba-content__one elementor-widget elementor-widget-gva_ba_item_content\" data-id=\"6d80088b\" data-element_type=\"widget\" data-widget_type=\"gva_ba_item_content.default\">\n<h2><\/h2>\n<div class=\"elementor-element elementor-element-f85dd7f elementor-widget elementor-widget-heading\" data-id=\"f85dd7f\" data-element_type=\"widget\" data-widget_type=\"heading.default\">\n<div class=\"elementor-widget-container\">\n<div class=\"elementor-element elementor-element-f85dd7f elementor-widget elementor-widget-heading\" data-id=\"f85dd7f\" data-element_type=\"widget\" data-widget_type=\"heading.default\">\n<div class=\"elementor-widget-container\">\n<div class=\"heading left\">\n<div class=\"heading left\">\n<div class=\"heading left\">\n<h2>Prezentare general\u0103<\/h2>\n<h2>Turul ora\u0219ului Hurghada \u0219i Muzeul Na\u021bional Hurghada<\/h2>\n<p><strong>Descoperi\u021bi bogata istorie a Egiptului cu o vizit\u0103 ghidat\u0103 la Muzeul Hurghada \u0219i un tur al ora\u0219ului<\/strong><\/p>\n<p>C\u0103l\u0103toria ta \u00eencepe cu o preluare convenabil\u0103 de la hotel \u00eentr-un vehicul cu aer condi\u021bionat. Cufund\u0103-te \u00een istoria celei mai vechi civiliza\u021bii din lume explor\u00e2nd 2.000 de artefacte originale la Muzeul din Hurghada, care prezint\u0103 epocile Egiptului Antic, perioadei copte \u0219i erei islamice. Dup\u0103 vizita la muzeu, bucur\u0103-te de timp liber pentru a explora exponatele \u00een ritmul t\u0103u propriu.<\/p>\n<p>Apoi, porne\u0219te \u00eentr-un tur al ora\u0219ului Hurghada, unde vei descoperi pie\u021bele sale vibrante, portul pitoresc \u0219i via\u021ba de zi cu zi agitat\u0103. Experimenteaz\u0103 farmecul \u0219i frumuse\u021bea unic\u0103 a acestui ora\u0219 de coast\u0103 \u00een timp ce te bucuri de cultura \u0219i obiectivele turistice locale. Ziua se \u00eencheie cu \u00eentoarcerea la hotel, plin\u0103 de amintiri de neuitat at\u00e2t despre istorie, c\u00e2t \u0219i despre Hurghada modern\u0103.<\/p>\n<div class=\"vc_row wpb_row vc_row-fluid\">\n<div class=\"wpb_column vc_column_container vc_col-sm-12\">\n<div class=\"vc_column-inner\">\n<div class=\"wpb_wrapper\">\n<div class=\"heading left\">\n<div class=\"vc_row wpb_row vc_row-fluid\">\n<div class=\"wpb_column vc_column_container vc_col-sm-12\">\n<div class=\"vc_column-inner\">\n<div class=\"wpb_wrapper\">\n<div class=\"heading left\">\n<div class=\"vc_row wpb_row vc_row-fluid\">\n<div class=\"wpb_column vc_column_container vc_col-sm-12\">\n<div class=\"vc_column-inner\">\n<div class=\"wpb_wrapper\">\n<div class=\"heading left\">\n<h3><strong>Repere:<\/strong><\/h3>\n<\/div>\n<\/div>\n<\/div>\n<\/div>\n<\/div>\n<div class=\"vc_row wpb_row vc_row-fluid\">\n<div class=\"wpb_column vc_column_container vc_col-sm-12\">\n<div class=\"vc_column-inner\">\n<div class=\"wpb_wrapper\">\n<div class=\"wpb_text_column wpb_content_element \">\n<div class=\"wpb_wrapper\">\n<p><strong>Muzeul din Hurghada<\/strong><\/p>\n<ul>\n<li>Preluare \u0219i returnare de la hotel \u00eentr-un vehicul cu aer condi\u021bionat<\/li>\n<li>Exploreaz\u0103 peste 2.000 de artefacte la Muzeul din Hurghada<\/li>\n<li>\u00cenva\u021b\u0103 despre Egiptul Antic, perioada copt\u0103 \u0219i epoca islamic\u0103<\/li>\n<li>Bucura\u021bi-v\u0103 de timp liber pentru a explora muzeul \u00een ritmul propriu<\/li>\n<li>Tur ghidat al ora\u0219ului Hurghada prin pie\u021bele vibrante \u0219i portul pitoresc al ora\u0219ului<\/li>\n<li>Experimenta\u021bi cultura local\u0103 \u0219i frumuse\u021bea ora\u0219ului de coast\u0103<\/li>\n<li>\u00centoarcerea la hotel dup\u0103 o zi \u00eentreag\u0103 de explorare<\/li>\n<\/ul>\n<\/div>\n<\/div>\n<\/div>\n<\/div>\n<\/div>\n<\/div>\n<\/div>\n<\/div>\n<\/div>\n<\/div>\n<\/div>\n<\/div>\n<\/div>\n<\/div>\n<\/div>\n<\/div>\n<div class=\"vc_row wpb_row vc_row-fluid\">\n<div class=\"wpb_column vc_column_container vc_col-sm-12\">\n<div class=\"vc_column-inner\">\n<div class=\"wpb_wrapper\">\n<div class=\"wpb_text_column wpb_content_element \">\n<div class=\"wpb_wrapper\">\n<div class=\"heading left\">\n<div class=\"heading left\">\n<div class=\"heading left\">\n<h3><strong>Ce s\u0103 iei cu tine?<\/strong><\/h3>\n<\/div>\n<div class=\"wpb_text_column wpb_content_element \">\n<div class=\"wpb_wrapper\">\n<ul>\n<li>Ochelari de soare<\/li>\n<li>P\u0103l\u0103rie de soare<\/li>\n<li>Camer\u0103<\/li>\n<li>Crem\u0103 de soare<\/li>\n<\/ul>\n<h3><strong>Durat\u0103: la cerere<\/strong><\/h3>\n<\/div>\n<\/div>\n<\/div>\n<\/div>\n<\/div>\n<\/div>\n<\/div>\n<\/div>\n<\/div>\n<\/div>\n<\/div>\n<\/div>\n<\/div>\n<\/div>\n<\/div>\n<\/div>\n<\/div>\n<\/div>\n<\/div>\n<div class=\"highlights\">\n<div class=\"wpb_text_column wpb_content_element \">\n<div class=\"wpb_wrapper\">\n<h5>Pentru orice \u00eentreb\u0103ri, contacta\u021bi-ne:<a href=\"https:\/\/wa.me\/+201550089891\" target=\"_blank\" rel=\"noopener\"><img decoding=\"async\" class=\"alignnone wp-image-13655\" src=\"https:\/\/alivoyage.com\/wp-content\/uploads\/2024\/03\/whatsapp-svgrepo-com.svg\" alt=\"\" width=\"42\" height=\"42\" \/><\/a><\/h5>\n<\/div>\n<\/div>\n<\/div>\n<div id=\"tour-included-excluded\" class=\"content-product-item tour-included-excluded-wrapper\"><\/div>\n","protected":false},"excerpt":{"rendered":"<p>Prezentare general\u0103 Turul ora\u0219ului Hurghada \u0219i Muzeul Na\u021bional Hurghada Descoperi\u021bi bogata istorie a Egiptului cu o vizit\u0103 ghidat\u0103 la Muzeul Hurghada \u0219i un tur al ora\u0219ului C\u0103l\u0103toria ta \u00eencepe cu o preluare convenabil\u0103 de la hotel \u00eentr-un vehicul cu aer condi\u021bionat. Cufund\u0103-te \u00een istoria celei mai vechi civiliza\u021bii din lume explor\u00e2nd 2.000 de artefacte originale la Muzeul din Hurghada, care prezint\u0103 epocile Egiptului Antic, perioadei copte \u0219i erei islamice. Dup\u0103 vizita la muzeu, bucur\u0103-te de timp liber pentru a explora exponatele \u00een ritmul t\u0103u propriu. Apoi, porne\u0219te \u00eentr-un tur al ora\u0219ului Hurghada, unde vei descoperi pie\u021bele sale vibrante, portul pitoresc \u0219i via\u021ba de zi cu zi agitat\u0103. Experimenteaz\u0103 farmecul \u0219i frumuse\u021bea unic\u0103 a acestui ora\u0219 de coast\u0103 \u00een timp ce te bucuri de cultura \u0219i obiectivele turistice locale. Ziua se \u00eencheie cu \u00eentoarcerea la hotel, plin\u0103 de amintiri de neuitat at\u00e2t despre istorie, c\u00e2t \u0219i despre Hurghada modern\u0103. Repere: Muzeul din Hurghada Preluare \u0219i returnare de la hotel \u00eentr-un vehicul cu aer condi\u021bionat Exploreaz\u0103 peste 2.000 de artefacte la Muzeul din Hurghada \u00cenva\u021b\u0103 despre Egiptul Antic, perioada copt\u0103 \u0219i epoca islamic\u0103 Bucura\u021bi-v\u0103 de timp liber pentru a explora muzeul \u00een ritmul propriu Tur ghidat al ora\u0219ului Hurghada prin pie\u021bele vibrante \u0219i portul pitoresc al ora\u0219ului Experimenta\u021bi cultura local\u0103 \u0219i frumuse\u021bea ora\u0219ului de coast\u0103 \u00centoarcerea la hotel dup\u0103 o zi \u00eentreag\u0103 de explorare Ce s\u0103 iei cu tine? Ochelari de soare P\u0103l\u0103rie de soare Camer\u0103 Crem\u0103 de soare Durat\u0103: la cerere Pentru orice \u00eentreb\u0103ri, contacta\u021bi-ne:<\/p>\n","protected":false},"featured_media":13425,"comment_status":"open","ping_status":"closed","template":"","meta":{"_monsterinsights_skip_tracking":false,"_monsterinsights_sitenote_active":false,"_monsterinsights_sitenote_note":"","_monsterinsights_sitenote_category":0},"product_brand":[],"product_cat":[101],"product_tag":[],"class_list":{"0":"post-13424","1":"product","2":"type-product","3":"status-publish","4":"has-post-thumbnail","6":"product_cat-excursii-in-familie","8":"first","9":"instock","10":"shipping-taxable","11":"purchasable","12":"product-type-ovabrw_car_rental"},"_links":{"self":[{"href":"https:\/\/egytouregypt.com\/ro\/wp-json\/wp\/v2\/product\/13424","targetHints":{"allow":["GET"]}}],"collection":[{"href":"https:\/\/egytouregypt.com\/ro\/wp-json\/wp\/v2\/product"}],"about":[{"href":"https:\/\/egytouregypt.com\/ro\/wp-json\/wp\/v2\/types\/product"}],"replies":[{"embeddable":true,"href":"https:\/\/egytouregypt.com\/ro\/wp-json\/wp\/v2\/comments?post=13424"}],"wp:featuredmedia":[{"embeddable":true,"href":"https:\/\/egytouregypt.com\/ro\/wp-json\/wp\/v2\/media\/13425"}],"wp:attachment":[{"href":"https:\/\/egytouregypt.com\/ro\/wp-json\/wp\/v2\/media?parent=13424"}],"wp:term":[{"taxonomy":"product_brand","embeddable":true,"href":"https:\/\/egytouregypt.com\/ro\/wp-json\/wp\/v2\/product_brand?post=13424"},{"taxonomy":"product_cat","embeddable":true,"href":"https:\/\/egytouregypt.com\/ro\/wp-json\/wp\/v2\/product_cat?post=13424"},{"taxonomy":"product_tag","embeddable":true,"href":"https:\/\/egytouregypt.com\/ro\/wp-json\/wp\/v2\/product_tag?post=13424"}],"curies":[{"name":"wp","href":"https:\/\/api.w.org\/{rel}","templated":true}]}}