{"id":13450,"date":"2025-05-28T17:54:05","date_gmt":"2025-05-28T17:54:05","guid":{"rendered":"https:\/\/egytouregypt.com\/?post_type=product&#038;p=13450"},"modified":"2025-05-28T22:30:09","modified_gmt":"2025-05-28T22:30:09","slug":"turul-orasului-hurghada-si-marele-acvariu","status":"publish","type":"product","link":"https:\/\/egytouregypt.com\/ro\/produs\/turul-orasului-hurghada-si-marele-acvariu\/","title":{"rendered":"Turul ora\u0219ului Hurghada \u0219i Marele Acvariu"},"content":{"rendered":"<div class=\"desc-p havezic-single-content\">\n<div class=\"elementor-element elementor-element-6d80088b ba-content__one elementor-widget elementor-widget-gva_ba_item_content\" data-id=\"6d80088b\" data-element_type=\"widget\" data-widget_type=\"gva_ba_item_content.default\">\n<h2><\/h2>\n<div class=\"elementor-element elementor-element-f85dd7f elementor-widget elementor-widget-heading\" data-id=\"f85dd7f\" data-element_type=\"widget\" data-widget_type=\"heading.default\">\n<div class=\"elementor-widget-container\">\n<div class=\"elementor-element elementor-element-f85dd7f elementor-widget elementor-widget-heading\" data-id=\"f85dd7f\" data-element_type=\"widget\" data-widget_type=\"heading.default\">\n<div class=\"elementor-widget-container\">\n<div class=\"heading left\">\n<div class=\"heading left\">\n<div class=\"heading left\">\n<h2>Prezentare general\u0103<\/h2>\n<h3>Turul ora\u0219ului Hurghada \u0219i marele acvariu<\/h3>\n<p><strong>Experimenta\u021bi o zi memorabil\u0103 cu Marele Acvariu din Hurghada \u0219i Turul Ora\u0219ului<\/strong><\/p>\n<p>\u00cencepe\u021bi-v\u0103 ziua cu o preluare convenabil\u0103 de la hotel din Hurghada sau din zonele apropiate. Porni\u021bi \u00eentr-o c\u0103l\u0103torie prin Marele Acvariu din Hurghada, unde ve\u021bi explora peste 1.200 de specii \u00een 24 de galerii. Descoperi\u021bi o via\u021b\u0103 marin\u0103 uluitoare, inclusiv pisici de mare \u0219i rechini, \u0219i bucura\u021bi-v\u0103 de experien\u021be interactive \u00een bazinul tactil. Nu rata\u021bi mini-gr\u0103dina zoologic\u0103, unde pute\u021bi observa \u00eendeaproape fauna s\u0103lbatic\u0103 nativ\u0103.<\/p>\n<p>Dup\u0103 aventura la acvariu, continua\u021bi-v\u0103 ziua cu un tur al ora\u0219ului Hurghada. Explora\u021bi pie\u021bele vibrante, frumoasa marin\u0103 \u0219i alte repere importante care prezint\u0103 farmecul unic al ora\u0219ului. La sf\u00e2r\u0219itul turului, ve\u021bi fi transfera\u021bi confortabil \u00eenapoi la hotel.<\/p>\n<p>&nbsp;<\/p>\n<p><strong>Repere:<\/strong><\/p>\n<div class=\"vc_row wpb_row vc_row-fluid\">\n<div class=\"wpb_column vc_column_container vc_col-sm-12\">\n<div class=\"vc_column-inner\">\n<div class=\"wpb_wrapper\">\n<div class=\"wpb_text_column wpb_content_element \">\n<div class=\"wpb_wrapper\">\n<ul>\n<li>Preluare \u0219i returnare de la hotel din Hurghada sau din zonele apropiate<\/li>\n<li>Exploreaz\u0103 peste 1.200 de specii \u00een 24 de galerii la Marele Acvariu din Hurghada<\/li>\n<li>Vede\u021bi via\u021ba marin\u0103 uimitoare, cum ar fi pisici de mare \u0219i rechini<\/li>\n<li>Experien\u021b\u0103 interactiv\u0103 la rezervorul tactil<\/li>\n<li>Vizita\u021bi mini-gr\u0103dina zoologic\u0103 \u0219i admira\u021bi fauna s\u0103lbatic\u0103 nativ\u0103<\/li>\n<li>Tur ghidat al ora\u0219ului Hurghada prin pie\u021bele, portul de agrement \u0219i principalele repere<\/li>\n<\/ul>\n<h3><strong>Durat\u0103<\/strong><\/h3>\n<p>Prima c\u0103l\u0103torie:<\/p>\n<p>Preluare: \u00cen jurul orei 09:30 (\u00een func\u021bie de loca\u021bia hotelului dvs. \u00een Hurghada)<\/p>\n<p>A doua c\u0103l\u0103torie:<\/p>\n<p>Preluare: \u00cen jurul orei 13:30 (\u00cen func\u021bie de loca\u021bia hotelului dvs. \u00een Hurghada)<\/p>\n<\/div>\n<\/div>\n<\/div>\n<\/div>\n<\/div>\n<\/div>\n<\/div>\n<\/div>\n<\/div>\n<\/div>\n<\/div>\n<\/div>\n<\/div>\n<\/div>\n<\/div>\n<div class=\"highlights\">\n<div class=\"wpb_text_column wpb_content_element \">\n<div class=\"wpb_wrapper\">\n<h5>Pentru orice \u00eentreb\u0103ri, contacta\u021bi-ne:<a href=\"https:\/\/wa.me\/+201550089891\" target=\"_blank\" rel=\"noopener\"><img decoding=\"async\" class=\"alignnone wp-image-13655\" src=\"https:\/\/alivoyage.com\/wp-content\/uploads\/2024\/03\/whatsapp-svgrepo-com.svg\" alt=\"\" width=\"42\" height=\"42\" \/><\/a><\/h5>\n<\/div>\n<\/div>\n<\/div>\n<div id=\"tour-included-excluded\" class=\"content-product-item tour-included-excluded-wrapper\"><\/div>\n","protected":false},"excerpt":{"rendered":"<p>Prezentare general\u0103 Turul ora\u0219ului Hurghada \u0219i marele acvariu Experimenta\u021bi o zi memorabil\u0103 cu Marele Acvariu din Hurghada \u0219i Turul Ora\u0219ului \u00cencepe\u021bi-v\u0103 ziua cu o preluare convenabil\u0103 de la hotel din Hurghada sau din zonele apropiate. Porni\u021bi \u00eentr-o c\u0103l\u0103torie prin Marele Acvariu din Hurghada, unde ve\u021bi explora peste 1.200 de specii \u00een 24 de galerii. Descoperi\u021bi o via\u021b\u0103 marin\u0103 uluitoare, inclusiv pisici de mare \u0219i rechini, \u0219i bucura\u021bi-v\u0103 de experien\u021be interactive \u00een bazinul tactil. Nu rata\u021bi mini-gr\u0103dina zoologic\u0103, unde pute\u021bi observa \u00eendeaproape fauna s\u0103lbatic\u0103 nativ\u0103. Dup\u0103 aventura la acvariu, continua\u021bi-v\u0103 ziua cu un tur al ora\u0219ului Hurghada. Explora\u021bi pie\u021bele vibrante, frumoasa marin\u0103 \u0219i alte repere importante care prezint\u0103 farmecul unic al ora\u0219ului. La sf\u00e2r\u0219itul turului, ve\u021bi fi transfera\u021bi confortabil \u00eenapoi la hotel. &nbsp; Repere: Preluare \u0219i returnare de la hotel din Hurghada sau din zonele apropiate Exploreaz\u0103 peste 1.200 de specii \u00een 24 de galerii la Marele Acvariu din Hurghada Vede\u021bi via\u021ba marin\u0103 uimitoare, cum ar fi pisici de mare \u0219i rechini Experien\u021b\u0103 interactiv\u0103 la rezervorul tactil Vizita\u021bi mini-gr\u0103dina zoologic\u0103 \u0219i admira\u021bi fauna s\u0103lbatic\u0103 nativ\u0103 Tur ghidat al ora\u0219ului Hurghada prin pie\u021bele, portul de agrement \u0219i principalele repere Durat\u0103 Prima c\u0103l\u0103torie: Preluare: \u00cen jurul orei 09:30 (\u00een func\u021bie de loca\u021bia hotelului dvs. \u00een Hurghada) A doua c\u0103l\u0103torie: Preluare: \u00cen jurul orei 13:30 (\u00cen func\u021bie de loca\u021bia hotelului dvs. \u00een Hurghada) Pentru orice \u00eentreb\u0103ri, contacta\u021bi-ne:<\/p>\n","protected":false},"featured_media":13451,"comment_status":"open","ping_status":"closed","template":"","meta":{"_monsterinsights_skip_tracking":false,"_monsterinsights_sitenote_active":false,"_monsterinsights_sitenote_note":"","_monsterinsights_sitenote_category":0},"product_brand":[],"product_cat":[101],"product_tag":[],"class_list":{"0":"post-13450","1":"product","2":"type-product","3":"status-publish","4":"has-post-thumbnail","6":"product_cat-excursii-in-familie","8":"first","9":"instock","10":"shipping-taxable","11":"purchasable","12":"product-type-ovabrw_car_rental"},"_links":{"self":[{"href":"https:\/\/egytouregypt.com\/ro\/wp-json\/wp\/v2\/product\/13450","targetHints":{"allow":["GET"]}}],"collection":[{"href":"https:\/\/egytouregypt.com\/ro\/wp-json\/wp\/v2\/product"}],"about":[{"href":"https:\/\/egytouregypt.com\/ro\/wp-json\/wp\/v2\/types\/product"}],"replies":[{"embeddable":true,"href":"https:\/\/egytouregypt.com\/ro\/wp-json\/wp\/v2\/comments?post=13450"}],"wp:featuredmedia":[{"embeddable":true,"href":"https:\/\/egytouregypt.com\/ro\/wp-json\/wp\/v2\/media\/13451"}],"wp:attachment":[{"href":"https:\/\/egytouregypt.com\/ro\/wp-json\/wp\/v2\/media?parent=13450"}],"wp:term":[{"taxonomy":"product_brand","embeddable":true,"href":"https:\/\/egytouregypt.com\/ro\/wp-json\/wp\/v2\/product_brand?post=13450"},{"taxonomy":"product_cat","embeddable":true,"href":"https:\/\/egytouregypt.com\/ro\/wp-json\/wp\/v2\/product_cat?post=13450"},{"taxonomy":"product_tag","embeddable":true,"href":"https:\/\/egytouregypt.com\/ro\/wp-json\/wp\/v2\/product_tag?post=13450"}],"curies":[{"name":"wp","href":"https:\/\/api.w.org\/{rel}","templated":true}]}}